{"id":1072,"date":"2024-02-02T15:03:47","date_gmt":"2024-02-02T20:03:47","guid":{"rendered":"https:\/\/artsvisuelsgatineau.com\/?page_id=1072"},"modified":"2025-01-24T13:17:23","modified_gmt":"2025-01-24T18:17:23","slug":"exposition-printaniere-2025","status":"publish","type":"page","link":"https:\/\/artsvisuelsgatineau.com\/en\/exposition-printaniere-2025\/","title":{"rendered":"2025 Spring Show"},"content":{"rendered":"<div class=\"frm_forms  with_frm_style frm_style_formidable-style\" id=\"frm_form_5_container\" data-token=\"c3d5efd5352c34f63794edcfc83642d0\">\n<form enctype=\"multipart\/form-data\" method=\"post\" class=\"frm-show-form \" id=\"form_exposition-printaniere-2024\" data-token=\"c3d5efd5352c34f63794edcfc83642d0\">\n<div class=\"frm_form_fields \">\n<fieldset>\n<legend class=\"frm_screen_reader\">Exposition printani\u00e8re 2025<\/legend>\r\n\r\n<div class=\"frm_fields_container\">\n<input type=\"hidden\" name=\"frm_action\" value=\"create\" \/>\n<input type=\"hidden\" name=\"form_id\" value=\"5\" \/>\n<input type=\"hidden\" name=\"frm_hide_fields_5\" id=\"frm_hide_fields_5\" value=\"\" \/>\n<input type=\"hidden\" name=\"form_key\" value=\"exposition-printaniere-2024\" \/>\n<input type=\"hidden\" name=\"item_meta[0]\" value=\"\" \/>\n<input type=\"hidden\" id=\"frm_submit_entry_5\" name=\"frm_submit_entry_5\" value=\"6fa114e4ac\" \/><input type=\"hidden\" name=\"_wp_http_referer\" value=\"\/en\/wp-json\/wp\/v2\/pages\/1072\" \/><div id=\"frm_field_36_container\" class=\"frm_form_field form-field  frm_required_field frm_top_container\">\r\n    <div  id=\"field_211eb_label\" class=\"frm_primary_label\">Nom complet\r\n        <span class=\"frm_required\" aria-hidden=\"true\">*<\/span>\r\n    <\/div>\r\n    <fieldset aria-labelledby=\"field_211eb_label\">\n\t<legend class=\"frm_screen_reader frm_hidden\">\n\t\tNom complet\t<\/legend>\n\n\t<div  class=\"frm_combo_inputs_container\" id=\"frm_combo_inputs_container_36\" data-name-layout=\"first_last\">\n\t\t\t\t\t<div\n\t\t\t\tid=\"frm_field_36-first_container\"\n\t\t\t\tclass=\"frm_form_field form-field frm_form_subfield-first  frm6\"\n\t\t\t\tdata-sub-field-name=\"first\"\n\t\t\t>\n\t\t\t\t<label for=\"field_211eb_first\" class=\"frm_screen_reader frm_hidden\">\n\t\t\t\t\tPr\u00e9nom\t\t\t\t<\/label>\n\n\t\t\t\t<input  type=\"text\" id=\"field_211eb_first\" value=\"\" name=\"item_meta[36][first]\" autocomplete=\"given-name\" data-reqmsg=\"Nom complet cannot be blank.\" aria-required=\"true\" data-invmsg=\"Nom complet is invalid\" aria-invalid=\"false\"  \/><div class=\"frm_description\" id=\"frm_field_36_first_desc\">Pr\u00e9nom<\/div>\t\t\t<\/div>\n\t\t\t\t\t\t<div\n\t\t\t\tid=\"frm_field_36-last_container\"\n\t\t\t\tclass=\"frm_form_field form-field frm_form_subfield-last  frm6\"\n\t\t\t\tdata-sub-field-name=\"last\"\n\t\t\t>\n\t\t\t\t<label for=\"field_211eb_last\" class=\"frm_screen_reader frm_hidden\">\n\t\t\t\t\tNom de famille\t\t\t\t<\/label>\n\n\t\t\t\t<input  type=\"text\" id=\"field_211eb_last\" value=\"\" name=\"item_meta[36][last]\" autocomplete=\"family-name\" data-reqmsg=\"Nom complet cannot be blank.\" aria-required=\"true\" data-invmsg=\"Nom complet is invalid\" aria-invalid=\"false\"  \/><div class=\"frm_description\" id=\"frm_field_36_last_desc\">Nom de famille<\/div>\t\t\t<\/div>\n\t\t\t\t<\/div>\n<\/fieldset>\n\r\n    \r\n    \r\n<\/div>\n<div id=\"frm_field_37_container\" class=\"frm_form_field form-field  frm_required_field frm_top_container\">\r\n    <label for=\"field_ob6xn\" id=\"field_ob6xn_label\" class=\"frm_primary_label\">Adresse\r\n        <span class=\"frm_required\" aria-hidden=\"true\">*<\/span>\r\n    <\/label>\r\n    <input type=\"text\" id=\"field_ob6xn\" name=\"item_meta[37]\" value=\"\"  data-reqmsg=\"Adresse cannot be blank.\" aria-required=\"true\" data-invmsg=\"Text is invalid\" aria-invalid=\"false\"  \/>\r\n    \r\n    \r\n<\/div>\n<div id=\"frm_field_38_container\" class=\"frm_form_field form-field  frm_required_field frm_top_container\">\r\n    <label for=\"field_8un2v\" id=\"field_8un2v_label\" class=\"frm_primary_label\">T\u00e9l\u00e9phone\r\n        <span class=\"frm_required\" aria-hidden=\"true\">*<\/span>\r\n    <\/label>\r\n    <input type=\"tel\" id=\"field_8un2v\" name=\"item_meta[38]\" value=\"\"  data-reqmsg=\"T\u00e9l\u00e9phone cannot be blank.\" aria-required=\"true\" data-invmsg=\"Phone is invalid\" aria-invalid=\"false\" pattern=\"((\\+\\d{1,3}(-|.| )?\\(?\\d\\)?(-| |.)?\\d{1,5})|(\\(?\\d{2,6}\\)?))(-|.| )?(\\d{3,4})(-|.| )?(\\d{4})(( x| ext)\\d{1,5}){0,1}$\"  \/>\r\n    \r\n    \r\n<\/div>\n<div id=\"frm_field_39_container\" class=\"frm_form_field form-field  frm_required_field frm_top_container\">\r\n    <label for=\"field_5c04l\" id=\"field_5c04l_label\" class=\"frm_primary_label\">Courriel\r\n        <span class=\"frm_required\" aria-hidden=\"true\">*<\/span>\r\n    <\/label>\r\n    <input type=\"email\" id=\"field_5c04l\" name=\"item_meta[39]\" value=\"\"  data-reqmsg=\"Courriel cannot be blank.\" aria-required=\"true\" data-invmsg=\"Le courriel est invalide\" aria-invalid=\"false\"  \/>\r\n    \r\n    \r\n<\/div>\n<div id=\"frm_field_40_container\" class=\"frm_form_field form-field  frm_required_field frm_top_container\">\r\n    <label for=\"field_zg4p\" id=\"field_zg4p_label\" class=\"frm_primary_label\">M\u00e9dium\r\n        <span class=\"frm_required\" aria-hidden=\"true\">*<\/span>\r\n    <\/label>\r\n    <input type=\"text\" id=\"field_zg4p\" name=\"item_meta[40]\" value=\"\"  data-reqmsg=\"M\u00e9dium cannot be blank.\" aria-required=\"true\" data-invmsg=\"Text is invalid\" aria-invalid=\"false\"  \/>\r\n    \r\n    \r\n<\/div>\n<div id=\"frm_field_45_container\" class=\"frm_form_field form-field  frm_top_container vertical_radio\">\r\n    <div  id=\"field_s6g2s_label\" class=\"frm_primary_label\">Veuillez cocher les options ci-dessous si vous en avez besoin :\r\n        <span class=\"frm_required\" aria-hidden=\"true\"><\/span>\r\n    <\/div>\r\n    <div class=\"frm_opt_container\" aria-labelledby=\"field_s6g2s_label\" role=\"group\">\t\t<div class=\"frm_checkbox\" id=\"frm_checkbox_45-0\">\t\t\t<label  for=\"field_s6g2s-0\">\n\t\t\t<input type=\"checkbox\" name=\"item_meta[45][]\" id=\"field_s6g2s-0\" value=\"Je suis artisan ou artisane et j&#039;ai besoin d&#039;une table de 6 pieds\"  data-invmsg=\"Veuillez cocher les options ci-dessous si vous en avez besoin : is invalid\"   \/> Je suis artisan ou artisane et j&#8217;ai besoin d&#8217;une table de 6 pieds<\/label><\/div>\n\t\t<div class=\"frm_checkbox\" id=\"frm_checkbox_45-1\">\t\t\t<label  for=\"field_s6g2s-1\">\n\t\t\t<input type=\"checkbox\" name=\"item_meta[45][]\" id=\"field_s6g2s-1\" value=\"J&#039;ai besoin de rideaux\"  data-invmsg=\"Veuillez cocher les options ci-dessous si vous en avez besoin : is invalid\"   \/> J&#8217;ai besoin de rideaux<\/label><\/div>\n<\/div>\r\n    \r\n    \r\n<\/div>\n<div id=\"frm_field_41_container\" class=\"frm_form_field  frm_html_container form-field\">\n<p><strong>Veuillez noter que pour participer \u00e0 l&#8217;exposition<\/strong> :<\/p>\n<ul>\n<li>Vous devez cocher une t\u00e2che ou plus dans la liste ci-dessous. Cette t\u00e2che peut \u00eatre faite par vous ou une personne b\u00e9n\u00e9vole que vous aurez amen\u00e9e avec vous.<\/li>\n<li>Seuls les contrats d\u2019inscription d\u00fbment pay\u00e9s au plus tard le\u00a0<strong>13 mars 2025<\/strong>, d&#8217;une somme de <strong>100$<\/strong> seront accept\u00e9s. <strong>Aucun remboursement n&#8217;est accord\u00e9 \u00e0 moins de forces majeures.<\/strong><\/li>\n<li>Vous devez envoyer \u00e0 <a href=\"mailto:bonjour@artsvisuelsgatineau.com\">bonjour@artsvisuelsgatineau.com<\/a> votre <strong>d\u00e9marche artistique de 50 mots, vos informations de contact<\/strong> (ex. : courriel, t\u00e9l\u00e9phone et site Web) <strong>et cinq photos d&#8217;oeuvres<\/strong> repr\u00e9sentant le style qui sera expos\u00e9, <strong>ainsi que leurs informations de cartel<\/strong>. Ces informations ont comme but d&#8217;\u00eatre utilis\u00e9es pour la publicit\u00e9 de l&#8217;\u00e9v\u00e9nement. Vous acceptez que les images de vos \u0153uvres soient ajust\u00e9es pour les besoins de la publicit\u00e9.<\/li>\n<\/ul>\n<\/div>\n<div id=\"frm_field_42_container\" class=\"frm_form_field form-field  frm_top_container vertical_radio\">\r\n    <div  id=\"field_ead9g_label\" class=\"frm_primary_label\">Veuillez cocher une ou des t\u00e2ches sur la liste suivante :\r\n        <span class=\"frm_required\" aria-hidden=\"true\"><\/span>\r\n    <\/div>\r\n    <div class=\"frm_opt_container\" aria-labelledby=\"field_ead9g_label\" role=\"group\">\t\t<div class=\"frm_checkbox\" id=\"frm_checkbox_42-0\">\t\t\t<label  for=\"field_ead9g-0\">\n\t\t\t<input type=\"checkbox\" name=\"item_meta[42][]\" id=\"field_ead9g-0\" value=\"Participer \u00e0 la distribution des cartons de publicit\u00e9 avant l&#039;exposition.\"  data-invmsg=\"Veuillez cocher une ou des t\u00e2ches sur la liste suivante : is invalid\"   \/> Participer \u00e0 la distribution des cartons de publicit\u00e9 avant l&#8217;exposition.<\/label><\/div>\n\t\t<div class=\"frm_checkbox\" id=\"frm_checkbox_42-1\">\t\t\t<label  for=\"field_ead9g-1\">\n\t\t\t<input type=\"checkbox\" name=\"item_meta[42][]\" id=\"field_ead9g-1\" value=\"Assembler les affichettes pour chaque kiosque et faire les cocardes des participants : ce travail doit \u00eatre fait au local Ch\u00e9nier une semaine avant l&#039;exposition. Ceci est l&#039;\u00e9quivalant d&#039;une demi-journ\u00e9e.\"  data-invmsg=\"Veuillez cocher une ou des t\u00e2ches sur la liste suivante : is invalid\"   \/> Assembler les affichettes pour chaque kiosque et faire les cocardes des participants : ce travail doit \u00eatre fait au local Ch\u00e9nier une semaine avant l&#8217;exposition. Ceci est l&#8217;\u00e9quivalant d&#8217;une demi-journ\u00e9e.<\/label><\/div>\n\t\t<div class=\"frm_checkbox\" id=\"frm_checkbox_42-3\">\t\t\t<label  for=\"field_ead9g-3\">\n\t\t\t<input type=\"checkbox\" name=\"item_meta[42][]\" id=\"field_ead9g-3\" value=\"Participer \u00e0 l&#039;installation des grillages et le montage de la salle durant la journ\u00e9e du jeudi.\"  data-invmsg=\"Veuillez cocher une ou des t\u00e2ches sur la liste suivante : is invalid\"   \/> Participer \u00e0 l&#8217;installation des grillages et le montage de la salle durant la journ\u00e9e du jeudi.<\/label><\/div>\n\t\t<div class=\"frm_checkbox\" id=\"frm_checkbox_42-4\">\t\t\t<label  for=\"field_ead9g-4\">\n\t\t\t<input type=\"checkbox\" name=\"item_meta[42][]\" id=\"field_ead9g-4\" value=\"Participer au d\u00e9montage des grillages et de l&#039;exposition (juste apr\u00e8s la fin de l&#039;exposition).\"  data-invmsg=\"Veuillez cocher une ou des t\u00e2ches sur la liste suivante : is invalid\"   \/> Participer au d\u00e9montage des grillages et de l&#8217;exposition (juste apr\u00e8s la fin de l&#8217;exposition).<\/label><\/div>\n\t\t<div class=\"frm_checkbox\" id=\"frm_checkbox_42-5\">\t\t\t<label  for=\"field_ead9g-5\">\n\t\t\t<input type=\"checkbox\" name=\"item_meta[42][]\" id=\"field_ead9g-5\" value=\"Coller les nouvelles dates sur les affiches qui vont aller dans les rues.\"  data-invmsg=\"Veuillez cocher une ou des t\u00e2ches sur la liste suivante : is invalid\"   \/> Coller les nouvelles dates sur les affiches qui vont aller dans les rues.<\/label><\/div>\n\t\t<div class=\"frm_checkbox\" id=\"frm_checkbox_42-6\">\t\t\t<label  for=\"field_ead9g-6\">\n\t\t\t<input type=\"checkbox\" name=\"item_meta[42][]\" id=\"field_ead9g-6\" value=\"Participer \u00e0 l&#039;installation des affiches dans les rues avant l&#039;exposition et les ramasser apr\u00e8s.\"  data-invmsg=\"Veuillez cocher une ou des t\u00e2ches sur la liste suivante : is invalid\"   \/> Participer \u00e0 l&#8217;installation des affiches dans les rues avant l&#8217;exposition et les ramasser apr\u00e8s.<\/label><\/div>\n\t\t<div class=\"frm_checkbox\" id=\"frm_checkbox_42-7\">\t\t\t<label  for=\"field_ead9g-7\">\n\t\t\t<input type=\"checkbox\" name=\"item_meta[42][]\" id=\"field_ead9g-7\" value=\"Donnez deux heures de votre temps le vendredi 25 avril 2025, entre 13h et 16h, afin d\u2019aider \u00e0 la finalisation du montage de l\u2019exposition.\"  data-invmsg=\"Veuillez cocher une ou des t\u00e2ches sur la liste suivante : is invalid\"   \/> Donnez deux heures de votre temps le vendredi 25 avril 2025, entre 13h et 16h, afin d\u2019aider \u00e0 la finalisation du montage de l\u2019exposition.<\/label><\/div>\n\t\t<div class=\"frm_checkbox\" id=\"frm_checkbox_42-8\">\t\t\t<label  for=\"field_ead9g-8\">\n\t\t\t<input type=\"checkbox\" name=\"item_meta[42][]\" id=\"field_ead9g-8\" value=\"Accueillir le public \u00e0 la table d&#039;accueil pendant l&#039;exposition (deux blocs de 30 minutes).\"  data-invmsg=\"Veuillez cocher une ou des t\u00e2ches sur la liste suivante : is invalid\"   \/> Accueillir le public \u00e0 la table d&#8217;accueil pendant l&#8217;exposition (deux blocs de 30 minutes).<\/label><\/div>\n<\/div>\r\n    \r\n    \r\n<\/div>\n<div id=\"frm_field_43_container\" class=\"frm_form_field  frm_html_container form-field\">\n<p>Une confirmation de participation ou un refus par manque de place vous sera envoy\u00e9e dans un d\u00e9lai d&#8217;une \u00e0 deux semaines apr\u00e8s r\u00e9ception de votre dossier complet. Les personnes non retenues seront rembours\u00e9es.<\/p>\n<p>Les participants doivent assurer une pr\u00e9sence \u00e0 leur kiosque durant toute la dur\u00e9e de l&#8217;exposition. Un non-respect de cette condition entrainera un refus de participation aux prochaines expositions printani\u00e8res.<\/p>\n<\/div>\n<div id=\"frm_field_44_container\" class=\"frm_form_field form-field  frm_required_field frm_top_container vertical_radio\">\r\n    <div  id=\"field_l5agj_label\" class=\"frm_primary_label\">Je d\u00e9sire louer un espace pour l&#8217;exposition. J&#8217;ai pris connaissance des r\u00e8glements et je m&#8217;engage \u00e0 les respecter.\r\n        <span class=\"frm_required\" aria-hidden=\"true\">*<\/span>\r\n    <\/div>\r\n    <div class=\"frm_opt_container\" aria-labelledby=\"field_l5agj_label\" role=\"group\">\t\t<div class=\"frm_checkbox\" id=\"frm_checkbox_44-0\">\t\t\t<label  for=\"field_l5agj-0\">\n\t\t\t<input type=\"checkbox\" name=\"item_meta[44][]\" id=\"field_l5agj-0\" value=\"Cochez pour signature.\"  data-reqmsg=\"Je d\u00e9sire louer un espace pour l&#039;exposition. J&#039;ai pris connaissance des r\u00e8glements et je m&#039;engage \u00e0 les respecter. cannot be blank.\" data-invmsg=\"Je d\u00e9sire louer un espace pour l&#039;exposition. J&#039;ai pris connaissance des r\u00e8glements et je m&#039;engage \u00e0 les respecter. is invalid\"   aria-required=\"true\"  \/> Cochez pour signature.<\/label><\/div>\n<\/div>\r\n    \r\n    \r\n<\/div>\n<div id=\"frm_field_46_container\" class=\"frm_form_field form-field \">\r\n\t<div class=\"frm_submit frm_flex\">\r\n<button class=\"frm_button_submit\" type=\"submit\"  >Envoyer<\/button>\r\n\r\n\r\n\r\n<\/div>\r\n<\/div>\n\t<input type=\"hidden\" name=\"item_key\" value=\"\" \/>\n\t\t\t<div id=\"frm_field_63_container\">\n\t\t\t<label for=\"field_8j0g5\" >\n\t\t\t\tIf you are human, leave this field blank.\t\t\t<\/label>\n\t\t\t<input  id=\"field_8j0g5\" type=\"text\" class=\"frm_form_field form-field frm_verify\" name=\"item_meta[63]\" value=\"\"  \/>\n\t\t<\/div>\n\t\t<input name=\"frm_state\" type=\"hidden\" value=\"+L9Yqru75\/xD7uuWLOqLweapxuuR\/KDbG7Ksyu8C7K8=\" \/><\/div>\n<\/fieldset>\n<\/div>\n\n<\/form>\n<\/div>\n","protected":false},"excerpt":{"rendered":"","protected":false},"author":1,"featured_media":0,"parent":0,"menu_order":0,"comment_status":"closed","ping_status":"closed","template":"","meta":{"footnotes":""},"class_list":["post-1072","page","type-page","status-publish","hentry"],"_links":{"self":[{"href":"https:\/\/artsvisuelsgatineau.com\/en\/wp-json\/wp\/v2\/pages\/1072","targetHints":{"allow":["GET"]}}],"collection":[{"href":"https:\/\/artsvisuelsgatineau.com\/en\/wp-json\/wp\/v2\/pages"}],"about":[{"href":"https:\/\/artsvisuelsgatineau.com\/en\/wp-json\/wp\/v2\/types\/page"}],"author":[{"embeddable":true,"href":"https:\/\/artsvisuelsgatineau.com\/en\/wp-json\/wp\/v2\/users\/1"}],"replies":[{"embeddable":true,"href":"https:\/\/artsvisuelsgatineau.com\/en\/wp-json\/wp\/v2\/comments?post=1072"}],"version-history":[{"count":4,"href":"https:\/\/artsvisuelsgatineau.com\/en\/wp-json\/wp\/v2\/pages\/1072\/revisions"}],"predecessor-version":[{"id":2196,"href":"https:\/\/artsvisuelsgatineau.com\/en\/wp-json\/wp\/v2\/pages\/1072\/revisions\/2196"}],"wp:attachment":[{"href":"https:\/\/artsvisuelsgatineau.com\/en\/wp-json\/wp\/v2\/media?parent=1072"}],"curies":[{"name":"wp","href":"https:\/\/api.w.org\/{rel}","templated":true}]}}