{"id":223,"date":"2023-10-09T10:58:11","date_gmt":"2023-10-09T14:58:11","guid":{"rendered":"https:\/\/artsvisuelsgatineau.com\/?page_id=223"},"modified":"2025-11-05T20:00:19","modified_gmt":"2025-11-06T01:00:19","slug":"devenir-membre","status":"publish","type":"page","link":"https:\/\/artsvisuelsgatineau.com\/en\/devenir-membre\/","title":{"rendered":"Become a member"},"content":{"rendered":"<p>Arts visuels de Gatineau (AVG) offers various services, activities and exhibitions to its members. <strong>New members must be 18 years old<\/strong> and pay an annual membership fee of $25 (for the period from September 1st to August 31st of each year). For renewals, it's $ 25 before October 15th. After this date, the fee is $ 35.<\/p>\n\n\n\n<p><strong>In addition, with your membership card, you can get attractive discounts at the following locations:<\/strong><\/p>\n\n\n\n<ul class=\"wp-block-list\">\n<li>Arts visuels de Gatineau: discount on the cost of certain courses or workshops, exhibitions, access to public market events, etc;<\/li>\n\n\n\n<li>A l\u2019\u00e9chelle du monde: 74 Gr\u00e9ber Blvd, Gatineau: 10% to 15%;<\/li>\n\n\n\n<li>Encadrement 2000 : 181 Principale Street, Gatineau: 10%;<\/li>\n\n\n\n<li>Espace 33: 33 Principale Street, Gatineau: discount on framing to discuss;<\/li>\n\n\n\n<li>L'Encadr\u00e9 : 851, St-Ren\u00e9 Blv. Unit A, Gatineau : 15%<\/li>\n<\/ul>\n\n\n\n<hr class=\"wp-block-separator has-alpha-channel-opacity\"\/>\n\n\n\n<p><strong><mark style=\"background-color:rgba(0, 0, 0, 0)\" class=\"has-inline-color has-vivid-red-color\">New in 2025: your artistic CV<\/mark><\/strong><\/p>\n\n\n\n<p>To better know our members and highlight their artistic journey, we kindly ask that you send us your&nbsp;<strong>artist CV<\/strong>&nbsp;(if you have one).<br>You can attach it to your renewal email or include it with your mailed documents.<\/p>\n\n\n\n<p>Example of artistic CV<\/p>\n\n\n\n<figure class=\"wp-block-image size-full is-resized\"><a href=\"https:\/\/artsvisuelsgatineau.com\/wp-content\/uploads\/2025\/08\/Curriculum-Vitae-artistique-exemple-1.docx\"><img loading=\"lazy\" decoding=\"async\" width=\"308\" height=\"315\" src=\"https:\/\/artsvisuelsgatineau.com\/wp-content\/uploads\/2025\/08\/Word.jpg\" alt=\"\" class=\"wp-image-2700\" style=\"width:88px;height:auto\" srcset=\"https:\/\/artsvisuelsgatineau.com\/wp-content\/uploads\/2025\/08\/Word.jpg 308w, https:\/\/artsvisuelsgatineau.com\/wp-content\/uploads\/2025\/08\/Word-293x300.jpg 293w, https:\/\/artsvisuelsgatineau.com\/wp-content\/uploads\/2025\/08\/Word-12x12.jpg 12w\" sizes=\"auto, (max-width: 308px) 100vw, 308px\" \/><\/a><\/figure>\n\n\n\n<p><strong>To become a member<\/strong>&nbsp;<\/p>\n\n\n\n<p>Complete the electronic membership form&nbsp;<a href=\"\/en\/formulaire-dadhesion\/\" title=\"\"><strong>(here)<\/strong><\/a>&nbsp;and pay by credit card.<\/p>\n\n\n\n<figure class=\"wp-block-image size-full is-resized\"><a href=\"\/en\/formulaire-dadhesion\/\" rel=\"\/wordpress\/formulaire-dadhesion\/\"><img loading=\"lazy\" decoding=\"async\" width=\"225\" height=\"225\" src=\"https:\/\/artsvisuelsgatineau.com\/wp-content\/uploads\/Logos_images\/Logo-form.jpg\" alt=\"\" class=\"wp-image-237\" style=\"width:93px;height:93px\" srcset=\"https:\/\/artsvisuelsgatineau.com\/wp-content\/uploads\/Logos_images\/Logo-form.jpg 225w, https:\/\/artsvisuelsgatineau.com\/wp-content\/uploads\/Logos_images\/Logo-form-200x200.jpg 200w, https:\/\/artsvisuelsgatineau.com\/wp-content\/uploads\/Logos_images\/Logo-form-100x100.jpg 100w, https:\/\/artsvisuelsgatineau.com\/wp-content\/uploads\/Logos_images\/Logo-form-150x150.jpg 150w, https:\/\/artsvisuelsgatineau.com\/wp-content\/uploads\/Logos_images\/Logo-form-12x12.jpg 12w\" sizes=\"auto, (max-width: 225px) 100vw, 225px\" \/><\/a><\/figure>\n\n\n\n<p>As an alternative, you can complete the paper membership form<\/p>\n\n\n\n<figure class=\"wp-block-image size-full is-resized\"><a href=\"https:\/\/artsvisuelsgatineau.com\/wp-content\/uploads\/PDF\/Formulaire_dadhsion_2021.pdf\"><img loading=\"lazy\" decoding=\"async\" width=\"121\" height=\"121\" src=\"https:\/\/artsvisuelsgatineau.com\/wp-content\/uploads\/Logos_images\/Logo_PDF.jpg\" alt=\"\" class=\"wp-image-67\" style=\"width:94px;height:94px\" srcset=\"https:\/\/artsvisuelsgatineau.com\/wp-content\/uploads\/Logos_images\/Logo_PDF.jpg 121w, https:\/\/artsvisuelsgatineau.com\/wp-content\/uploads\/Logos_images\/Logo_PDF-100x100.jpg 100w, https:\/\/artsvisuelsgatineau.com\/wp-content\/uploads\/Logos_images\/Logo_PDF-12x12.jpg 12w\" sizes=\"auto, (max-width: 121px) 100vw, 121px\" \/><\/a><\/figure>\n\n\n\n<p><strong><a href=\"https:\/\/artsvisuelsgatineau.com\/en\/images\/PDF\/Formulaire_dadhsion_2021.pdf\/\"><\/a>&nbsp;<\/strong>and mail it with a check to:<\/p>\n\n\n\n<p><strong>Arts visuels de Gatineau (Attention&nbsp;: Adh\u00e9sion)<\/strong><br>PO Box 224, Gatineau, Qc  J9H 5E5<\/p>\n\n\n\n<div class=\"wp-block-buttons is-layout-flex wp-block-buttons-is-layout-flex\">\n<div class=\"wp-block-button\"><a class=\"wp-block-button__link wp-element-button\" href=\"\/en\/product\/adhesion\/\">Online payment<\/a><\/div>\n<\/div>","protected":false},"excerpt":{"rendered":"<p>Arts visuels de Gatineau (AVG) offre divers services, activit\u00e9s et expositions \u00e0 ses membres. Les membres doivent \u00eatre \u00e2g\u00e9s de 18 ans et payer&hellip;<\/p>","protected":false},"author":1,"featured_media":0,"parent":0,"menu_order":0,"comment_status":"closed","ping_status":"closed","template":"","meta":{"footnotes":""},"class_list":["post-223","page","type-page","status-publish","hentry"],"_links":{"self":[{"href":"https:\/\/artsvisuelsgatineau.com\/en\/wp-json\/wp\/v2\/pages\/223","targetHints":{"allow":["GET"]}}],"collection":[{"href":"https:\/\/artsvisuelsgatineau.com\/en\/wp-json\/wp\/v2\/pages"}],"about":[{"href":"https:\/\/artsvisuelsgatineau.com\/en\/wp-json\/wp\/v2\/types\/page"}],"author":[{"embeddable":true,"href":"https:\/\/artsvisuelsgatineau.com\/en\/wp-json\/wp\/v2\/users\/1"}],"replies":[{"embeddable":true,"href":"https:\/\/artsvisuelsgatineau.com\/en\/wp-json\/wp\/v2\/comments?post=223"}],"version-history":[{"count":28,"href":"https:\/\/artsvisuelsgatineau.com\/en\/wp-json\/wp\/v2\/pages\/223\/revisions"}],"predecessor-version":[{"id":2849,"href":"https:\/\/artsvisuelsgatineau.com\/en\/wp-json\/wp\/v2\/pages\/223\/revisions\/2849"}],"wp:attachment":[{"href":"https:\/\/artsvisuelsgatineau.com\/en\/wp-json\/wp\/v2\/media?parent=223"}],"curies":[{"name":"wp","href":"https:\/\/api.w.org\/{rel}","templated":true}]}}