{"id":2879,"date":"2025-11-13T15:07:28","date_gmt":"2025-11-13T20:07:28","guid":{"rendered":"https:\/\/artsvisuelsgatineau.com\/?page_id=2879"},"modified":"2026-01-09T14:13:19","modified_gmt":"2026-01-09T19:13:19","slug":"nouvelle-adhesion","status":"publish","type":"page","link":"https:\/\/artsvisuelsgatineau.com\/en\/nouvelle-adhesion\/","title":{"rendered":"New membership"},"content":{"rendered":"<p>Become a member of Arts Visuels de Gatineau (AVG) to access our various <strong>services, activities and exhibitions<\/strong>&nbsp;and at our reduced rates!&nbsp;<\/p>\n\n\n\n<p>You can become a member at any time of the year, but memberships end on a fixed date, namely the <strong>August 31st of each year<\/strong>, regardless of the date of membership. You will therefore need to&nbsp;<a href=\"\/en\/renouvellement\/\">renew your membership<\/a>&nbsp;before this date to continue to benefit from your advantages the following year.<\/p>\n\n\n\n<p><strong>Membership requirements:<\/strong><\/p>\n\n\n\n<ul class=\"wp-block-list\">\n<li>Be 18 years of age or older<\/li>\n\n\n\n<li>Pay an annual membership fee of $25&nbsp;<\/li>\n\n\n\n<li><a href=\"https:\/\/artsvisuelsgatineau.com\/en\/code-dethique\/\">Lire le code d&#8217;\u00e9thique de l\u2019AVG\u00a0<\/a><\/li>\n<\/ul>\n\n\n\n<p><strong>Procedure<\/strong><\/p>\n\n\n\n<p><em>Note: If you are already an AVG member and wish to renew your membership, please go to&nbsp;<a href=\"\/en\/renouvellement\/\">the page dedicated to this purpose<\/a><\/em><\/p>\n\n\n\n<p><strong>Step 1:<\/strong>&nbsp;Choose one of our two registration options below (online renewal or by mail) and click on the button provided.<\/p>\n\n\n\n<p><strong>Step 2:<\/strong>&nbsp;Fill in all the required fields of the form on screen, as well as those requiring changes to your file (for the mail option, you can also choose to print the form and fill it in).<\/p>\n\n\n\n<p>You will have the option of attaching your artistic contribution (see&nbsp;<a href=\"https:\/\/artsvisuelsgatineau.com\/en\/cv-artistique\/\">example<\/a>) to help us get to know you better. Remember to prepare it in advance so you have it handy!<\/p>\n\n\n\n<p><strong>Step 3:<\/strong>&nbsp;Make the payment (instant) by credit card, Interac e-Transfer, or check.<em> All shipping details are available on the online form or PDF.<\/em><\/p>\n\n\n\n<p><strong>Step 4:<\/strong>&nbsp;Once you have received your membership card by email, click<a href=\"https:\/\/artsvisuelsgatineau.com\/en\/login\/\">&nbsp;here<\/a>&nbsp;to <strong>create a member profile on our online portal<\/strong>&nbsp;and allow the public to view your profile for greater visibility. Add as many details as possible to help us get to know you!<\/p>\n\n\n\n<div class=\"wp-block-columns is-layout-flex wp-container-core-columns-is-layout-9d6595d7 wp-block-columns-is-layout-flex\">\n<div class=\"wp-block-column is-layout-flow wp-block-column-is-layout-flow\">\n<div class=\"wp-block-buttons is-layout-flex wp-block-buttons-is-layout-flex\">\n<div class=\"wp-block-button\"><a class=\"wp-block-button__link wp-element-button\" href=\"\/en\/product\/adhesion\/\">Online membership<\/a><\/div>\n<\/div>\n\n\n\n<p>Submit your application online and pay by credit card or direct payment.<\/p>\n<\/div>\n\n\n\n<div class=\"wp-block-column is-layout-flow wp-block-column-is-layout-flow\">\n<div class=\"wp-block-buttons is-layout-flex wp-block-buttons-is-layout-flex\">\n<div class=\"wp-block-button\"><a class=\"wp-block-button__link wp-element-button\" href=\"https:\/\/artsvisuelsgatineau.com\/wp-content\/uploads\/2025\/11\/Formulaire-dadhesion-2025_R.pdf\">Membership by mail<\/a><\/div>\n<\/div>\n\n\n\n<p>Download and print a copy of the application form and send it by mail along with a check.<\/p>\n<\/div>\n<\/div>\n\n\n\n<p><a id=\"_msocom_1\"><\/a><\/p>\n\n\n\n<p><a id=\"_msocom_6\"><\/a><\/p>","protected":false},"excerpt":{"rendered":"<p>Devenez membre d\u2019Arts visuels de Gatineau (AVG) pour acc\u00e9der \u00e0 nos divers services, activit\u00e9s et expositions&nbsp;et \u00e0 nos tarifs r\u00e9duits!&nbsp; Vous pouvez devenir membre&hellip;<\/p>","protected":false},"author":1,"featured_media":0,"parent":0,"menu_order":0,"comment_status":"closed","ping_status":"closed","template":"","meta":{"footnotes":""},"class_list":["post-2879","page","type-page","status-publish","hentry"],"_links":{"self":[{"href":"https:\/\/artsvisuelsgatineau.com\/en\/wp-json\/wp\/v2\/pages\/2879","targetHints":{"allow":["GET"]}}],"collection":[{"href":"https:\/\/artsvisuelsgatineau.com\/en\/wp-json\/wp\/v2\/pages"}],"about":[{"href":"https:\/\/artsvisuelsgatineau.com\/en\/wp-json\/wp\/v2\/types\/page"}],"author":[{"embeddable":true,"href":"https:\/\/artsvisuelsgatineau.com\/en\/wp-json\/wp\/v2\/users\/1"}],"replies":[{"embeddable":true,"href":"https:\/\/artsvisuelsgatineau.com\/en\/wp-json\/wp\/v2\/comments?post=2879"}],"version-history":[{"count":15,"href":"https:\/\/artsvisuelsgatineau.com\/en\/wp-json\/wp\/v2\/pages\/2879\/revisions"}],"predecessor-version":[{"id":3192,"href":"https:\/\/artsvisuelsgatineau.com\/en\/wp-json\/wp\/v2\/pages\/2879\/revisions\/3192"}],"wp:attachment":[{"href":"https:\/\/artsvisuelsgatineau.com\/en\/wp-json\/wp\/v2\/media?parent=2879"}],"curies":[{"name":"wp","href":"https:\/\/api.w.org\/{rel}","templated":true}]}}