{"id":458,"date":"2023-10-10T16:05:54","date_gmt":"2023-10-10T20:05:54","guid":{"rendered":"https:\/\/artsvisuelsgatineau.com\/?page_id=458"},"modified":"2023-10-19T13:41:12","modified_gmt":"2023-10-19T17:41:12","slug":"communications","status":"publish","type":"page","link":"https:\/\/artsvisuelsgatineau.com\/en\/communications\/","title":{"rendered":"Communications"},"content":{"rendered":"<div class=\"wp-block-query is-layout-flow wp-block-query-is-layout-flow\">\n<h2 class=\"wp-block-heading\">AVG News<\/h2>\n\n\n<ul class=\"wp-block-post-template is-layout-flow wp-block-post-template-is-layout-flow\"><li class=\"wp-block-post post-3587 post type-post status-publish format-standard hentry category-uncategorized-fr\">\n<h2 class=\"wp-block-post-title\"><a href=\"https:\/\/artsvisuelsgatineau.com\/en\/expo-vente-printaniere\/\" target=\"_self\" >2026 Spring Show &amp; Sale<\/a><\/h2>\n\n<div class=\"wp-block-post-excerpt\"><p class=\"wp-block-post-excerpt__excerpt\">Arts visuels de Gatineau vous invite \u00e0 c\u00e9l\u00e9brer le printemps en art! Plongez dans un univers cr\u00e9atif lors de notre exposition-vente r\u00e9unissant les \u0153uvres<\/p><p class=\"wp-block-post-excerpt__more-text\"><a class=\"wp-block-post-excerpt__more-link\" href=\"https:\/\/artsvisuelsgatineau.com\/en\/expo-vente-printaniere\/\"><br>Read more<\/a><\/p><\/div>\n\n\n<hr class=\"wp-block-separator has-css-opacity\"\/>\n\n<\/li><li class=\"wp-block-post post-3368 post type-post status-publish format-standard hentry category-uncategorized-fr\">\n<h2 class=\"wp-block-post-title\"><a href=\"https:\/\/artsvisuelsgatineau.com\/en\/appel-de-dossiers-pour-lexposition-printaniere-2026-davg\/\" target=\"_self\" >AVG Call for Artists for the 2026 Spring Show &amp; Sale<\/a><\/h2>\n\n<div class=\"wp-block-post-excerpt\"><p class=\"wp-block-post-excerpt__excerpt\">Vous \u00eates invit\u00e9s \u00e0 soumettre votre demande de participation \u00e0\u00a0l&#8217;Exposition printani\u00e8re d&#8217;AVG qui se tiendra du vendredi 24\u00a0avril au dimanche 26\u00a0avril 2026,\u00a0au Centre communautaire<\/p><p class=\"wp-block-post-excerpt__more-text\"><a class=\"wp-block-post-excerpt__more-link\" href=\"https:\/\/artsvisuelsgatineau.com\/en\/appel-de-dossiers-pour-lexposition-printaniere-2026-davg\/\"><br>Read more<\/a><\/p><\/div>\n\n\n<hr class=\"wp-block-separator has-css-opacity\"\/>\n\n<\/li><li class=\"wp-block-post post-3335 post type-post status-publish format-standard hentry category-uncategorized-fr\">\n<h2 class=\"wp-block-post-title\"><a href=\"https:\/\/artsvisuelsgatineau.com\/en\/appel-a-candidatures-exposition-aux-galeries-de-hull-printemps-2026\/\" target=\"_self\" >Call for Submissions \u2013 Exhibition at Galeries de Hull - Spring 2026<\/a><\/h2>\n\n<div class=\"wp-block-post-excerpt\"><p class=\"wp-block-post-excerpt__excerpt\">\u00ab Vitrines sur Arts visuels de Gatineau \u00bb Nous vous invitons \u00e0 soumettre votre candidature afin d\u2019exposer une de vos meilleures \u0153uvres dans l\u2019une<\/p><p class=\"wp-block-post-excerpt__more-text\"><a class=\"wp-block-post-excerpt__more-link\" href=\"https:\/\/artsvisuelsgatineau.com\/en\/appel-a-candidatures-exposition-aux-galeries-de-hull-printemps-2026\/\"><br>Read more<\/a><\/p><\/div>\n\n\n<hr class=\"wp-block-separator has-css-opacity\"\/>\n\n<\/li><li class=\"wp-block-post post-3148 post type-post status-publish format-standard hentry category-uncategorized-fr\">\n<h2 class=\"wp-block-post-title\"><a href=\"https:\/\/artsvisuelsgatineau.com\/en\/appel-a-candidatures-exposition-aux-galeries-de-hull\/\" target=\"_self\" >Call for Submissions \u2013 Galeries de Hull Exhibition<\/a><\/h2>\n\n<div class=\"wp-block-post-excerpt\"><p class=\"wp-block-post-excerpt__excerpt\">English message will follow \u00ab Vitrines sur Arts visuels de Gatineau \u00bb Arts visuels de Gatineau invite ses membres \u00e0 soumettre leur candidature pour<\/p><p class=\"wp-block-post-excerpt__more-text\"><a class=\"wp-block-post-excerpt__more-link\" href=\"https:\/\/artsvisuelsgatineau.com\/en\/appel-a-candidatures-exposition-aux-galeries-de-hull\/\"><br>Read more<\/a><\/p><\/div>\n\n\n<hr class=\"wp-block-separator has-css-opacity\"\/>\n\n<\/li><li class=\"wp-block-post post-2751 post type-post status-publish format-standard hentry category-uncategorized-fr\">\n<h2 class=\"wp-block-post-title\"><a href=\"https:\/\/artsvisuelsgatineau.com\/en\/appel-aux-artistes-expo-pierre-debain-2026\/\" target=\"_self\" >Call for Submissions \u2013 2026 Exhibition at Pierre-Debain<\/a><\/h2>\n\n<div class=\"wp-block-post-excerpt\"><p class=\"wp-block-post-excerpt__excerpt\">Les Arts visuels de Gatineau invitent leurs membres \u00e0 soumettre une&nbsp;proposition d\u2019\u0153uvre d\u2019art&nbsp;afin de s\u00e9lectionner celle qui repr\u00e9sentera visuellement l\u2019exposition collective 2026 dans la<\/p><p class=\"wp-block-post-excerpt__more-text\"><a class=\"wp-block-post-excerpt__more-link\" href=\"https:\/\/artsvisuelsgatineau.com\/en\/appel-aux-artistes-expo-pierre-debain-2026\/\"><br>Read more<\/a><\/p><\/div>\n\n\n<hr class=\"wp-block-separator has-css-opacity\"\/>\n\n<\/li><li class=\"wp-block-post post-2719 post type-post status-publish format-standard hentry category-uncategorized-fr\">\n<h2 class=\"wp-block-post-title\"><a href=\"https:\/\/artsvisuelsgatineau.com\/en\/journee-de-la-culture-27-septembre-2025\/\" target=\"_self\" >Culture Day - September 27, 2025<\/a><\/h2>\n\n<div class=\"wp-block-post-excerpt\"><p class=\"wp-block-post-excerpt__excerpt\">Arts visuels de Gatineau et la ville de Gatineau vous invitent \u00e0 un atelier de cr\u00e9ation artistique\/bricolage, accessible \u00e0 un public de tout \u00e2ge,<\/p><p class=\"wp-block-post-excerpt__more-text\"><a class=\"wp-block-post-excerpt__more-link\" href=\"https:\/\/artsvisuelsgatineau.com\/en\/journee-de-la-culture-27-septembre-2025\/\"><br>Read more<\/a><\/p><\/div>\n\n\n<hr class=\"wp-block-separator has-css-opacity\"\/>\n\n<\/li><li class=\"wp-block-post post-2473 post type-post status-publish format-standard hentry category-uncategorized-fr\">\n<h2 class=\"wp-block-post-title\"><a href=\"https:\/\/artsvisuelsgatineau.com\/en\/invitation-au-bbq-estival-et-a-la-vente-de-materiel-dart-9-juillet-2025\/\" target=\"_self\" >Invitation to the Summer BBQ and Art Supplies Sale \u2013 July 9, 2025<\/a><\/h2>\n\n<div class=\"wp-block-post-excerpt\"><p class=\"wp-block-post-excerpt__excerpt\">Chers membres d\u2019Arts visuels de Gatineau, Nous vous invitons chaleureusement \u00e0 notre BBQ estival, une belle occasion de nous retrouver, de discuter entre artistes,<\/p><p class=\"wp-block-post-excerpt__more-text\"><a class=\"wp-block-post-excerpt__more-link\" href=\"https:\/\/artsvisuelsgatineau.com\/en\/invitation-au-bbq-estival-et-a-la-vente-de-materiel-dart-9-juillet-2025\/\"><br>Read more<\/a><\/p><\/div>\n\n\n<hr class=\"wp-block-separator has-css-opacity\"\/>\n\n<\/li><li class=\"wp-block-post post-2204 post type-post status-publish format-standard hentry category-appels-aux-artistes\">\n<h2 class=\"wp-block-post-title\"><a href=\"https:\/\/artsvisuelsgatineau.com\/en\/appel-aux-artistes-exposition-pierre-debain-2025\/\" target=\"_self\" >Call to artists - Pierre-Debain Exhibition 2025<\/a><\/h2>\n\n<div class=\"wp-block-post-excerpt\"><p class=\"wp-block-post-excerpt__excerpt\">Arts Visuels de Gatineau Case Postale 224, Gatineau (Qu\u00e9bec) J9H 5E5 \u00ab&nbsp;Les forces de la nature \u00bb Exposition collective d\u2019\u0153uvres s\u00e9lectionn\u00e9es par un jury<\/p><p class=\"wp-block-post-excerpt__more-text\"><a class=\"wp-block-post-excerpt__more-link\" href=\"https:\/\/artsvisuelsgatineau.com\/en\/appel-aux-artistes-exposition-pierre-debain-2025\/\"><br>Read more<\/a><\/p><\/div>\n\n\n<hr class=\"wp-block-separator has-css-opacity\"\/>\n\n<\/li><li class=\"wp-block-post post-2238 post type-post status-publish format-standard hentry category-uncategorized-fr\">\n<h2 class=\"wp-block-post-title\"><a href=\"https:\/\/artsvisuelsgatineau.com\/en\/appel-de-dossiers-pour-lexposition-printaniere-2025-davg\/\" target=\"_self\" >Call for Artists for the 2025 Spring Show<\/a><\/h2>\n\n<div class=\"wp-block-post-excerpt\"><p class=\"wp-block-post-excerpt__excerpt\">&nbsp; Les inscriptions sont maintenant termin\u00e9es. Vous \u00eates invit\u00e9s \u00e0 soumettre votre demande de participation \u00e0\u00a0l&#8217;Exposition printani\u00e8re d&#8217;AVG qui se tiendra du vendredi 25\u00a0avril<\/p><p class=\"wp-block-post-excerpt__more-text\"><a class=\"wp-block-post-excerpt__more-link\" href=\"https:\/\/artsvisuelsgatineau.com\/en\/appel-de-dossiers-pour-lexposition-printaniere-2025-davg\/\"><br>Read more<\/a><\/p><\/div>\n\n\n<hr class=\"wp-block-separator has-css-opacity\"\/>\n\n<\/li><li class=\"wp-block-post post-2167 post type-post status-publish format-standard hentry category-appels-aux-artistes\">\n<h2 class=\"wp-block-post-title\"><a href=\"https:\/\/artsvisuelsgatineau.com\/en\/exposition-printaniere-2025\/\" target=\"_self\" >2025 Spring Show<\/a><\/h2>\n\n<div class=\"wp-block-post-excerpt\"><p class=\"wp-block-post-excerpt__excerpt\">Restez \u00e0 l\u2019aff\u00fbt ! Le 1er f\u00e9vrier, \u00e0 17 h, sera envoy\u00e9 aux membres d&#8217;Arts visuels de Gatineau le courriel d&#8217;inscription pour avoir un<\/p><p class=\"wp-block-post-excerpt__more-text\"><a class=\"wp-block-post-excerpt__more-link\" href=\"https:\/\/artsvisuelsgatineau.com\/en\/exposition-printaniere-2025\/\"><br>Read more<\/a><\/p><\/div>\n\n\n<hr class=\"wp-block-separator has-css-opacity\"\/>\n\n<\/li><\/ul><\/div>","protected":false},"excerpt":{"rendered":"","protected":false},"author":1,"featured_media":0,"parent":0,"menu_order":0,"comment_status":"closed","ping_status":"closed","template":"","meta":{"footnotes":""},"class_list":["post-458","page","type-page","status-publish","hentry"],"_links":{"self":[{"href":"https:\/\/artsvisuelsgatineau.com\/en\/wp-json\/wp\/v2\/pages\/458","targetHints":{"allow":["GET"]}}],"collection":[{"href":"https:\/\/artsvisuelsgatineau.com\/en\/wp-json\/wp\/v2\/pages"}],"about":[{"href":"https:\/\/artsvisuelsgatineau.com\/en\/wp-json\/wp\/v2\/types\/page"}],"author":[{"embeddable":true,"href":"https:\/\/artsvisuelsgatineau.com\/en\/wp-json\/wp\/v2\/users\/1"}],"replies":[{"embeddable":true,"href":"https:\/\/artsvisuelsgatineau.com\/en\/wp-json\/wp\/v2\/comments?post=458"}],"version-history":[{"count":7,"href":"https:\/\/artsvisuelsgatineau.com\/en\/wp-json\/wp\/v2\/pages\/458\/revisions"}],"predecessor-version":[{"id":719,"href":"https:\/\/artsvisuelsgatineau.com\/en\/wp-json\/wp\/v2\/pages\/458\/revisions\/719"}],"wp:attachment":[{"href":"https:\/\/artsvisuelsgatineau.com\/en\/wp-json\/wp\/v2\/media?parent=458"}],"curies":[{"name":"wp","href":"https:\/\/api.w.org\/{rel}","templated":true}]}}