{"id":486,"date":"2023-10-10T19:10:14","date_gmt":"2023-10-10T23:10:14","guid":{"rendered":"https:\/\/artsvisuelsgatineau.com\/?page_id=486"},"modified":"2024-01-31T10:54:30","modified_gmt":"2024-01-31T15:54:30","slug":"portraits-dartistes","status":"publish","type":"page","link":"https:\/\/artsvisuelsgatineau.com\/en\/portraits-dartistes\/","title":{"rendered":"Portraits d&#8217;artistes"},"content":{"rendered":"<p><span style=\"font-weight: 400;\">To celebrate its 65th<\/span><span style=\"font-weight: 400;\">th<\/span><span style=\"font-weight: 400;\"> anniversary, the Arts visuels de Gatineau has asked art historian, Jessica Ragazzini to trace the portraits of various international renown artists and picture the artistic life of Gatineau. She has reminded us, firstly, that in 1955 some women artists have founded the Aylmer Association to develop arts in their town by organizing classes and expositions. Originally, all types of arts had their places in this group which will later take the name of Aylmer Art Council in 1978. The Association would then become Arts visuels de Gatineau in 2019 to better adapt to the demographic changes. Many artisans have been selected for their important role in Gatineau\u2019s artistic life and their radiating influence internationally.<\/span><\/p>\n\n\n<div id=\"adobe-dc-view\" style=\"height: 900px;\"><\/div>\n\n<script src=\"https:\/\/documentcloud.adobe.com\/view-sdk\/main.js\"><\/script>\n<script type=\"text\/javascript\">\n    document.addEventListener(\"adobe_dc_view_sdk.ready\", function () {\n        var adobeDCView = new AdobeDC.View({\n            clientId: \"95407a71b77a49d7bde13fa20f3c6280\",\n            divId: \"adobe-dc-view\"\n        });\n        adobeDCView.previewFile({\n            content: { location: { url: \"https:\/\/artsvisuelsgatineau.com\/wp-content\/uploads\/2023\/10\/Portraits_dartistes_Gatineau_web.pdf\" } },\n            metaData: { fileName: \"Portraits d'artistes de Gatineau\" }\n        }, {\n            embedMode: \"FULL_WINDOW\",\n            showDownloadPDF: false,\n            showPrintPDF: false,\n            showAnnotationTools: false,\n            showLeftHandPanel: true,\n            showPageControls: true,\n            dockPageControls: false,\n            enableFormFilling: false,\n            defaultViewMode: \"FIT_PAGE\"\n        });\n    });\n<\/script>","protected":false},"excerpt":{"rendered":"<p>Pour c\u00e9l\u00e9brer son 65e anniversaire de fondation, Arts visuels de Gatineau a demand\u00e9 \u00e0 l&#8217;historienne de l\u2019art Jessica Ragazzini de tracer les portraits d\u2019artistes&hellip;<\/p>","protected":false},"author":1,"featured_media":0,"parent":0,"menu_order":0,"comment_status":"closed","ping_status":"closed","template":"","meta":{"footnotes":""},"class_list":["post-486","page","type-page","status-publish","hentry"],"_links":{"self":[{"href":"https:\/\/artsvisuelsgatineau.com\/en\/wp-json\/wp\/v2\/pages\/486","targetHints":{"allow":["GET"]}}],"collection":[{"href":"https:\/\/artsvisuelsgatineau.com\/en\/wp-json\/wp\/v2\/pages"}],"about":[{"href":"https:\/\/artsvisuelsgatineau.com\/en\/wp-json\/wp\/v2\/types\/page"}],"author":[{"embeddable":true,"href":"https:\/\/artsvisuelsgatineau.com\/en\/wp-json\/wp\/v2\/users\/1"}],"replies":[{"embeddable":true,"href":"https:\/\/artsvisuelsgatineau.com\/en\/wp-json\/wp\/v2\/comments?post=486"}],"version-history":[{"count":4,"href":"https:\/\/artsvisuelsgatineau.com\/en\/wp-json\/wp\/v2\/pages\/486\/revisions"}],"predecessor-version":[{"id":976,"href":"https:\/\/artsvisuelsgatineau.com\/en\/wp-json\/wp\/v2\/pages\/486\/revisions\/976"}],"wp:attachment":[{"href":"https:\/\/artsvisuelsgatineau.com\/en\/wp-json\/wp\/v2\/media?parent=486"}],"curies":[{"name":"wp","href":"https:\/\/api.w.org\/{rel}","templated":true}]}}