{"id":52,"date":"2023-10-07T12:30:03","date_gmt":"2023-10-07T16:30:03","guid":{"rendered":"https:\/\/artsvisuelsgatineau.com\/?page_id=52"},"modified":"2023-10-11T15:59:40","modified_gmt":"2023-10-11T19:59:40","slug":"a-propos-davg","status":"publish","type":"page","link":"https:\/\/artsvisuelsgatineau.com\/en\/a-propos-davg\/","title":{"rendered":"About AVG"},"content":{"rendered":"<div class=\"wp-block-columns is-layout-flex wp-container-core-columns-is-layout-9d6595d7 wp-block-columns-is-layout-flex\">\n<div class=\"wp-block-column is-layout-flow wp-block-column-is-layout-flow\">\n<p>The Arts visuels de Gatineau (AVG) is a non-profit organization incorporated since 1978. Its head office is located in the Aylmer sector of the City of Gatineau. It consists of an executive committee whose members come from diverse professional backgrounds and share a common passion for the development of arts and culture.<\/p>\n\n\n\n<p>The AVG's mission is to represent and serve artists from all over the Gatineau community and surrounding areas. Our organization is composed of artist members of different levels: amateurs, emerging, semi-professionals and professional artists as well as artisans.<\/p>\n\n\n\n<hr class=\"wp-block-separator has-alpha-channel-opacity\"\/>\n\n\n\n<p>The AVG's mandate is to develop arts and culture. It undertakes to serve his members for purely artistic purposes. Its objectives are to:<\/p>\n\n\n\n<ul class=\"wp-block-list\">\n<li>Promote arts and culture in the Gatineau community and the Outaouais region.<\/li>\n\n\n\n<li>Organize cultural events such as exhibitions highlighting the work of its members and their original works.<\/li>\n\n\n\n<li>Promote the artistic development of its members.<\/li>\n\n\n\n<li>Provide an environment that highlights the talent of its members.<\/li>\n\n\n\n<li>Offer a variety of events and workshops to members and the community.<\/li>\n\n\n\n<li>Foster partnership with other cultural organizations in the region.<\/li>\n<\/ul>\n\n\n\n<p>For any interest in representing and \/ or getting involved in the Arts visuels de Gatineau, please contact us by email at:&nbsp;<a href=\"mailto:bonjour@artsvisuelsgatineau.com\">bonjour@artsvisuelsgatineau.com<\/a>.<\/p>\n\n\n\n<p><strong>Membership and contributions<\/strong><\/p>\n\n\n\n<p>Membership in the AVG is in accordance with the terms and conditions, including the amount of the annual contribution of regular members. <strong>AVG membership and renewal is for one year and ends on August 31st each year.<\/strong><\/p>\n<\/div>\n\n\n\n<div class=\"wp-block-column is-layout-flow wp-block-column-is-layout-flow\"><div class=\"wp-block-image\">\n<figure class=\"aligncenter size-full\"><img loading=\"lazy\" decoding=\"async\" width=\"360\" height=\"240\" src=\"https:\/\/artsvisuelsgatineau.com\/wp-content\/uploads\/Logos_images\/A-propos-dAVG.jpg\" alt=\"\" class=\"wp-image-55\" srcset=\"https:\/\/artsvisuelsgatineau.com\/wp-content\/uploads\/Logos_images\/A-propos-dAVG.jpg 360w, https:\/\/artsvisuelsgatineau.com\/wp-content\/uploads\/Logos_images\/A-propos-dAVG-300x200.jpg 300w, https:\/\/artsvisuelsgatineau.com\/wp-content\/uploads\/Logos_images\/A-propos-dAVG-18x12.jpg 18w\" sizes=\"auto, (max-width: 360px) 100vw, 360px\" \/><\/figure>\n<\/div><\/div>\n<\/div>\n\n\n\n<div class=\"wp-block-columns is-layout-flex wp-container-core-columns-is-layout-9d6595d7 wp-block-columns-is-layout-flex\"><\/div>","protected":false},"excerpt":{"rendered":"<p>Arts visuels de Gatineau (AVG) est un organisme \u00e0 but non-lucratif incorpor\u00e9 depuis 1978. Son si\u00e8ge social est situ\u00e9 dans le secteur Aylmer de&hellip;<\/p>","protected":false},"author":1,"featured_media":0,"parent":0,"menu_order":0,"comment_status":"closed","ping_status":"closed","template":"","meta":{"footnotes":""},"class_list":["post-52","page","type-page","status-publish","hentry"],"_links":{"self":[{"href":"https:\/\/artsvisuelsgatineau.com\/en\/wp-json\/wp\/v2\/pages\/52","targetHints":{"allow":["GET"]}}],"collection":[{"href":"https:\/\/artsvisuelsgatineau.com\/en\/wp-json\/wp\/v2\/pages"}],"about":[{"href":"https:\/\/artsvisuelsgatineau.com\/en\/wp-json\/wp\/v2\/types\/page"}],"author":[{"embeddable":true,"href":"https:\/\/artsvisuelsgatineau.com\/en\/wp-json\/wp\/v2\/users\/1"}],"replies":[{"embeddable":true,"href":"https:\/\/artsvisuelsgatineau.com\/en\/wp-json\/wp\/v2\/comments?post=52"}],"version-history":[{"count":7,"href":"https:\/\/artsvisuelsgatineau.com\/en\/wp-json\/wp\/v2\/pages\/52\/revisions"}],"predecessor-version":[{"id":538,"href":"https:\/\/artsvisuelsgatineau.com\/en\/wp-json\/wp\/v2\/pages\/52\/revisions\/538"}],"wp:attachment":[{"href":"https:\/\/artsvisuelsgatineau.com\/en\/wp-json\/wp\/v2\/media?parent=52"}],"curies":[{"name":"wp","href":"https:\/\/api.w.org\/{rel}","templated":true}]}}