{"id":950,"date":"2023-12-10T11:11:57","date_gmt":"2023-12-10T16:11:57","guid":{"rendered":"https:\/\/artsvisuelsgatineau.com\/?page_id=950"},"modified":"2023-12-10T11:37:18","modified_gmt":"2023-12-10T16:37:18","slug":"nouvelles-davg","status":"publish","type":"page","link":"https:\/\/artsvisuelsgatineau.com\/en\/nouvelles-davg\/","title":{"rendered":"AVG News"},"content":{"rendered":"<div class=\"wp-block-query is-layout-flow wp-block-query-is-layout-flow\"><ul class=\"wp-block-post-template is-layout-flow wp-block-post-template-is-layout-flow\"><li class=\"wp-block-post post-3587 post type-post status-publish format-standard hentry category-uncategorized-fr\">\n<h2 class=\"wp-block-post-title\"><a href=\"https:\/\/artsvisuelsgatineau.com\/en\/expo-vente-printaniere\/\" target=\"_self\" >2026 Spring Show &amp; Sale<\/a><\/h2>\n\n<div class=\"has-link-color wp-elements-436e92b4a780fd6f2264ab093a1bf342 wp-block-post-excerpt has-text-color has-black-color\"><p class=\"wp-block-post-excerpt__excerpt\">Arts visuels de Gatineau vous invite \u00e0 c\u00e9l\u00e9brer le printemps en art! Plongez dans un univers cr\u00e9atif lors de notre exposition-vente r\u00e9unissant les \u0153uvres <a class=\"wp-block-post-excerpt__more-link\" href=\"https:\/\/artsvisuelsgatineau.com\/en\/expo-vente-printaniere\/\">Learn more...<\/a><\/p><\/div>\n\n<div class=\"wp-block-post-date\"><time datetime=\"2026-03-30T11:35:03-04:00\">30 March 2026<\/time><\/div>\n<\/li><li class=\"wp-block-post post-3368 post type-post status-publish format-standard hentry category-uncategorized-fr\">\n<h2 class=\"wp-block-post-title\"><a href=\"https:\/\/artsvisuelsgatineau.com\/en\/appel-de-dossiers-pour-lexposition-printaniere-2026-davg\/\" target=\"_self\" >AVG Call for Artists for the 2026 Spring Show &amp; Sale<\/a><\/h2>\n\n<div class=\"has-link-color wp-elements-436e92b4a780fd6f2264ab093a1bf342 wp-block-post-excerpt has-text-color has-black-color\"><p class=\"wp-block-post-excerpt__excerpt\">Vous \u00eates invit\u00e9s \u00e0 soumettre votre demande de participation \u00e0\u00a0l&#8217;Exposition printani\u00e8re d&#8217;AVG qui se tiendra du vendredi 24\u00a0avril au dimanche 26\u00a0avril 2026,\u00a0au Centre communautaire <a class=\"wp-block-post-excerpt__more-link\" href=\"https:\/\/artsvisuelsgatineau.com\/en\/appel-de-dossiers-pour-lexposition-printaniere-2026-davg\/\">Learn more...<\/a><\/p><\/div>\n\n<div class=\"wp-block-post-date\"><time datetime=\"2026-02-16T18:17:45-05:00\">16 February 2026<\/time><\/div>\n<\/li><li class=\"wp-block-post post-3335 post type-post status-publish format-standard hentry category-uncategorized-fr\">\n<h2 class=\"wp-block-post-title\"><a href=\"https:\/\/artsvisuelsgatineau.com\/en\/appel-a-candidatures-exposition-aux-galeries-de-hull-printemps-2026\/\" target=\"_self\" >Call for Submissions \u2013 Exhibition at Galeries de Hull - Spring 2026<\/a><\/h2>\n\n<div class=\"has-link-color wp-elements-436e92b4a780fd6f2264ab093a1bf342 wp-block-post-excerpt has-text-color has-black-color\"><p class=\"wp-block-post-excerpt__excerpt\">\u00ab Vitrines sur Arts visuels de Gatineau \u00bb Nous vous invitons \u00e0 soumettre votre candidature afin d\u2019exposer une de vos meilleures \u0153uvres dans l\u2019une <a class=\"wp-block-post-excerpt__more-link\" href=\"https:\/\/artsvisuelsgatineau.com\/en\/appel-a-candidatures-exposition-aux-galeries-de-hull-printemps-2026\/\">Learn more...<\/a><\/p><\/div>\n\n<div class=\"wp-block-post-date\"><time datetime=\"2026-02-15T01:54:29-05:00\">15 February 2026<\/time><\/div>\n<\/li><li class=\"wp-block-post post-3148 post type-post status-publish format-standard hentry category-uncategorized-fr\">\n<h2 class=\"wp-block-post-title\"><a href=\"https:\/\/artsvisuelsgatineau.com\/en\/appel-a-candidatures-exposition-aux-galeries-de-hull\/\" target=\"_self\" >Call for Submissions \u2013 Galeries de Hull Exhibition<\/a><\/h2>\n\n<div class=\"has-link-color wp-elements-436e92b4a780fd6f2264ab093a1bf342 wp-block-post-excerpt has-text-color has-black-color\"><p class=\"wp-block-post-excerpt__excerpt\">English message will follow \u00ab Vitrines sur Arts visuels de Gatineau \u00bb Arts visuels de Gatineau invite ses membres \u00e0 soumettre leur candidature pour <a class=\"wp-block-post-excerpt__more-link\" href=\"https:\/\/artsvisuelsgatineau.com\/en\/appel-a-candidatures-exposition-aux-galeries-de-hull\/\">Learn more...<\/a><\/p><\/div>\n\n<div class=\"wp-block-post-date\"><time datetime=\"2026-01-04T11:46:33-05:00\">4 January 2026<\/time><\/div>\n<\/li><li class=\"wp-block-post post-2751 post type-post status-publish format-standard hentry category-uncategorized-fr\">\n<h2 class=\"wp-block-post-title\"><a href=\"https:\/\/artsvisuelsgatineau.com\/en\/appel-aux-artistes-expo-pierre-debain-2026\/\" target=\"_self\" >Call for Submissions \u2013 2026 Exhibition at Pierre-Debain<\/a><\/h2>\n\n<div class=\"has-link-color wp-elements-436e92b4a780fd6f2264ab093a1bf342 wp-block-post-excerpt has-text-color has-black-color\"><p class=\"wp-block-post-excerpt__excerpt\">Les Arts visuels de Gatineau invitent leurs membres \u00e0 soumettre une&nbsp;proposition d\u2019\u0153uvre d\u2019art&nbsp;afin de s\u00e9lectionner celle qui repr\u00e9sentera visuellement l\u2019exposition collective 2026 dans la <a class=\"wp-block-post-excerpt__more-link\" href=\"https:\/\/artsvisuelsgatineau.com\/en\/appel-aux-artistes-expo-pierre-debain-2026\/\">Learn more...<\/a><\/p><\/div>\n\n<div class=\"wp-block-post-date\"><time datetime=\"2025-09-10T14:33:06-04:00\">10 September 2025<\/time><\/div>\n<\/li><li class=\"wp-block-post post-2719 post type-post status-publish format-standard hentry category-uncategorized-fr\">\n<h2 class=\"wp-block-post-title\"><a href=\"https:\/\/artsvisuelsgatineau.com\/en\/journee-de-la-culture-27-septembre-2025\/\" target=\"_self\" >Culture Day - September 27, 2025<\/a><\/h2>\n\n<div class=\"has-link-color wp-elements-436e92b4a780fd6f2264ab093a1bf342 wp-block-post-excerpt has-text-color has-black-color\"><p class=\"wp-block-post-excerpt__excerpt\">Arts visuels de Gatineau et la ville de Gatineau vous invitent \u00e0 un atelier de cr\u00e9ation artistique\/bricolage, accessible \u00e0 un public de tout \u00e2ge, <a class=\"wp-block-post-excerpt__more-link\" href=\"https:\/\/artsvisuelsgatineau.com\/en\/journee-de-la-culture-27-septembre-2025\/\">Learn more...<\/a><\/p><\/div>\n\n<div class=\"wp-block-post-date\"><time datetime=\"2025-09-04T09:56:56-04:00\">4 September 2025<\/time><\/div>\n<\/li><li class=\"wp-block-post post-2473 post type-post status-publish format-standard hentry category-uncategorized-fr\">\n<h2 class=\"wp-block-post-title\"><a href=\"https:\/\/artsvisuelsgatineau.com\/en\/invitation-au-bbq-estival-et-a-la-vente-de-materiel-dart-9-juillet-2025\/\" target=\"_self\" >Invitation to the Summer BBQ and Art Supplies Sale \u2013 July 9, 2025<\/a><\/h2>\n\n<div class=\"has-link-color wp-elements-436e92b4a780fd6f2264ab093a1bf342 wp-block-post-excerpt has-text-color has-black-color\"><p class=\"wp-block-post-excerpt__excerpt\">Chers membres d\u2019Arts visuels de Gatineau, Nous vous invitons chaleureusement \u00e0 notre BBQ estival, une belle occasion de nous retrouver, de discuter entre artistes, <a class=\"wp-block-post-excerpt__more-link\" href=\"https:\/\/artsvisuelsgatineau.com\/en\/invitation-au-bbq-estival-et-a-la-vente-de-materiel-dart-9-juillet-2025\/\">Learn more...<\/a><\/p><\/div>\n\n<div class=\"wp-block-post-date\"><time datetime=\"2025-06-17T14:39:29-04:00\">17 June 2025<\/time><\/div>\n<\/li><li class=\"wp-block-post post-2204 post type-post status-publish format-standard hentry category-appels-aux-artistes\">\n<h2 class=\"wp-block-post-title\"><a href=\"https:\/\/artsvisuelsgatineau.com\/en\/appel-aux-artistes-exposition-pierre-debain-2025\/\" target=\"_self\" >Call to artists - Pierre-Debain Exhibition 2025<\/a><\/h2>\n\n<div class=\"has-link-color wp-elements-436e92b4a780fd6f2264ab093a1bf342 wp-block-post-excerpt has-text-color has-black-color\"><p class=\"wp-block-post-excerpt__excerpt\">Arts Visuels de Gatineau Case Postale 224, Gatineau (Qu\u00e9bec) J9H 5E5 \u00ab&nbsp;Les forces de la nature \u00bb Exposition collective d\u2019\u0153uvres s\u00e9lectionn\u00e9es par un jury <a class=\"wp-block-post-excerpt__more-link\" href=\"https:\/\/artsvisuelsgatineau.com\/en\/appel-aux-artistes-exposition-pierre-debain-2025\/\">Learn more...<\/a><\/p><\/div>\n\n<div class=\"wp-block-post-date\"><time datetime=\"2025-06-04T11:34:27-04:00\">4 June 2025<\/time><\/div>\n<\/li><li class=\"wp-block-post post-2238 post type-post status-publish format-standard hentry category-uncategorized-fr\">\n<h2 class=\"wp-block-post-title\"><a href=\"https:\/\/artsvisuelsgatineau.com\/en\/appel-de-dossiers-pour-lexposition-printaniere-2025-davg\/\" target=\"_self\" >Call for Artists for the 2025 Spring Show<\/a><\/h2>\n\n<div class=\"has-link-color wp-elements-436e92b4a780fd6f2264ab093a1bf342 wp-block-post-excerpt has-text-color has-black-color\"><p class=\"wp-block-post-excerpt__excerpt\">&nbsp; Les inscriptions sont maintenant termin\u00e9es. Vous \u00eates invit\u00e9s \u00e0 soumettre votre demande de participation \u00e0\u00a0l&#8217;Exposition printani\u00e8re d&#8217;AVG qui se tiendra du vendredi 25\u00a0avril <a class=\"wp-block-post-excerpt__more-link\" href=\"https:\/\/artsvisuelsgatineau.com\/en\/appel-de-dossiers-pour-lexposition-printaniere-2025-davg\/\">Learn more...<\/a><\/p><\/div>\n\n<div class=\"wp-block-post-date\"><time datetime=\"2025-02-02T08:49:52-05:00\">2 February 2025<\/time><\/div>\n<\/li><li class=\"wp-block-post post-2167 post type-post status-publish format-standard hentry category-appels-aux-artistes\">\n<h2 class=\"wp-block-post-title\"><a href=\"https:\/\/artsvisuelsgatineau.com\/en\/exposition-printaniere-2025\/\" target=\"_self\" >2025 Spring Show<\/a><\/h2>\n\n<div class=\"has-link-color wp-elements-436e92b4a780fd6f2264ab093a1bf342 wp-block-post-excerpt has-text-color has-black-color\"><p class=\"wp-block-post-excerpt__excerpt\">Restez \u00e0 l\u2019aff\u00fbt ! Le 1er f\u00e9vrier, \u00e0 17 h, sera envoy\u00e9 aux membres d&#8217;Arts visuels de Gatineau le courriel d&#8217;inscription pour avoir un <a class=\"wp-block-post-excerpt__more-link\" href=\"https:\/\/artsvisuelsgatineau.com\/en\/exposition-printaniere-2025\/\">Learn more...<\/a><\/p><\/div>\n\n<div class=\"wp-block-post-date\"><time datetime=\"2025-01-20T11:09:43-05:00\">20 January 2025<\/time><\/div>\n<\/li><\/ul><\/div>","protected":false},"excerpt":{"rendered":"","protected":false},"author":1,"featured_media":0,"parent":0,"menu_order":0,"comment_status":"closed","ping_status":"closed","template":"","meta":{"footnotes":""},"class_list":["post-950","page","type-page","status-publish","hentry"],"_links":{"self":[{"href":"https:\/\/artsvisuelsgatineau.com\/en\/wp-json\/wp\/v2\/pages\/950","targetHints":{"allow":["GET"]}}],"collection":[{"href":"https:\/\/artsvisuelsgatineau.com\/en\/wp-json\/wp\/v2\/pages"}],"about":[{"href":"https:\/\/artsvisuelsgatineau.com\/en\/wp-json\/wp\/v2\/types\/page"}],"author":[{"embeddable":true,"href":"https:\/\/artsvisuelsgatineau.com\/en\/wp-json\/wp\/v2\/users\/1"}],"replies":[{"embeddable":true,"href":"https:\/\/artsvisuelsgatineau.com\/en\/wp-json\/wp\/v2\/comments?post=950"}],"version-history":[{"count":6,"href":"https:\/\/artsvisuelsgatineau.com\/en\/wp-json\/wp\/v2\/pages\/950\/revisions"}],"predecessor-version":[{"id":960,"href":"https:\/\/artsvisuelsgatineau.com\/en\/wp-json\/wp\/v2\/pages\/950\/revisions\/960"}],"wp:attachment":[{"href":"https:\/\/artsvisuelsgatineau.com\/en\/wp-json\/wp\/v2\/media?parent=950"}],"curies":[{"name":"wp","href":"https:\/\/api.w.org\/{rel}","templated":true}]}}