{"id":267,"date":"2023-10-09T13:50:23","date_gmt":"2023-10-09T17:50:23","guid":{"rendered":"https:\/\/artsvisuelsgatineau.com\/?post_type=product&#038;p=267"},"modified":"2025-12-12T10:23:20","modified_gmt":"2025-12-12T15:23:20","slug":"renouvellement","status":"publish","type":"product","link":"https:\/\/artsvisuelsgatineau.com\/en\/product\/renouvellement\/","title":{"rendered":"Renewal"},"content":{"rendered":"<p>Le renouvellement des cartes de membre se fait sur une base annuelle en ao\u00fbt par un courriel adress\u00e9 \u00e0 tous les membres en r\u00e8gle. Le co\u00fbt du renouvellement est de 25 $ pour les membres qui renouvellent avant le 15 octobre, apr\u00e8s cette date, le co\u00fbt sera de 35 $.<\/p>","protected":false},"excerpt":{"rendered":"<p>Le renouvellement des cartes de membre se fait sur une base annuelle en ao\u00fbt par un courriel adress\u00e9 \u00e0 tous les membres en r\u00e8gle.&hellip;<\/p>","protected":false},"featured_media":883,"template":"","meta":[],"product_brand":[],"product_cat":[79],"product_tag":[],"class_list":{"0":"post-267","1":"product","2":"type-product","3":"status-publish","4":"has-post-thumbnail","6":"product_cat-renouvellement","8":"first","9":"instock","10":"purchasable","11":"product-type-simple"},"_links":{"self":[{"href":"https:\/\/artsvisuelsgatineau.com\/en\/wp-json\/wp\/v2\/product\/267","targetHints":{"allow":["GET"]}}],"collection":[{"href":"https:\/\/artsvisuelsgatineau.com\/en\/wp-json\/wp\/v2\/product"}],"about":[{"href":"https:\/\/artsvisuelsgatineau.com\/en\/wp-json\/wp\/v2\/types\/product"}],"wp:featuredmedia":[{"embeddable":true,"href":"https:\/\/artsvisuelsgatineau.com\/en\/wp-json\/wp\/v2\/media\/883"}],"wp:attachment":[{"href":"https:\/\/artsvisuelsgatineau.com\/en\/wp-json\/wp\/v2\/media?parent=267"}],"wp:term":[{"taxonomy":"product_brand","embeddable":true,"href":"https:\/\/artsvisuelsgatineau.com\/en\/wp-json\/wp\/v2\/product_brand?post=267"},{"taxonomy":"product_cat","embeddable":true,"href":"https:\/\/artsvisuelsgatineau.com\/en\/wp-json\/wp\/v2\/product_cat?post=267"},{"taxonomy":"product_tag","embeddable":true,"href":"https:\/\/artsvisuelsgatineau.com\/en\/wp-json\/wp\/v2\/product_tag?post=267"}],"curies":[{"name":"wp","href":"https:\/\/api.w.org\/{rel}","templated":true}]}}