{"id":3460,"date":"2026-03-13T10:00:49","date_gmt":"2026-03-13T14:00:49","guid":{"rendered":"https:\/\/artsvisuelsgatineau.com\/?post_type=product&#038;p=3460"},"modified":"2026-03-13T16:49:44","modified_gmt":"2026-03-13T20:49:44","slug":"plaisir-de-peindre-printemps-2026","status":"publish","type":"product","link":"https:\/\/artsvisuelsgatineau.com\/en\/product\/plaisir-de-peindre-printemps-2026\/","title":{"rendered":"Pleasure of painting - Spring 2026"},"content":{"rendered":"<p>You will learn how to improve your skills with oil paint (without solvent) and acrylics. Each participant will work on a personal project, for participants with intermediate and advanced levels. Basic techniques and concepts will be integrated along the 10 courses: canvas preparation, use of brushes and knives, colours, volumes, perspectives, composition, etc. Participants will receive advice and suggestions along the way according to their needs.<\/p>\r\n\r\n\r\n\r\n<p class=\"translation-block\">Level: This course is for intermediate and advanced levels<\/p>\r\n\r\n\r\n\r\n<p><strong>Location : <\/strong>Chalet Jean-Ch\u00e9nier, 515 Jean-Ch\u00e9nier Street (Aylmer sector)<\/p>\r\n\r\n\r\n\r\n<p><strong>Dates: <\/strong><strong>Every Wednesday, from April 15 to June 17<\/strong><\/p>\r\n<p><strong>Hours: 9:00 am to noon\u00a0<\/strong><\/p>\r\n\r\n\r\n\r\n<p>The course will be offered in French, but the instructor is bilingual.<\/p>\r\n\r\n\r\n\r\n<p>Maximum of 10 participants.<\/p>\r\n\r\n\r\n\r\n<p><strong>Cost for members: $180<\/strong> (not a member $195.00)<\/p>\r\n\r\n\r\n\r\n<p><strong>Regarding the instructor :<\/strong> Ren\u00e9-Lyne Charlebois has a Master of Arts from the Laval University; Visual Art High School teacher for 15 years; private painting teacher for 5 years; full-time artist for the last 10 years.<\/p>","protected":false},"excerpt":{"rendered":"<p>L\u2019atelier est orient\u00e9 pour les participants de niveau interm\u00e9diaire et avanc\u00e9. Vous apprendrez \u00e0 mieux ma\u00eetriser la peinture \u00e0 l\u2019huile (sans aucune utilisation de&hellip;<\/p>","protected":false},"featured_media":171,"template":"","meta":[],"product_brand":[],"product_cat":[43,67],"product_tag":[],"class_list":{"0":"post-3460","1":"product","2":"type-product","3":"status-publish","4":"has-post-thumbnail","6":"product_cat-ateliers","7":"product_cat-regulier","9":"first","10":"instock","11":"purchasable","12":"product-type-variable","13":"has-default-attributes"},"_links":{"self":[{"href":"https:\/\/artsvisuelsgatineau.com\/en\/wp-json\/wp\/v2\/product\/3460","targetHints":{"allow":["GET"]}}],"collection":[{"href":"https:\/\/artsvisuelsgatineau.com\/en\/wp-json\/wp\/v2\/product"}],"about":[{"href":"https:\/\/artsvisuelsgatineau.com\/en\/wp-json\/wp\/v2\/types\/product"}],"wp:featuredmedia":[{"embeddable":true,"href":"https:\/\/artsvisuelsgatineau.com\/en\/wp-json\/wp\/v2\/media\/171"}],"wp:attachment":[{"href":"https:\/\/artsvisuelsgatineau.com\/en\/wp-json\/wp\/v2\/media?parent=3460"}],"wp:term":[{"taxonomy":"product_brand","embeddable":true,"href":"https:\/\/artsvisuelsgatineau.com\/en\/wp-json\/wp\/v2\/product_brand?post=3460"},{"taxonomy":"product_cat","embeddable":true,"href":"https:\/\/artsvisuelsgatineau.com\/en\/wp-json\/wp\/v2\/product_cat?post=3460"},{"taxonomy":"product_tag","embeddable":true,"href":"https:\/\/artsvisuelsgatineau.com\/en\/wp-json\/wp\/v2\/product_tag?post=3460"}],"curies":[{"name":"wp","href":"https:\/\/api.w.org\/{rel}","templated":true}]}}