{"id":3468,"date":"2026-03-13T10:01:04","date_gmt":"2026-03-13T14:01:04","guid":{"rendered":"https:\/\/artsvisuelsgatineau.com\/?post_type=product&#038;p=3468"},"modified":"2026-03-13T10:13:25","modified_gmt":"2026-03-13T14:13:25","slug":"modele-vivant-avec-instructions-mai-2026","status":"publish","type":"product","link":"https:\/\/artsvisuelsgatineau.com\/en\/product\/modele-vivant-avec-instructions-mai-2026\/","title":{"rendered":"Live model (with instruction) - May 2026"},"content":{"rendered":"<p>For beginners or as a refresher, In this atelier Shawn Philip Hunsdale presents artistic challenges based on drawing a live model and the exploration of drawing the human form. You will learn how to: integrate the model into its environment, incorporate objects and costume elements, use two models at the same time, and represent a body in motion.<\/p>\r\n<p>Bring your own drawing materials within the medium of your choice. Given the limited space in the chalet, please refrain from using odorous materials, such as oil paints and solvents.<\/p>\r\n<p><strong>Registration: You may register for one or more sessions.<\/strong><\/p>\r\n<p><strong>Level: This is not a formal learning session, but it is one where each participant performs to his or her own level of ability, so all levels are welcome.<\/strong><\/p>\r\n<p><strong>Location: Chalet Jean-Ch\u00e9nier, 515 Jean-Ch\u00e9nier Street (Aylmer Sector)<\/strong><\/p>\r\n<p><strong>Date: Sunday, May 31, 2026<\/strong><\/p>\r\n<p><strong>Hours: 1 pm to 3:30 pm<\/strong><\/p>\r\n<p><strong>Maximum of 15 participants.<\/strong><\/p>\r\n<p><strong>Cost for members: $16, each Sunday (cost for non-members $21, each Sunday)<\/strong><\/p>\r\n<p><strong>About our host : <\/strong>Shawn Philip Hunsdale is a visual and performing artist and community organizer, who hosts several weekly drawing activities in Ottawa.<\/p>\r\n\r\n\r\n\r\n<p><a href=\"https:\/\/us02web.zoom.us\/clips\/share\/rHJMitHKL4zms6-d56CgTxThzmEnNgjIHIH1nrmOUAjj_lqpqqZOozGZGONPAQNyuPAvlA.k4imrexi2I6YKvpA\">AVG Workshop \u2013 Model with Instruction \u2013 Led by Shawn Philip <\/a><\/p>\r\n\r\n\r\n\r\n<div class=\"wp-block-columns is-layout-flex wp-container-core-columns-is-layout-9d6595d7 wp-block-columns-is-layout-flex\">\r\n<div class=\"wp-block-column is-layout-flow wp-block-column-is-layout-flow\" style=\"flex-basis: 100%;\">\r\n<div class=\"wp-block-columns is-layout-flex wp-container-core-columns-is-layout-9d6595d7 wp-block-columns-is-layout-flex\">\r\n<div class=\"wp-block-column is-layout-flow wp-block-column-is-layout-flow\">\r\n<figure class=\"wp-block-image size-large\"><a href=\"https:\/\/us02web.zoom.us\/clips\/share\/3WE4z2cxo0LackB2F4rzLqbBuhR0GYhJSjqDiGs5N9aUa93jJXMcuSaMRzNveU_K1WwYTg.cNoGVRsMMQ3klyBW\"><img loading=\"lazy\" decoding=\"async\" width=\"1024\" height=\"578\" class=\"wp-image-2004\" src=\"https:\/\/artsvisuelsgatineau.com\/wp-content\/uploads\/2024\/10\/Video-modele-vivant-1024x578.jpg\" alt=\"\" srcset=\"https:\/\/artsvisuelsgatineau.com\/wp-content\/uploads\/2024\/10\/Video-modele-vivant-1024x578.jpg 1024w, https:\/\/artsvisuelsgatineau.com\/wp-content\/uploads\/2024\/10\/Video-modele-vivant-300x169.jpg 300w, https:\/\/artsvisuelsgatineau.com\/wp-content\/uploads\/2024\/10\/Video-modele-vivant-768x433.jpg 768w, https:\/\/artsvisuelsgatineau.com\/wp-content\/uploads\/2024\/10\/Video-modele-vivant-18x10.jpg 18w, https:\/\/artsvisuelsgatineau.com\/wp-content\/uploads\/2024\/10\/Video-modele-vivant-400x226.jpg 400w, https:\/\/artsvisuelsgatineau.com\/wp-content\/uploads\/2024\/10\/Video-modele-vivant.jpg 1138w\" sizes=\"auto, (max-width: 1024px) 100vw, 1024px\" \/><\/a><\/figure>\r\n<\/div>\r\n\r\n\r\n\r\n<div class=\"wp-block-column is-layout-flow wp-block-column-is-layout-flow\">\u00a0<\/div>\r\n<\/div>\r\n<\/div>\r\n<\/div>","protected":false},"excerpt":{"rendered":"<p>Pour les d\u00e9butants ou pour une remise \u00e0 niveau, Shawn Philip Hunsdale pr\u00e9sente dans cet atelier des d\u00e9fis artistiques bas\u00e9s sur le dessin d&#8217;un&hellip;<\/p>","protected":false},"featured_media":2057,"template":"","meta":[],"product_brand":[],"product_cat":[43,65],"product_tag":[],"class_list":{"0":"post-3468","1":"product","2":"type-product","3":"status-publish","4":"has-post-thumbnail","6":"product_cat-ateliers","7":"product_cat-modele-vivant","9":"first","10":"instock","11":"purchasable","12":"product-type-variable","13":"has-default-attributes"},"_links":{"self":[{"href":"https:\/\/artsvisuelsgatineau.com\/en\/wp-json\/wp\/v2\/product\/3468","targetHints":{"allow":["GET"]}}],"collection":[{"href":"https:\/\/artsvisuelsgatineau.com\/en\/wp-json\/wp\/v2\/product"}],"about":[{"href":"https:\/\/artsvisuelsgatineau.com\/en\/wp-json\/wp\/v2\/types\/product"}],"wp:featuredmedia":[{"embeddable":true,"href":"https:\/\/artsvisuelsgatineau.com\/en\/wp-json\/wp\/v2\/media\/2057"}],"wp:attachment":[{"href":"https:\/\/artsvisuelsgatineau.com\/en\/wp-json\/wp\/v2\/media?parent=3468"}],"wp:term":[{"taxonomy":"product_brand","embeddable":true,"href":"https:\/\/artsvisuelsgatineau.com\/en\/wp-json\/wp\/v2\/product_brand?post=3468"},{"taxonomy":"product_cat","embeddable":true,"href":"https:\/\/artsvisuelsgatineau.com\/en\/wp-json\/wp\/v2\/product_cat?post=3468"},{"taxonomy":"product_tag","embeddable":true,"href":"https:\/\/artsvisuelsgatineau.com\/en\/wp-json\/wp\/v2\/product_tag?post=3468"}],"curies":[{"name":"wp","href":"https:\/\/api.w.org\/{rel}","templated":true}]}}