{"id":3493,"date":"2026-03-13T10:00:09","date_gmt":"2026-03-13T14:00:09","guid":{"rendered":"https:\/\/artsvisuelsgatineau.com\/?post_type=product&#038;p=3493"},"modified":"2026-03-24T15:10:44","modified_gmt":"2026-03-24T19:10:44","slug":"initiation-a-la-macrophotographie","status":"publish","type":"product","link":"https:\/\/artsvisuelsgatineau.com\/en\/product\/initiation-a-la-macrophotographie\/","title":{"rendered":"Introduction to Macro Photography"},"content":{"rendered":"<p>For photography beginners who want to explore close-up photography (flowers, insects, objects, textures, everyday details), with or without specialized equipment.<\/p>\n<p>At the end of the 6-hour workshop, participants will be able to:<\/p>\n<ul>\n<li>Understand what macro photography is and the concept of reproduction ratio.<\/li>\n<li>Configure their camera for close-up photography (focus, aperture, shutter speed, ISO).<\/li>\n<li>Manage shallow depth of field and sharpness.<\/li>\n<li>Use natural light and some simple lighting techniques.<\/li>\n<li>Create their first coherent macro images and analyze them critically.<\/li>\n<\/ul>\n<p>Prerequisites:<\/p>\n<ul>\n<li>Basic knowledge of photography (A\/Av, S\/Tv, M modes, exposure concepts) is a plus, but not required.<\/li>\n<li>Bring your own equipment: DSLR, mirrorless, or advanced compact camera. A macro lens is welcome but not required (you can work with a standard lens + close-up lenses or extension tubes, or in macro mode, etc.).<\/li>\n<\/ul>\n<p>Practical Information:<\/p>\n<ul>\n<li>Duration: 6 hours<\/li>\n<li>Ideal number of participants: 6 people for optimal individual guidance.<\/li>\n<\/ul>\n<p>Recommended equipment:<\/p>\n<ul>\n<li>Camera + charged battery + empty memory card<\/li>\n<li>If possible: tripod, macro lens, or close-up photography accessories (extension tubes, close-up lenses)<\/li>\n<li>Appropriate clothing if shooting outdoors (hat, long sleeves, sunscreen, etc.)<\/li>\n<\/ul>\n<p><strong>Level: beginner \/ intermediate<\/strong><\/p>\n<p><strong>Location : Chalet Jean-Ch\u00e9nier, 515 Jean-Ch\u00e9nier Street (Aylmer Sector)<\/strong><\/p>\n<p><strong>Dates: <\/strong><strong>Thursday, May 14 and 21<\/strong><\/p>\n<p><strong>Hours: 9 a.m. to noon <\/strong><\/p>\n<p><strong>The course will be offered in French<\/strong><strong>, but the instructor is bilingual.<\/strong><\/p>\n<p><strong>Minimum of 5 participants.<\/strong><\/p>\n<p><strong>Cost for members: $42 (for non-members $47)<\/strong><\/p>\n<p><strong>Regarding the instructor:<\/strong> Raymond Charette was born in downtown Montreal into a modest family. While at university, in addition to his literary studies, he bought a 35 mm camera, set up a darkroom, and made his first black-and-white silver prints. It was a revelation! From that moment on, books on the technique, history, and aesthetics of photography took precedence over all others. He was self-taught through and through.<\/p>\n<p>After forty years of living and working in audiovisual media, he switched to digital photography and began showing his nature images. More than ever, he devoted himself to his passion. His recent subjects come from the plant kingdom, flowers, which he displays in series of close-up shots. For several years, he has been exploring these organic forms in the open air.<\/p>\n<p>Today, his style is evolving. In winter, he takes more controlled shots in the studio; in the warmer months, he shoots outdoors with more pronounced lighting. Literally inches away from his subjects, he moves closer to abstraction and away from representation.<\/p>","protected":false},"excerpt":{"rendered":"<p>Pour les d\u00e9butants en photographie souhaitant d\u00e9couvrir la prise de vue rapproch\u00e9e (fleurs, insectes, objets, textures, d\u00e9tails du quotidien), avec ou sans mat\u00e9riel sp\u00e9cialis\u00e9.&hellip;<\/p>","protected":false},"featured_media":3496,"template":"","meta":[],"product_brand":[],"product_cat":[43,66],"product_tag":[],"class_list":{"0":"post-3493","1":"product","2":"type-product","3":"status-publish","4":"has-post-thumbnail","6":"product_cat-ateliers","7":"product_cat-nouveau","9":"first","10":"instock","11":"shipping-taxable","12":"purchasable","13":"product-type-variable","14":"has-default-attributes"},"_links":{"self":[{"href":"https:\/\/artsvisuelsgatineau.com\/en\/wp-json\/wp\/v2\/product\/3493","targetHints":{"allow":["GET"]}}],"collection":[{"href":"https:\/\/artsvisuelsgatineau.com\/en\/wp-json\/wp\/v2\/product"}],"about":[{"href":"https:\/\/artsvisuelsgatineau.com\/en\/wp-json\/wp\/v2\/types\/product"}],"wp:featuredmedia":[{"embeddable":true,"href":"https:\/\/artsvisuelsgatineau.com\/en\/wp-json\/wp\/v2\/media\/3496"}],"wp:attachment":[{"href":"https:\/\/artsvisuelsgatineau.com\/en\/wp-json\/wp\/v2\/media?parent=3493"}],"wp:term":[{"taxonomy":"product_brand","embeddable":true,"href":"https:\/\/artsvisuelsgatineau.com\/en\/wp-json\/wp\/v2\/product_brand?post=3493"},{"taxonomy":"product_cat","embeddable":true,"href":"https:\/\/artsvisuelsgatineau.com\/en\/wp-json\/wp\/v2\/product_cat?post=3493"},{"taxonomy":"product_tag","embeddable":true,"href":"https:\/\/artsvisuelsgatineau.com\/en\/wp-json\/wp\/v2\/product_tag?post=3493"}],"curies":[{"name":"wp","href":"https:\/\/api.w.org\/{rel}","templated":true}]}}