{"id":3521,"date":"2026-03-13T09:57:13","date_gmt":"2026-03-13T13:57:13","guid":{"rendered":"https:\/\/artsvisuelsgatineau.com\/?post_type=product&#038;p=3521"},"modified":"2026-03-23T11:38:22","modified_gmt":"2026-03-23T15:38:22","slug":"cafe-decouverte-claire-morissette","status":"publish","type":"product","link":"https:\/\/artsvisuelsgatineau.com\/en\/product\/cafe-decouverte-claire-morissette\/","title":{"rendered":"Discovery caf\u00e9 - Claire Morissette"},"content":{"rendered":"<p>Claire Morissette will introduce us to <strong>Caroline Monnet, an international artist born and raised in our region.<\/strong>.<\/p>\n<p>Of Indigenous descent on her mother's side and French on her father's, Caroline Monnet is a contemporary artist from the Outaouais. With over 50 solo exhibitions and 60 group exhibitions to her credit, she enjoys considerable visibility both in Canada and internationally. Through her films and visual arts practice, she explores social issues such as assimilation, Indigenous identity, the housing crisis, and the environment, while also conveying messages of hope and pride.<\/p>\n<p><strong>Level: This presentation is for all levels.<\/strong><\/p>\n<p><strong>Location : Chalet Jean-Ch\u00e9nier, 515 Jean-Ch\u00e9nier Street (Aylmer Sector)<\/strong><\/p>\n<p><strong>Dates: <\/strong><strong>Wednesday, May 6, 2026<\/strong><\/p>\n<p><strong>Hours: 7:00 pm to 9:00 pm <\/strong><\/p>\n<p><strong>This presentation will be offered in French<\/strong><strong>, but the presenter is bilingual.<\/strong><\/p>\n<p><strong>Minimum of 11 participants.<\/strong><\/p>\n<p><strong>Cost for members: $5 (for non-members $6)<\/strong><\/p>\n<p><strong>Regarding the presenter: <\/strong>Claire Morissette is actively involved in organizing the conferences for the Art Appreciation Group of the Log Cabin Seniors Corporation. Claire has given several presentations there, which explore the world of art in a rigorous yet dynamic manner.<\/p>","protected":false},"excerpt":{"rendered":"<p>Claire Morissette nous pr\u00e9sentera Caroline Monnet, artiste international, native de chez nous. D\u2019origine autochtone par sa m\u00e8re et fran\u00e7aise par son p\u00e8re, Caroline Monnet&hellip;<\/p>","protected":false},"featured_media":2540,"template":"","meta":[],"product_brand":[],"product_cat":[43,75],"product_tag":[],"class_list":{"0":"post-3521","1":"product","2":"type-product","3":"status-publish","4":"has-post-thumbnail","6":"product_cat-ateliers","7":"product_cat-cafe-decouverte","9":"first","10":"instock","11":"purchasable","12":"product-type-variable","13":"has-default-attributes"},"_links":{"self":[{"href":"https:\/\/artsvisuelsgatineau.com\/en\/wp-json\/wp\/v2\/product\/3521","targetHints":{"allow":["GET"]}}],"collection":[{"href":"https:\/\/artsvisuelsgatineau.com\/en\/wp-json\/wp\/v2\/product"}],"about":[{"href":"https:\/\/artsvisuelsgatineau.com\/en\/wp-json\/wp\/v2\/types\/product"}],"wp:featuredmedia":[{"embeddable":true,"href":"https:\/\/artsvisuelsgatineau.com\/en\/wp-json\/wp\/v2\/media\/2540"}],"wp:attachment":[{"href":"https:\/\/artsvisuelsgatineau.com\/en\/wp-json\/wp\/v2\/media?parent=3521"}],"wp:term":[{"taxonomy":"product_brand","embeddable":true,"href":"https:\/\/artsvisuelsgatineau.com\/en\/wp-json\/wp\/v2\/product_brand?post=3521"},{"taxonomy":"product_cat","embeddable":true,"href":"https:\/\/artsvisuelsgatineau.com\/en\/wp-json\/wp\/v2\/product_cat?post=3521"},{"taxonomy":"product_tag","embeddable":true,"href":"https:\/\/artsvisuelsgatineau.com\/en\/wp-json\/wp\/v2\/product_tag?post=3521"}],"curies":[{"name":"wp","href":"https:\/\/api.w.org\/{rel}","templated":true}]}}