{"id":223,"date":"2023-10-09T10:58:11","date_gmt":"2023-10-09T14:58:11","guid":{"rendered":"https:\/\/artsvisuelsgatineau.com\/?page_id=223"},"modified":"2025-11-05T20:00:19","modified_gmt":"2025-11-06T01:00:19","slug":"devenir-membre","status":"publish","type":"page","link":"https:\/\/artsvisuelsgatineau.com\/fr\/devenir-membre\/","title":{"rendered":"Devenir membre"},"content":{"rendered":"\n<p>Arts visuels de Gatineau (AVG) offre divers services, activit\u00e9s et expositions \u00e0 ses membres. <strong>Les membres doivent \u00eatre \u00e2g\u00e9s de 18 ans<\/strong> et payer des frais d\u2019adh\u00e9sion annuelle de 25 $ (pour la p\u00e9riode allant du 1er septembre au 31 ao\u00fbt de chaque ann\u00e9e). Pour les renouvellements, c&#8217;est 25 $ avant le 15 octobre. Apr\u00e8s cette date, les frais sont de 35 $.<\/p>\n\n\n\n<p><strong>En plus, avec votre carte de membre, vous pouvez obtenir des rabais int\u00e9ressants aux endroits suivants<\/strong><\/p>\n\n\n\n<ul class=\"wp-block-list\">\n<li>Arts visuels de Gatineau : r\u00e9duction sur le co\u00fbt de certains cours ou ateliers, \u00e0 des expositions, acc\u00e8s \u00e0 des march\u00e9s publiques, etc;<\/li>\n\n\n\n<li>\u00c0 l\u2019\u00c9chelle du Monde : 74, boul. Gr\u00e9ber, Gatineau : 10 % \u00e0 15 %;<\/li>\n\n\n\n<li>Encadrement 2000 : 181, rue Principale, Gatineau : 10 %;<\/li>\n\n\n\n<li>Espace 33 : 33, rue Principale, Gatineau : escompte sur encadrement \u00e0 discuter;<\/li>\n\n\n\n<li>L&#8217;Encadr\u00e9 : 851, boul. St-Ren\u00e9 Ouest, Unit\u00e9 A, Gatineau : 15%<\/li>\n<\/ul>\n\n\n\n<hr class=\"wp-block-separator has-alpha-channel-opacity\"\/>\n\n\n\n<p><strong><mark style=\"background-color:rgba(0, 0, 0, 0)\" class=\"has-inline-color has-vivid-red-color\">Nouveaut\u00e9 en 2025 : votre CV artistique<\/mark><\/strong><\/p>\n\n\n\n<p>Afin de mieux conna\u00eetre nos membres et de valoriser leurs d\u00e9marches, nous vous invitons \u00e0 nous transmettre votre&nbsp;<strong>CV artistique<\/strong>&nbsp;(si vous en avez un).<br>Vous pouvez l\u2019envoyer en pi\u00e8ce jointe \u00e0 votre courriel de renouvellement ou l\u2019inclure dans votre envoi postal.<\/p>\n\n\n\n<p>Exemple de CV artitistique<\/p>\n\n\n\n<figure class=\"wp-block-image size-full is-resized\"><a href=\"https:\/\/artsvisuelsgatineau.com\/wp-content\/uploads\/2025\/08\/Curriculum-Vitae-artistique-exemple-1.docx\"><img loading=\"lazy\" decoding=\"async\" width=\"308\" height=\"315\" src=\"https:\/\/artsvisuelsgatineau.com\/wp-content\/uploads\/2025\/08\/Word.jpg\" alt=\"\" class=\"wp-image-2700\" style=\"width:88px;height:auto\" srcset=\"https:\/\/artsvisuelsgatineau.com\/wp-content\/uploads\/2025\/08\/Word.jpg 308w, https:\/\/artsvisuelsgatineau.com\/wp-content\/uploads\/2025\/08\/Word-293x300.jpg 293w, https:\/\/artsvisuelsgatineau.com\/wp-content\/uploads\/2025\/08\/Word-12x12.jpg 12w\" sizes=\"auto, (max-width: 308px) 100vw, 308px\" \/><\/a><\/figure>\n\n\n\n<p><strong>POUR DEVENIR MEMBRE<\/strong>&nbsp;<\/p>\n\n\n\n<p>Compl\u00e9tez le formulaire d&#8217;adh\u00e9sion en&nbsp;<a href=\"\/formulaire-dadhesion\" title=\"\"><strong>version \u00e9lectronique (ici)<\/strong><\/a>&nbsp;et payez par carte de cr\u00e9dit.<\/p>\n\n\n\n<figure class=\"wp-block-image size-full is-resized\"><a href=\"\/formulaire-dadhesion\" rel=\"\/wordpress\/formulaire-dadhesion\/\"><img loading=\"lazy\" decoding=\"async\" width=\"225\" height=\"225\" src=\"https:\/\/artsvisuelsgatineau.com\/wp-content\/uploads\/Logos_images\/Logo-form.jpg\" alt=\"\" class=\"wp-image-237\" style=\"width:93px;height:93px\" srcset=\"https:\/\/artsvisuelsgatineau.com\/wp-content\/uploads\/Logos_images\/Logo-form.jpg 225w, https:\/\/artsvisuelsgatineau.com\/wp-content\/uploads\/Logos_images\/Logo-form-200x200.jpg 200w, https:\/\/artsvisuelsgatineau.com\/wp-content\/uploads\/Logos_images\/Logo-form-100x100.jpg 100w, https:\/\/artsvisuelsgatineau.com\/wp-content\/uploads\/Logos_images\/Logo-form-150x150.jpg 150w, https:\/\/artsvisuelsgatineau.com\/wp-content\/uploads\/Logos_images\/Logo-form-12x12.jpg 12w\" sizes=\"auto, (max-width: 225px) 100vw, 225px\" \/><\/a><\/figure>\n\n\n\n<p>Comme choix alternatif, vous pouvez compl\u00e9ter le formulaire d&#8217;adh\u00e9sion en format papier<\/p>\n\n\n\n<figure class=\"wp-block-image size-full is-resized\"><a href=\"https:\/\/artsvisuelsgatineau.com\/wp-content\/uploads\/PDF\/Formulaire_dadhsion_2021.pdf\"><img loading=\"lazy\" decoding=\"async\" width=\"121\" height=\"121\" src=\"https:\/\/artsvisuelsgatineau.com\/wp-content\/uploads\/Logos_images\/Logo_PDF.jpg\" alt=\"\" class=\"wp-image-67\" style=\"width:94px;height:94px\" srcset=\"https:\/\/artsvisuelsgatineau.com\/wp-content\/uploads\/Logos_images\/Logo_PDF.jpg 121w, https:\/\/artsvisuelsgatineau.com\/wp-content\/uploads\/Logos_images\/Logo_PDF-100x100.jpg 100w, https:\/\/artsvisuelsgatineau.com\/wp-content\/uploads\/Logos_images\/Logo_PDF-12x12.jpg 12w\" sizes=\"auto, (max-width: 121px) 100vw, 121px\" \/><\/a><\/figure>\n\n\n\n<p><strong><a href=\"https:\/\/artsvisuelsgatineau.com\/images\/PDF\/Formulaire_dadhsion_2021.pdf\"><\/a>&nbsp;<\/strong>et postez le tout avec un ch\u00e8que \u00e0&nbsp;:<\/p>\n\n\n\n<p><strong>Arts visuels de Gatineau (Attention&nbsp;: Adh\u00e9sion)<\/strong><br>Case postale 224, Gatineau, Qc J9H 5E5<\/p>\n\n\n\n<div class=\"wp-block-buttons is-layout-flex wp-block-buttons-is-layout-flex\">\n<div class=\"wp-block-button\"><a class=\"wp-block-button__link wp-element-button\" href=\"\/produit\/adhesion\">Paiement en ligne<\/a><\/div>\n<\/div>\n","protected":false},"excerpt":{"rendered":"<p>Arts visuels de Gatineau (AVG) offre divers services, activit\u00e9s et expositions \u00e0 ses membres. Les membres doivent \u00eatre \u00e2g\u00e9s de 18 ans et payer&hellip;<\/p>\n","protected":false},"author":1,"featured_media":0,"parent":0,"menu_order":0,"comment_status":"closed","ping_status":"closed","template":"","meta":{"footnotes":""},"class_list":["post-223","page","type-page","status-publish","hentry"],"_links":{"self":[{"href":"https:\/\/artsvisuelsgatineau.com\/fr\/wp-json\/wp\/v2\/pages\/223","targetHints":{"allow":["GET"]}}],"collection":[{"href":"https:\/\/artsvisuelsgatineau.com\/fr\/wp-json\/wp\/v2\/pages"}],"about":[{"href":"https:\/\/artsvisuelsgatineau.com\/fr\/wp-json\/wp\/v2\/types\/page"}],"author":[{"embeddable":true,"href":"https:\/\/artsvisuelsgatineau.com\/fr\/wp-json\/wp\/v2\/users\/1"}],"replies":[{"embeddable":true,"href":"https:\/\/artsvisuelsgatineau.com\/fr\/wp-json\/wp\/v2\/comments?post=223"}],"version-history":[{"count":28,"href":"https:\/\/artsvisuelsgatineau.com\/fr\/wp-json\/wp\/v2\/pages\/223\/revisions"}],"predecessor-version":[{"id":2849,"href":"https:\/\/artsvisuelsgatineau.com\/fr\/wp-json\/wp\/v2\/pages\/223\/revisions\/2849"}],"wp:attachment":[{"href":"https:\/\/artsvisuelsgatineau.com\/fr\/wp-json\/wp\/v2\/media?parent=223"}],"curies":[{"name":"wp","href":"https:\/\/api.w.org\/{rel}","templated":true}]}}