{"id":2288,"date":"2025-03-10T13:20:57","date_gmt":"2025-03-10T17:20:57","guid":{"rendered":"https:\/\/artsvisuelsgatineau.com\/?page_id=2288"},"modified":"2026-03-30T12:23:41","modified_gmt":"2026-03-30T16:23:41","slug":"expo-vente-printaniere-2025","status":"publish","type":"page","link":"https:\/\/artsvisuelsgatineau.com\/fr\/expo-vente-printaniere-2025\/","title":{"rendered":"Expo-Vente Printani\u00e8re"},"content":{"rendered":"\n<figure class=\"wp-block-image size-large\"><img loading=\"lazy\" decoding=\"async\" width=\"1024\" height=\"210\" src=\"https:\/\/artsvisuelsgatineau.com\/wp-content\/uploads\/2025\/03\/2025_banniere_FR-1024x210.jpg\" alt=\"\" class=\"wp-image-2289\" srcset=\"https:\/\/artsvisuelsgatineau.com\/wp-content\/uploads\/2025\/03\/2025_banniere_FR-1024x210.jpg 1024w, https:\/\/artsvisuelsgatineau.com\/wp-content\/uploads\/2025\/03\/2025_banniere_FR-300x62.jpg 300w, https:\/\/artsvisuelsgatineau.com\/wp-content\/uploads\/2025\/03\/2025_banniere_FR-768x157.jpg 768w, https:\/\/artsvisuelsgatineau.com\/wp-content\/uploads\/2025\/03\/2025_banniere_FR-18x4.jpg 18w, https:\/\/artsvisuelsgatineau.com\/wp-content\/uploads\/2025\/03\/2025_banniere_FR-400x82.jpg 400w, https:\/\/artsvisuelsgatineau.com\/wp-content\/uploads\/2025\/03\/2025_banniere_FR.jpg 1200w\" sizes=\"auto, (max-width: 1024px) 100vw, 1024px\" \/><\/figure>\n\n\n\n<p>Arts visuels de Gatineau vous invite \u00e0 son exposition-vente des \u0153uvres de trente-sept de ses artistes. Vous y trouverez des travaux dans les genres peinture, aquarelle, dessin, m\u00e9dias mixtes, joaillerie, vitrail et textile.<\/p>\n\n\n\n<p>Venez les rencontrer, d\u00e9couvrir leur travail et b\u00e9n\u00e9ficier de leur cr\u00e9ativit\u00e9 en ce beau d\u00e9but de printemps.<\/p>\n\n\n\n<p>L\u2019\u00e9v\u00e9nement est gratuit et ouvert \u00e0 tous.&nbsp;<\/p>\n\n\n\n<p>Vendredi 25 avril 2025 de 19 h \u00e0 21 h<\/p>\n\n\n\n<p>Samedi 26 avril 2025 de 10 h \u00e0 17 h<\/p>\n\n\n\n<p>Dimanche 27 avril 2025 de 9 h \u00e0 14 h<\/p>\n\n\n\n<p>Lieu : Centre communautaire T\u00e9treau (pr\u00e8s du parc Moussette, secteur Hull)<\/p>\n\n\n\n<p>361 boulevard de Lucerne, Gatineau<\/p>\n\n\n\n<p>Lien \u00e0 la carte Google&nbsp;:<a href=\"https:\/\/maps.app.goo.gl\/ux5KoPZzvUgkBtEe8\">https:\/\/maps.app.goo.gl\/ux5KoPZzvUgkBtEe8<\/a><\/p>\n\n\n\n<p>Pour plus d&#8217;information, veuillez \u00e9crire \u00e0 : <a href=\"mailto:bonjour@artsvisuelsgatineau.com\">bonjour@artsvisuelsgatineau.com<\/a><\/p>\n\n\n\n<div class=\"wp-block-columns is-layout-flex wp-container-core-columns-is-layout-9d6595d7 wp-block-columns-is-layout-flex\">\n<div class=\"wp-block-column is-layout-flow wp-block-column-is-layout-flow\">\n<figure class=\"wp-block-image size-full\"><img loading=\"lazy\" decoding=\"async\" width=\"613\" height=\"793\" src=\"https:\/\/artsvisuelsgatineau.com\/wp-content\/uploads\/2025\/04\/2025_expo-printaniere_Liste-participant_FR-002.jpg\" alt=\"\" class=\"wp-image-2430\" srcset=\"https:\/\/artsvisuelsgatineau.com\/wp-content\/uploads\/2025\/04\/2025_expo-printaniere_Liste-participant_FR-002.jpg 613w, https:\/\/artsvisuelsgatineau.com\/wp-content\/uploads\/2025\/04\/2025_expo-printaniere_Liste-participant_FR-002-232x300.jpg 232w, https:\/\/artsvisuelsgatineau.com\/wp-content\/uploads\/2025\/04\/2025_expo-printaniere_Liste-participant_FR-002-9x12.jpg 9w, https:\/\/artsvisuelsgatineau.com\/wp-content\/uploads\/2025\/04\/2025_expo-printaniere_Liste-participant_FR-002-400x517.jpg 400w\" sizes=\"auto, (max-width: 613px) 100vw, 613px\" \/><\/figure>\n<\/div>\n\n\n\n<div class=\"wp-block-column is-layout-flow wp-block-column-is-layout-flow\">\n<p><\/p>\n\n\n\n<figure class=\"wp-block-image size-full\"><img loading=\"lazy\" decoding=\"async\" width=\"2323\" height=\"1758\" src=\"https:\/\/artsvisuelsgatineau.com\/wp-content\/uploads\/2024\/05\/039-_89A7199.jpg\" alt=\"\" class=\"wp-image-1295\" srcset=\"https:\/\/artsvisuelsgatineau.com\/wp-content\/uploads\/2024\/05\/039-_89A7199.jpg 2323w, https:\/\/artsvisuelsgatineau.com\/wp-content\/uploads\/2024\/05\/039-_89A7199-300x227.jpg 300w, https:\/\/artsvisuelsgatineau.com\/wp-content\/uploads\/2024\/05\/039-_89A7199-1024x775.jpg 1024w, https:\/\/artsvisuelsgatineau.com\/wp-content\/uploads\/2024\/05\/039-_89A7199-768x581.jpg 768w, https:\/\/artsvisuelsgatineau.com\/wp-content\/uploads\/2024\/05\/039-_89A7199-1536x1162.jpg 1536w, https:\/\/artsvisuelsgatineau.com\/wp-content\/uploads\/2024\/05\/039-_89A7199-2048x1550.jpg 2048w, https:\/\/artsvisuelsgatineau.com\/wp-content\/uploads\/2024\/05\/039-_89A7199-16x12.jpg 16w, https:\/\/artsvisuelsgatineau.com\/wp-content\/uploads\/2024\/05\/039-_89A7199-120x90.jpg 120w, https:\/\/artsvisuelsgatineau.com\/wp-content\/uploads\/2024\/05\/039-_89A7199-400x303.jpg 400w\" sizes=\"auto, (max-width: 2323px) 100vw, 2323px\" \/><\/figure>\n<\/div>\n<\/div>\n\n\n\n<p><\/p>\n","protected":false},"excerpt":{"rendered":"<p>Arts visuels de Gatineau vous invite \u00e0 son exposition-vente des \u0153uvres de trente-sept de ses artistes. Vous y trouverez des travaux dans les genres&hellip;<\/p>\n","protected":false},"author":1,"featured_media":0,"parent":0,"menu_order":0,"comment_status":"closed","ping_status":"closed","template":"","meta":{"footnotes":""},"class_list":["post-2288","page","type-page","status-publish","hentry"],"_links":{"self":[{"href":"https:\/\/artsvisuelsgatineau.com\/fr\/wp-json\/wp\/v2\/pages\/2288","targetHints":{"allow":["GET"]}}],"collection":[{"href":"https:\/\/artsvisuelsgatineau.com\/fr\/wp-json\/wp\/v2\/pages"}],"about":[{"href":"https:\/\/artsvisuelsgatineau.com\/fr\/wp-json\/wp\/v2\/types\/page"}],"author":[{"embeddable":true,"href":"https:\/\/artsvisuelsgatineau.com\/fr\/wp-json\/wp\/v2\/users\/1"}],"replies":[{"embeddable":true,"href":"https:\/\/artsvisuelsgatineau.com\/fr\/wp-json\/wp\/v2\/comments?post=2288"}],"version-history":[{"count":11,"href":"https:\/\/artsvisuelsgatineau.com\/fr\/wp-json\/wp\/v2\/pages\/2288\/revisions"}],"predecessor-version":[{"id":2432,"href":"https:\/\/artsvisuelsgatineau.com\/fr\/wp-json\/wp\/v2\/pages\/2288\/revisions\/2432"}],"wp:attachment":[{"href":"https:\/\/artsvisuelsgatineau.com\/fr\/wp-json\/wp\/v2\/media?parent=2288"}],"curies":[{"name":"wp","href":"https:\/\/api.w.org\/{rel}","templated":true}]}}