{"id":2871,"date":"2025-11-13T14:42:40","date_gmt":"2025-11-13T19:42:40","guid":{"rendered":"https:\/\/artsvisuelsgatineau.com\/?page_id=2871"},"modified":"2026-03-02T11:36:00","modified_gmt":"2026-03-02T16:36:00","slug":"avantages-pour-les-membres","status":"publish","type":"page","link":"https:\/\/artsvisuelsgatineau.com\/fr\/avantages-pour-les-membres\/","title":{"rendered":"Avantages pour les membres"},"content":{"rendered":"\n<p>Arts visuels de Gatineau participe activement au d\u00e9veloppement des arts visuels de la r\u00e9gion. Notre organisme sans but lucratif met sur pied des programmes, des \u00e9v\u00e9nements, des ateliers et des services pour soutenir nos membres et mettre en lumi\u00e8re le talent et la vitalit\u00e9 de notre communaut\u00e9.<\/p>\n\n\n\n<p>L\u2019adh\u00e9sion \u00e0 Arts visuels de Gatineau ne se limite pas aux artistes r\u00e9sidant \u00e0 Gatineau : elle est ouverte \u00e0 l\u2019ensemble de la communaut\u00e9 artistique, tant professionnelle qu\u2019amateure, de la grande r\u00e9gion de l\u2019Outaouais et des environs, ainsi qu\u2019aux personnes qui soutiennent et s\u2019int\u00e9ressent \u00e0 ses activit\u00e9s.<\/p>\n\n\n\n<p><strong>Pourquoi devenir membre<\/strong><\/p>\n\n\n\n<p>\u00catre membre d\u2019Arts visuels de Gatineau, c\u2019est acc\u00e9der \u00e0 une gamme de services, de rabais, d\u2019opportunit\u00e9s de visibilit\u00e9, de r\u00e9seautage et de formations. Mais plus que tout, c\u2019est une occasion de tisser des liens avec des gens qui partagent nos aspirations et nos int\u00e9r\u00eats.<\/p>\n\n\n\n<ul class=\"wp-block-list\">\n<li>Participation \u00e0 des expositions et acc\u00e8s \u00e0 des march\u00e9s<\/li>\n\n\n\n<li>Visibilit\u00e9 et promotion (vitrine des artistes, r\u00e9seaux sociaux, campagnes publicitaires, etc.)<\/li>\n\n\n\n<li>Tarifs d\u2019inscription r\u00e9duits aux ateliers et aux autres activit\u00e9s<\/li>\n\n\n\n<li>Rabais chez nos partenaires<\/li>\n\n\n\n<li>Possibilit\u00e9 d\u2019implication dans les affaires d\u2019AVG (C.A.) et droit de vote \u00e0 l\u2019assembl\u00e9e g\u00e9n\u00e9rale annuelle (AGA)<\/li>\n\n\n\n<li>Outils et ressources<\/li>\n\n\n\n<li>Animation d\u2019ateliers<\/li>\n\n\n\n<li>Autres opportunit\u00e9s au cas par cas&nbsp;<\/li>\n<\/ul>\n\n\n\n<p><strong>Nos partenaires<\/strong><\/p>\n\n\n\n<ul class=\"wp-block-list\">\n<li>\u00c0 l\u2019\u00c9chelle du Monde, 74, boul. Gr\u00e9ber, Gatineau<\/li>\n\n\n\n<li>Encadrement 2000, 181, rue Principale, Gatineau<\/li>\n\n\n\n<li>Espace 33, 33, rue Principale, Gatineau<\/li>\n\n\n\n<li>L\u2019Encadr\u00e9, 851, boul. St-Ren\u00e9 Ouest, Unit\u00e9 A<\/li>\n<\/ul>\n\n\n\n<p>Sur pr\u00e9sentation de leur carte, les membres d\u2019Arts visuels de Gatineau profitent de r\u00e9ductions (variant g\u00e9n\u00e9ralement de 10 % \u00e0 15 % de rabais) chez nos partenaires-marchands. Que ce soit pour l\u2019achat de mat\u00e9riel d\u2019art ou pour l\u2019encadrement de vos \u0153uvres, c\u2019est un petit plus qui vaut son pesant d\u2019or!<\/p>\n\n\n\n<p>Demandez votre carte d\u00e8s aujourd\u2019hui pour acc\u00e9der \u00e0 ces rabais!<\/p>\n\n\n\n<div class=\"wp-block-columns is-layout-flex wp-container-core-columns-is-layout-9d6595d7 wp-block-columns-is-layout-flex\">\n<div class=\"wp-block-column is-layout-flow wp-block-column-is-layout-flow\">\n<div class=\"wp-block-buttons is-layout-flex wp-block-buttons-is-layout-flex\">\n<div class=\"wp-block-button\"><a class=\"wp-block-button__link wp-element-button\" href=\"https:\/\/artsvisuelsgatineau.com\/fr\/nouvelle-adhesion\/\">Je deviens membre<\/a><\/div>\n<\/div>\n<\/div>\n\n\n\n<div class=\"wp-block-column is-layout-flow wp-block-column-is-layout-flow\">\n<div class=\"wp-block-buttons is-layout-flex wp-block-buttons-is-layout-flex\">\n<div class=\"wp-block-button\"><a class=\"wp-block-button__link wp-element-button\" href=\"\/renouvellement\/\">Je renouvelle mon adh\u00e9sion<\/a><\/div>\n<\/div>\n<\/div>\n<\/div>\n\n\n\n<p><\/p>\n","protected":false},"excerpt":{"rendered":"<p>Arts visuels de Gatineau participe activement au d\u00e9veloppement des arts visuels de la r\u00e9gion. Notre organisme sans but lucratif met sur pied des programmes,&hellip;<\/p>\n","protected":false},"author":1,"featured_media":0,"parent":0,"menu_order":0,"comment_status":"closed","ping_status":"closed","template":"","meta":{"footnotes":""},"class_list":["post-2871","page","type-page","status-publish","hentry"],"_links":{"self":[{"href":"https:\/\/artsvisuelsgatineau.com\/fr\/wp-json\/wp\/v2\/pages\/2871","targetHints":{"allow":["GET"]}}],"collection":[{"href":"https:\/\/artsvisuelsgatineau.com\/fr\/wp-json\/wp\/v2\/pages"}],"about":[{"href":"https:\/\/artsvisuelsgatineau.com\/fr\/wp-json\/wp\/v2\/types\/page"}],"author":[{"embeddable":true,"href":"https:\/\/artsvisuelsgatineau.com\/fr\/wp-json\/wp\/v2\/users\/1"}],"replies":[{"embeddable":true,"href":"https:\/\/artsvisuelsgatineau.com\/fr\/wp-json\/wp\/v2\/comments?post=2871"}],"version-history":[{"count":15,"href":"https:\/\/artsvisuelsgatineau.com\/fr\/wp-json\/wp\/v2\/pages\/2871\/revisions"}],"predecessor-version":[{"id":3430,"href":"https:\/\/artsvisuelsgatineau.com\/fr\/wp-json\/wp\/v2\/pages\/2871\/revisions\/3430"}],"wp:attachment":[{"href":"https:\/\/artsvisuelsgatineau.com\/fr\/wp-json\/wp\/v2\/media?parent=2871"}],"curies":[{"name":"wp","href":"https:\/\/api.w.org\/{rel}","templated":true}]}}