{"id":2879,"date":"2025-11-13T15:07:28","date_gmt":"2025-11-13T20:07:28","guid":{"rendered":"https:\/\/artsvisuelsgatineau.com\/?page_id=2879"},"modified":"2026-01-09T14:13:19","modified_gmt":"2026-01-09T19:13:19","slug":"nouvelle-adhesion","status":"publish","type":"page","link":"https:\/\/artsvisuelsgatineau.com\/fr\/nouvelle-adhesion\/","title":{"rendered":"Nouvelle adh\u00e9sion"},"content":{"rendered":"\n<p>Devenez membre d\u2019Arts visuels de Gatineau (AVG) pour acc\u00e9der \u00e0 nos divers <strong>services, activit\u00e9s et expositions<\/strong>&nbsp;et \u00e0 nos tarifs r\u00e9duits!&nbsp;<\/p>\n\n\n\n<p>Vous pouvez devenir membre \u00e0 n\u2019importe quel moment de l\u2019ann\u00e9e, mais les adh\u00e9sions prennent fin \u00e0 date fixe, soit le <strong>31 ao\u00fbt de chaque ann\u00e9e<\/strong>, peu importe la date d\u2019adh\u00e9sion.Vous devrez donc&nbsp;<a href=\"\/renouvellement\/\">renouveler votre adh\u00e9sion<\/a>&nbsp;avant cette date pour continuer \u00e0 b\u00e9n\u00e9ficier de vos avantages l\u2019ann\u00e9e suivante.<\/p>\n\n\n\n<p><strong>Conditions d\u2019adh\u00e9sion&nbsp;:<\/strong><\/p>\n\n\n\n<ul class=\"wp-block-list\">\n<li>\u00catre \u00e2g\u00e9 de 18 ans,&nbsp;ou plus<\/li>\n\n\n\n<li>Payer des frais d\u2019adh\u00e9sion annuels de 25 $&nbsp;<\/li>\n\n\n\n<li><a href=\"https:\/\/artsvisuelsgatineau.com\/code-dethique\/\">Lire le code d&#8217;\u00e9thique de l\u2019AVG\u00a0<\/a><\/li>\n<\/ul>\n\n\n\n<p><strong>Proc\u00e9dure<\/strong><\/p>\n\n\n\n<p><em>Note&nbsp;: Si vous \u00eates d\u00e9j\u00e0 membre d\u2019AVG et souhaitez proc\u00e9der au renouvellement de votre adh\u00e9sion, dirigez-vous vers&nbsp;<a href=\"\/renouvellement\/\">la page d\u00e9di\u00e9e \u00e0 cette fin<\/a><\/em><\/p>\n\n\n\n<p><strong>\u00c9tape 1&nbsp;:<\/strong>&nbsp;choisissez parmi nos deux options d\u2019inscription ci-dessous&nbsp;(en ligne ou par la poste) et cliquez sur le bouton propos\u00e9.<\/p>\n\n\n\n<p><strong>\u00c9tape 2&nbsp;:<\/strong>&nbsp;remplissez tous les champs du formulaire \u00e0 l\u2019\u00e9cran. Pour l\u2019option par la poste, vous pouvez aussi choisir d\u2019imprimer le formulaire et le remplir.<\/p>\n\n\n\n<p>Vous aurez l\u2019option de joindre votre CV artistique (voir&nbsp;<a href=\"https:\/\/artsvisuelsgatineau.com\/fr\/cv-artistique\/\">exemple<\/a>) pour nous permettre de mieux vous conna\u00eetre. Pensez \u00e0 le pr\u00e9parer \u00e0 l\u2019avance pour l\u2019avoir sous la main!<\/p>\n\n\n\n<p><strong>\u00c9tape 3&nbsp;:<\/strong>&nbsp;proc\u00e9dez au paiement (instantan\u00e9) par carte de cr\u00e9dit, ou par virement Interac, ou par ch\u00e8que.<em> Tous les d\u00e9tails d\u2019acheminement sont disponibles sur le&nbsp;formulaire en ligne&nbsp;ou PDF.<\/em><\/p>\n\n\n\n<p><strong>\u00c9tape 4&nbsp;:<\/strong>&nbsp;lorsque vous aurez re\u00e7u votre carte de membre par courriel, dirigez-vous<a href=\"https:\/\/artsvisuelsgatineau.com\/fr\/login\/\">&nbsp;ici<\/a>&nbsp;pour <strong>cr\u00e9er un profil de membre sur notre portail en ligne<\/strong>&nbsp;et permettre au public de consulter votre fiche pour plus de visibilit\u00e9. Ajoutez le plus de d\u00e9tails possible pour nous aider \u00e0 vous faire conna\u00eetre!<\/p>\n\n\n\n<div class=\"wp-block-columns is-layout-flex wp-container-core-columns-is-layout-9d6595d7 wp-block-columns-is-layout-flex\">\n<div class=\"wp-block-column is-layout-flow wp-block-column-is-layout-flow\">\n<div class=\"wp-block-buttons is-layout-flex wp-block-buttons-is-layout-flex\">\n<div class=\"wp-block-button\"><a class=\"wp-block-button__link wp-element-button\" href=\"\/produit\/adhesion\/\">Adh\u00e9sion en ligne<\/a><\/div>\n<\/div>\n\n\n\n<p>Soumettez votre application en ligne et payez par carte de cr\u00e9dit ou par paiement direct.<\/p>\n<\/div>\n\n\n\n<div class=\"wp-block-column is-layout-flow wp-block-column-is-layout-flow\">\n<div class=\"wp-block-buttons is-layout-flex wp-block-buttons-is-layout-flex\">\n<div class=\"wp-block-button\"><a class=\"wp-block-button__link wp-element-button\" href=\"https:\/\/artsvisuelsgatineau.com\/wp-content\/uploads\/2025\/11\/Formulaire-dadhesion-2025_R.pdf\">Adh\u00e9sion par la poste<\/a><\/div>\n<\/div>\n\n\n\n<p>T\u00e9l\u00e9chargez et imprimez un exemplaire du formulaire de demande et envoyez-le par courrier accompagn\u00e9 d&#8217;un ch\u00e8que.<\/p>\n<\/div>\n<\/div>\n\n\n\n<p><a id=\"_msocom_1\"><\/a><\/p>\n\n\n\n<p><a id=\"_msocom_6\"><\/a><\/p>\n","protected":false},"excerpt":{"rendered":"<p>Devenez membre d\u2019Arts visuels de Gatineau (AVG) pour acc\u00e9der \u00e0 nos divers services, activit\u00e9s et expositions&nbsp;et \u00e0 nos tarifs r\u00e9duits!&nbsp; Vous pouvez devenir membre&hellip;<\/p>\n","protected":false},"author":1,"featured_media":0,"parent":0,"menu_order":0,"comment_status":"closed","ping_status":"closed","template":"","meta":{"footnotes":""},"class_list":["post-2879","page","type-page","status-publish","hentry"],"_links":{"self":[{"href":"https:\/\/artsvisuelsgatineau.com\/fr\/wp-json\/wp\/v2\/pages\/2879","targetHints":{"allow":["GET"]}}],"collection":[{"href":"https:\/\/artsvisuelsgatineau.com\/fr\/wp-json\/wp\/v2\/pages"}],"about":[{"href":"https:\/\/artsvisuelsgatineau.com\/fr\/wp-json\/wp\/v2\/types\/page"}],"author":[{"embeddable":true,"href":"https:\/\/artsvisuelsgatineau.com\/fr\/wp-json\/wp\/v2\/users\/1"}],"replies":[{"embeddable":true,"href":"https:\/\/artsvisuelsgatineau.com\/fr\/wp-json\/wp\/v2\/comments?post=2879"}],"version-history":[{"count":15,"href":"https:\/\/artsvisuelsgatineau.com\/fr\/wp-json\/wp\/v2\/pages\/2879\/revisions"}],"predecessor-version":[{"id":3192,"href":"https:\/\/artsvisuelsgatineau.com\/fr\/wp-json\/wp\/v2\/pages\/2879\/revisions\/3192"}],"wp:attachment":[{"href":"https:\/\/artsvisuelsgatineau.com\/fr\/wp-json\/wp\/v2\/media?parent=2879"}],"curies":[{"name":"wp","href":"https:\/\/api.w.org\/{rel}","templated":true}]}}