{"id":2881,"date":"2025-11-13T15:24:55","date_gmt":"2025-11-13T20:24:55","guid":{"rendered":"https:\/\/artsvisuelsgatineau.com\/?page_id=2881"},"modified":"2026-03-02T11:40:28","modified_gmt":"2026-03-02T16:40:28","slug":"renouvellement","status":"publish","type":"page","link":"https:\/\/artsvisuelsgatineau.com\/fr\/renouvellement\/","title":{"rendered":"Renouvellement"},"content":{"rendered":"\n<p><strong>Renouvellement<\/strong><\/p>\n\n\n\n<p>Votre adh\u00e9sion \u00e0 Arts visuels de Gatineau (AVG) est valide pour une p\u00e9riode sp\u00e9cifique. Elle prend fin \u00e0 date fixe, soit le&nbsp;<strong>31 ao\u00fbt de chaque ann\u00e9e<\/strong>. Vous devez donc renouveler et payer votre adh\u00e9sion chaque ann\u00e9e&nbsp;<strong>AVANT le 1<sup>er<\/sup>&nbsp;septembre<\/strong>&nbsp;afin de continuer \u00e0 acc\u00e9der aux divers&nbsp;<strong>services, activit\u00e9s, expositions et tarifs r\u00e9duits<\/strong> l\u2019ann\u00e9e suivante.<\/p>\n\n\n\n<p><strong>Conditions de renouvellement&nbsp;:<\/strong><\/p>\n\n\n\n<ul class=\"wp-block-list\">\n<li>Avoir pay\u00e9 son adh\u00e9sion&nbsp;de 25 $&nbsp;pour l\u2019ann\u00e9e (du 1er&nbsp;septembre au 31 ao\u00fbt).<\/li>\n\n\n\n<li>Les membres renouvelant leur adh\u00e9sion apr\u00e8s la date limite devront payer une surcharge de 10 $ (pour un total de 35 $)<\/li>\n\n\n\n<li><a href=\"\/code-dethique\/\">N\u2019avoir enfreint aucun r\u00e8glement de l\u2019AVG&nbsp;<\/a><\/li>\n<\/ul>\n\n\n\n<p><strong>Proc\u00e9dure<\/strong><\/p>\n\n\n\n<p><em>Note&nbsp;: Si vous n\u2019\u00eates pas d\u00e9j\u00e0 membre d\u2019AVG, dirigez-vous plut\u00f4t vers notre page&nbsp;<\/em><a href=\"\/nouvelle-adhesion\/\">\u00ab&nbsp;Nouvelle adh\u00e9sion&nbsp;\u00bb<\/a><em>&nbsp;pour proc\u00e9der \u00e0 une nouvelle adh\u00e9sion.<\/em><\/p>\n\n\n\n<p><strong>\u00c9tape 1&nbsp;:<\/strong>&nbsp;choisissez l\u2019une de nos deux options d\u2019inscription ci-dessous&nbsp;(renouvellement en ligne ou par la poste) et cliquez sur le bouton propos\u00e9.<\/p>\n\n\n\n<p><strong>\u00c9tape 2<\/strong>&nbsp;<strong>:<\/strong> remplissez \u00e0 l\u2019\u00e9cran tous les champs obligatoires du formulaire ainsi que ceux requ\u00e9rant des changements \u00e0 votre dossier (pour l\u2019option par la poste, vous pouvez aussi choisir d\u2019imprimer le formulaire et le remplir).<\/p>\n\n\n\n<p>Vous aurez l\u2019option de joindre votre CV artistique (voir&nbsp;<a href=\"\/cv-artistique\/\">exemple<\/a>) pour nous permettre de mieux vous conna\u00eetre. Pensez \u00e0 le pr\u00e9parer \u00e0 l\u2019avance pour l\u2019avoir sous la main!<\/p>\n\n\n\n<p><strong>\u00c9tape 3&nbsp;:<\/strong>&nbsp;proc\u00e9dez au paiement (instantan\u00e9) par carte de cr\u00e9dit, ou par virement Interac, ou par ch\u00e8que. <em>Tous les d\u00e9tails d\u2019acheminement sont disponibles sur le&nbsp;formulaire en ligne&nbsp;ou PDF.<\/em><\/p>\n\n\n\n<p><strong>\u00c9tape 4\u00a0:<\/strong>\u00a0apr\u00e8s avoir transmis votre inscription et votre paiement, dirigez-vous\u00a0<a href=\"\/register\/\">ici<\/a>\u00a0pour\u00a0<strong>cr\u00e9er OU mettre \u00e0 jour votre profil dans notre\u00a0<a href=\"\/repertoire-des-membres\/\">vitrine des artistes en ligne<\/a>.<\/strong> Ajoutez le plus de d\u00e9tails possible pour nous aider \u00e0 vous faire conna\u00eetre!<\/p>\n\n\n\n<div class=\"wp-block-columns is-layout-flex wp-container-core-columns-is-layout-9d6595d7 wp-block-columns-is-layout-flex\">\n<div class=\"wp-block-column is-layout-flow wp-block-column-is-layout-flow\">\n<div class=\"wp-block-buttons is-layout-flex wp-block-buttons-is-layout-flex\">\n<div class=\"wp-block-button\"><a class=\"wp-block-button__link wp-element-button\" href=\"\/produit\/renouvellement\/\">Renouvellement en ligne<\/a><\/div>\n<\/div>\n\n\n\n<p>Soumettez votre application en ligne et payer par carte de cr\u00e9dit ou par paiement direct.<\/p>\n<\/div>\n\n\n\n<div class=\"wp-block-column is-layout-flow wp-block-column-is-layout-flow\">\n<div class=\"wp-block-buttons is-layout-flex wp-block-buttons-is-layout-flex\">\n<div class=\"wp-block-button\"><a class=\"wp-block-button__link wp-element-button\" href=\"https:\/\/artsvisuelsgatineau.com\/wp-content\/uploads\/2025\/11\/Formulaire-de-renouvellement-2025_R.pdf\">Renouvellement par la poste<\/a><\/div>\n<\/div>\n\n\n\n<p>T\u00e9l\u00e9chargez et imprimez un exemplaire du formulaire de demande et envoyez-le par courrier accompagn\u00e9 d&#8217;un ch\u00e8que.<\/p>\n<\/div>\n<\/div>\n\n\n\n<p><a id=\"_msocom_5\"><\/a><\/p>\n\n\n\n<p><a id=\"_msocom_7\"><\/a><\/p>\n","protected":false},"excerpt":{"rendered":"<p>Renouvellement Votre adh\u00e9sion \u00e0 Arts visuels de Gatineau (AVG) est valide pour une p\u00e9riode sp\u00e9cifique. Elle prend fin \u00e0 date fixe, soit le&nbsp;31 ao\u00fbt&hellip;<\/p>\n","protected":false},"author":1,"featured_media":0,"parent":0,"menu_order":0,"comment_status":"closed","ping_status":"closed","template":"","meta":{"footnotes":""},"class_list":["post-2881","page","type-page","status-publish","hentry"],"_links":{"self":[{"href":"https:\/\/artsvisuelsgatineau.com\/fr\/wp-json\/wp\/v2\/pages\/2881","targetHints":{"allow":["GET"]}}],"collection":[{"href":"https:\/\/artsvisuelsgatineau.com\/fr\/wp-json\/wp\/v2\/pages"}],"about":[{"href":"https:\/\/artsvisuelsgatineau.com\/fr\/wp-json\/wp\/v2\/types\/page"}],"author":[{"embeddable":true,"href":"https:\/\/artsvisuelsgatineau.com\/fr\/wp-json\/wp\/v2\/users\/1"}],"replies":[{"embeddable":true,"href":"https:\/\/artsvisuelsgatineau.com\/fr\/wp-json\/wp\/v2\/comments?post=2881"}],"version-history":[{"count":14,"href":"https:\/\/artsvisuelsgatineau.com\/fr\/wp-json\/wp\/v2\/pages\/2881\/revisions"}],"predecessor-version":[{"id":3432,"href":"https:\/\/artsvisuelsgatineau.com\/fr\/wp-json\/wp\/v2\/pages\/2881\/revisions\/3432"}],"wp:attachment":[{"href":"https:\/\/artsvisuelsgatineau.com\/fr\/wp-json\/wp\/v2\/media?parent=2881"}],"curies":[{"name":"wp","href":"https:\/\/api.w.org\/{rel}","templated":true}]}}