{"id":2887,"date":"2025-11-13T15:44:54","date_gmt":"2025-11-13T20:44:54","guid":{"rendered":"https:\/\/artsvisuelsgatineau.com\/?page_id=2887"},"modified":"2025-11-13T15:44:57","modified_gmt":"2025-11-13T20:44:57","slug":"cv-artistique","status":"publish","type":"page","link":"https:\/\/artsvisuelsgatineau.com\/fr\/cv-artistique\/","title":{"rendered":"CV artistique"},"content":{"rendered":"\n<p><strong><em>Curriculum Vitae artistique&nbsp;&nbsp;&nbsp;&nbsp;&nbsp;&nbsp;&nbsp;&nbsp;&nbsp;&nbsp;&nbsp;<\/em><\/strong><\/p>\n\n\n\n<p><strong>Votre nom<\/strong><\/p>\n\n\n\n<p>Adresse<\/p>\n\n\n\n<p>Cellulaire:&nbsp;<\/p>\n\n\n\n<p>Courriel:<\/p>\n\n\n\n<p>Site web:<\/p>\n\n\n\n<p>Facebook\u00a0\u00a0\u00a0\u00a0\u00a0\u00a0\u00a0 Instagram\u00a0<\/p>\n\n\n\n<p><strong>Formation &#8211; Dipl\u00f4mes<\/strong><\/p>\n\n\n\n<p>1980&nbsp;&nbsp;&nbsp;&nbsp; Baccalaur\u00e9at en arts avec sp\u00e9cialisation, Universit\u00e9 Unetelle, (Qu\u00e9bec, QC)<\/p>\n\n\n\n<p>2009&nbsp;&nbsp;&nbsp;&nbsp; Ma\u00eetrise en arts, Universit\u00e9 Unetelle, (Qu\u00e9bec, QC)<\/p>\n\n\n\n<p><strong>Exposition solo<\/strong><\/p>\n\n\n\n<p>2023&nbsp;&nbsp;&nbsp;&nbsp; Titre, Galerie LeRoyer, Montr\u00e9al, QC<\/p>\n\n\n\n<p><strong>Expositions collectives avec jury<\/strong><\/p>\n\n\n\n<p>2022&nbsp;&nbsp;&nbsp;&nbsp; Titre, Espace Pierre-Debain, Gatineau, QC<\/p>\n\n\n\n<p>2023&nbsp;&nbsp;&nbsp;&nbsp; Titre, Galerie Montcalm, Gatineau, QC<\/p>\n\n\n\n<p>2023&nbsp;&nbsp;&nbsp;&nbsp; Titre, Art-Image, Gatineau, QC<\/p>\n\n\n\n<p><strong>Exposition collective<\/strong><\/p>\n\n\n\n<p>2022 &nbsp;&nbsp;&nbsp; Artistes Unis, Galerie Le Royer, Montr\u00e9al, QC<\/p>\n\n\n\n<p><strong>Galerie d\u2019art<\/strong><\/p>\n\n\n\n<p>2023&nbsp;&nbsp;&nbsp;&nbsp; Gallea, <a href=\"http:\/\/www.gallea.com\/\">www.gallea.com<\/a><\/p>\n\n\n\n<p><strong>Symposium, festivals et salons d\u2019artistes<\/strong><\/p>\n\n\n\n<p>2023&nbsp;&nbsp;&nbsp;&nbsp; D\u00e9couvr\u2019Art, Cap-Rouge, Qu\u00e9bec, QC<\/p>\n\n\n\n<p>2023&nbsp;&nbsp;&nbsp;&nbsp; Festival des arts de Mascouche, Mascouche, QC<\/p>\n\n\n\n<p>2023&nbsp;&nbsp;&nbsp;&nbsp; Exposition au Cercle des artistes peintres et sculpteurs du Qu\u00e9bec, Laval, QC<\/p>\n\n\n\n<p>2023&nbsp;&nbsp;&nbsp;&nbsp; Salon des artistes, Montr\u00e9al, QC<\/p>\n\n\n\n<p>2022-2023&nbsp;&nbsp;&nbsp;&nbsp;&nbsp;&nbsp;&nbsp; Exposition printani\u00e8re de l\u2019association Arts visuels de Gatineau<\/p>\n\n\n\n<p>2021-2023 &nbsp;&nbsp;&nbsp;&nbsp;&nbsp;&nbsp; Symposium de l\u2019AAAVT, Terrebonne, QC<\/p>\n\n\n\n<p>2021-2023&nbsp;&nbsp;&nbsp;&nbsp;&nbsp;&nbsp;&nbsp; Symposium de Sainte-Rose, Sainte-Rose de Laval, QC<\/p>\n\n\n\n<p>2021-2023&nbsp;&nbsp;&nbsp;&nbsp;&nbsp;&nbsp;&nbsp; The New Art Festival, Ottawa, ON<\/p>\n\n\n\n<p>2021-2023&nbsp;&nbsp;&nbsp;&nbsp;&nbsp;&nbsp;&nbsp; Bromont en art, Bromont, QC<\/p>\n\n\n\n<p>2021-2023&nbsp;&nbsp;&nbsp;&nbsp;&nbsp;&nbsp;&nbsp; Symposium Gatineau en couleurs, Gatineau, QC<\/p>\n\n\n\n<p>2021-2022&nbsp;&nbsp;&nbsp;&nbsp;&nbsp;&nbsp;&nbsp; Arts-aux-Parcs, Val-des-Monts, QC<\/p>\n\n\n\n<p>2019-2022&nbsp;&nbsp;&nbsp;&nbsp;&nbsp;&nbsp;&nbsp; Coop\u00e9rative des arts visuels et m\u00e9tiers d\u2019arts, Gatineau, QC<\/p>\n\n\n\n<p>2018-2022&nbsp;&nbsp;&nbsp;&nbsp;&nbsp;&nbsp;&nbsp; Tourn\u00e9e des ateliers, Association Art de l\u2019Ordinaire, Cantley, QC<\/p>\n\n\n\n<p><strong>Associations professionnelles<\/strong><\/p>\n\n\n\n<p>2017&nbsp;&#8211; 2020&nbsp;&nbsp;&nbsp;&nbsp;&nbsp; Secr\u00e9taire, Association Unetelle, Gatineau, QC&nbsp;&nbsp;<\/p>\n\n\n\n<p>2020 &#8211; 2022 &nbsp;&nbsp;&nbsp;&nbsp; Administratrice, Association Unetelle, Qu\u00e9bec, QC&nbsp;&nbsp;<\/p>\n\n\n\n<p>2017 &#8211; 2020 &nbsp;&nbsp;&nbsp;&nbsp; Membre, Conseil des Arts, Ottawa, ON<\/p>\n\n\n\n<p>2023&nbsp;&nbsp;&nbsp;&nbsp; Vice-pr\u00e9sidente, Conseil d\u2019administration, Symposium Untel, Ville, QC<\/p>\n\n\n\n<p>2023 &#8211; 2024&nbsp;&nbsp;&nbsp;&nbsp;&nbsp; Vice-pr\u00e9sidente, Conseil d\u2019administration, Association Unetelle, Gatineau, QC<\/p>\n\n\n\n<p><strong>Reconnaissances officielles 2023<\/strong><\/p>\n\n\n\n<p><em>Prix du jury<\/em> &#8211; Galerie Unetelle, Salon des artistes, Montr\u00e9al, QC<\/p>\n\n\n\n<p><em>M\u00e9daille d\u2019argent<\/em> &#8211; Exposition du Qu\u00e9bec, Laval, QC<\/p>\n","protected":false},"excerpt":{"rendered":"<p>Curriculum Vitae artistique&nbsp;&nbsp;&nbsp;&nbsp;&nbsp;&nbsp;&nbsp;&nbsp;&nbsp;&nbsp;&nbsp; Votre nom Adresse Cellulaire:&nbsp; Courriel: Site web: Facebook\u00a0\u00a0\u00a0\u00a0\u00a0\u00a0\u00a0 Instagram\u00a0 Formation &#8211; Dipl\u00f4mes 1980&nbsp;&nbsp;&nbsp;&nbsp; Baccalaur\u00e9at en arts avec sp\u00e9cialisation, Universit\u00e9 Unetelle, (Qu\u00e9bec,&hellip;<\/p>\n","protected":false},"author":1,"featured_media":0,"parent":0,"menu_order":0,"comment_status":"closed","ping_status":"closed","template":"","meta":{"footnotes":""},"class_list":["post-2887","page","type-page","status-publish","hentry"],"_links":{"self":[{"href":"https:\/\/artsvisuelsgatineau.com\/fr\/wp-json\/wp\/v2\/pages\/2887","targetHints":{"allow":["GET"]}}],"collection":[{"href":"https:\/\/artsvisuelsgatineau.com\/fr\/wp-json\/wp\/v2\/pages"}],"about":[{"href":"https:\/\/artsvisuelsgatineau.com\/fr\/wp-json\/wp\/v2\/types\/page"}],"author":[{"embeddable":true,"href":"https:\/\/artsvisuelsgatineau.com\/fr\/wp-json\/wp\/v2\/users\/1"}],"replies":[{"embeddable":true,"href":"https:\/\/artsvisuelsgatineau.com\/fr\/wp-json\/wp\/v2\/comments?post=2887"}],"version-history":[{"count":1,"href":"https:\/\/artsvisuelsgatineau.com\/fr\/wp-json\/wp\/v2\/pages\/2887\/revisions"}],"predecessor-version":[{"id":2888,"href":"https:\/\/artsvisuelsgatineau.com\/fr\/wp-json\/wp\/v2\/pages\/2887\/revisions\/2888"}],"wp:attachment":[{"href":"https:\/\/artsvisuelsgatineau.com\/fr\/wp-json\/wp\/v2\/media?parent=2887"}],"curies":[{"name":"wp","href":"https:\/\/api.w.org\/{rel}","templated":true}]}}