{"id":421,"date":"2023-10-10T14:20:07","date_gmt":"2023-10-10T18:20:07","guid":{"rendered":"https:\/\/artsvisuelsgatineau.com\/?page_id=421"},"modified":"2024-10-02T12:47:14","modified_gmt":"2024-10-02T16:47:14","slug":"photos","status":"publish","type":"page","link":"https:\/\/artsvisuelsgatineau.com\/fr\/photos\/","title":{"rendered":"Galerie de photos"},"content":{"rendered":"\n<div class=\"wp-block-columns is-layout-flex wp-container-core-columns-is-layout-9d6595d7 wp-block-columns-is-layout-flex\">\n<div class=\"wp-block-column is-layout-flow wp-block-column-is-layout-flow\">\n<figure class=\"wp-block-image size-large\"><a href=\"https:\/\/artsvisuelsgatineau.com\/fr\/journee-de-la-culture-2024\/\"><img loading=\"lazy\" decoding=\"async\" width=\"1024\" height=\"768\" src=\"https:\/\/artsvisuelsgatineau.com\/wp-content\/uploads\/2024\/10\/IMG_8335--1024x768.jpg\" alt=\"\" class=\"wp-image-1960\" style=\"aspect-ratio:4\/3;object-fit:cover\" srcset=\"https:\/\/artsvisuelsgatineau.com\/wp-content\/uploads\/2024\/10\/IMG_8335--1024x768.jpg 1024w, https:\/\/artsvisuelsgatineau.com\/wp-content\/uploads\/2024\/10\/IMG_8335--300x225.jpg 300w, https:\/\/artsvisuelsgatineau.com\/wp-content\/uploads\/2024\/10\/IMG_8335--768x576.jpg 768w, https:\/\/artsvisuelsgatineau.com\/wp-content\/uploads\/2024\/10\/IMG_8335--1536x1152.jpg 1536w, https:\/\/artsvisuelsgatineau.com\/wp-content\/uploads\/2024\/10\/IMG_8335--16x12.jpg 16w, https:\/\/artsvisuelsgatineau.com\/wp-content\/uploads\/2024\/10\/IMG_8335--600x450.jpg 600w, https:\/\/artsvisuelsgatineau.com\/wp-content\/uploads\/2024\/10\/IMG_8335--760x570.jpg 760w, https:\/\/artsvisuelsgatineau.com\/wp-content\/uploads\/2024\/10\/IMG_8335--400x300.jpg 400w, https:\/\/artsvisuelsgatineau.com\/wp-content\/uploads\/2024\/10\/IMG_8335--120x90.jpg 120w, https:\/\/artsvisuelsgatineau.com\/wp-content\/uploads\/2024\/10\/IMG_8335-.jpg 2016w\" sizes=\"auto, (max-width: 1024px) 100vw, 1024px\" \/><\/a><\/figure>\n\n\n\n<p class=\"has-text-align-center\">Journ\u00e9e de la culture 2024<\/p>\n<\/div>\n\n\n\n<div class=\"wp-block-column is-layout-flow wp-block-column-is-layout-flow\">\n<figure class=\"wp-block-image size-large\"><a href=\"https:\/\/artsvisuelsgatineau.com\/fr\/bbq-2024\/\"><img loading=\"lazy\" decoding=\"async\" width=\"1024\" height=\"686\" src=\"https:\/\/artsvisuelsgatineau.com\/wp-content\/uploads\/2024\/07\/BBQ-1-1024x686.jpg\" alt=\"\" class=\"wp-image-1600\" style=\"aspect-ratio:4\/3;object-fit:cover\" srcset=\"https:\/\/artsvisuelsgatineau.com\/wp-content\/uploads\/2024\/07\/BBQ-1-1024x686.jpg 1024w, https:\/\/artsvisuelsgatineau.com\/wp-content\/uploads\/2024\/07\/BBQ-1-300x201.jpg 300w, https:\/\/artsvisuelsgatineau.com\/wp-content\/uploads\/2024\/07\/BBQ-1-768x514.jpg 768w, https:\/\/artsvisuelsgatineau.com\/wp-content\/uploads\/2024\/07\/BBQ-1-18x12.jpg 18w, https:\/\/artsvisuelsgatineau.com\/wp-content\/uploads\/2024\/07\/BBQ-1-400x268.jpg 400w, https:\/\/artsvisuelsgatineau.com\/wp-content\/uploads\/2024\/07\/BBQ-1.jpg 1442w\" sizes=\"auto, (max-width: 1024px) 100vw, 1024px\" \/><\/a><\/figure>\n\n\n\n<p class=\"has-text-align-center\">BBQ 2024<\/p>\n<\/div>\n<\/div>\n\n\n\n<div class=\"wp-block-columns is-layout-flex wp-container-core-columns-is-layout-9d6595d7 wp-block-columns-is-layout-flex\">\n<div class=\"wp-block-column is-layout-flow wp-block-column-is-layout-flow\">\n<figure class=\"wp-block-gallery has-nested-images columns-default is-cropped wp-block-gallery-1 is-layout-flex wp-block-gallery-is-layout-flex\">\n<figure class=\"wp-block-image size-large\"><a href=\"https:\/\/artsvisuelsgatineau.com\/fr\/expo-printaniere-2024\/\"><img loading=\"lazy\" decoding=\"async\" width=\"1024\" height=\"683\" data-id=\"1282\" src=\"https:\/\/artsvisuelsgatineau.com\/wp-content\/uploads\/2024\/05\/Modifiee-1024x683.jpg\" alt=\"\" class=\"wp-image-1282\" style=\"aspect-ratio:4\/3;object-fit:cover\" srcset=\"https:\/\/artsvisuelsgatineau.com\/wp-content\/uploads\/2024\/05\/Modifiee-1024x683.jpg 1024w, https:\/\/artsvisuelsgatineau.com\/wp-content\/uploads\/2024\/05\/Modifiee-300x200.jpg 300w, https:\/\/artsvisuelsgatineau.com\/wp-content\/uploads\/2024\/05\/Modifiee-768x512.jpg 768w, https:\/\/artsvisuelsgatineau.com\/wp-content\/uploads\/2024\/05\/Modifiee-1536x1025.jpg 1536w, https:\/\/artsvisuelsgatineau.com\/wp-content\/uploads\/2024\/05\/Modifiee-2048x1366.jpg 2048w, https:\/\/artsvisuelsgatineau.com\/wp-content\/uploads\/2024\/05\/Modifiee-18x12.jpg 18w, https:\/\/artsvisuelsgatineau.com\/wp-content\/uploads\/2024\/05\/Modifiee-400x267.jpg 400w\" sizes=\"auto, (max-width: 1024px) 100vw, 1024px\" \/><\/a><\/figure>\n<\/figure>\n\n\n\n<p class=\"has-text-align-center\">Expo printani\u00e8re 2024<\/p>\n\n\n\n<figure class=\"wp-block-image size-large is-resized\"><a href=\"\/expo-printaniere-2023\"><img loading=\"lazy\" decoding=\"async\" width=\"1024\" height=\"683\" src=\"https:\/\/artsvisuelsgatineau.com\/wp-content\/uploads\/Spring_show_2023\/H1A2783-Avec-accentuation-Bruit-Modifier-1024x683.jpg\" alt=\"\" class=\"wp-image-325\" style=\"aspect-ratio:4\/3;object-fit:cover;width:auto;height:undefinedpx\" srcset=\"https:\/\/artsvisuelsgatineau.com\/wp-content\/uploads\/Spring_show_2023\/H1A2783-Avec-accentuation-Bruit-Modifier-1024x683.jpg 1024w, https:\/\/artsvisuelsgatineau.com\/wp-content\/uploads\/Spring_show_2023\/H1A2783-Avec-accentuation-Bruit-Modifier-scaled-400x267.jpg 400w, https:\/\/artsvisuelsgatineau.com\/wp-content\/uploads\/Spring_show_2023\/H1A2783-Avec-accentuation-Bruit-Modifier-300x200.jpg 300w, https:\/\/artsvisuelsgatineau.com\/wp-content\/uploads\/Spring_show_2023\/H1A2783-Avec-accentuation-Bruit-Modifier-768x512.jpg 768w, https:\/\/artsvisuelsgatineau.com\/wp-content\/uploads\/Spring_show_2023\/H1A2783-Avec-accentuation-Bruit-Modifier-1536x1025.jpg 1536w, https:\/\/artsvisuelsgatineau.com\/wp-content\/uploads\/Spring_show_2023\/H1A2783-Avec-accentuation-Bruit-Modifier-2048x1366.jpg 2048w, https:\/\/artsvisuelsgatineau.com\/wp-content\/uploads\/Spring_show_2023\/H1A2783-Avec-accentuation-Bruit-Modifier-18x12.jpg 18w\" sizes=\"auto, (max-width: 1024px) 100vw, 1024px\" \/><\/a><\/figure>\n\n\n\n<p class=\"has-text-align-center\">Expo printani\u00e8re 2023<\/p>\n<\/div>\n\n\n\n<div class=\"wp-block-column is-layout-flow wp-block-column-is-layout-flow\">\n<figure class=\"wp-block-gallery has-nested-images columns-default is-cropped wp-block-gallery-2 is-layout-flex wp-block-gallery-is-layout-flex\">\n<figure class=\"wp-block-image size-large\"><a href=\"\/meritas-2023\"><img loading=\"lazy\" decoding=\"async\" width=\"1024\" height=\"684\" data-id=\"292\" src=\"https:\/\/artsvisuelsgatineau.com\/wp-content\/uploads\/M\u00e9ritas_2023\/Meritas-2023-1-1024x684.jpg\" alt=\"\" class=\"wp-image-292\" style=\"aspect-ratio:4\/3;object-fit:cover\" srcset=\"https:\/\/artsvisuelsgatineau.com\/wp-content\/uploads\/M\u00e9ritas_2023\/Meritas-2023-1-1024x684.jpg 1024w, https:\/\/artsvisuelsgatineau.com\/wp-content\/uploads\/M\u00e9ritas_2023\/Meritas-2023-1-400x267.jpg 400w, https:\/\/artsvisuelsgatineau.com\/wp-content\/uploads\/M\u00e9ritas_2023\/Meritas-2023-1-300x200.jpg 300w, https:\/\/artsvisuelsgatineau.com\/wp-content\/uploads\/M\u00e9ritas_2023\/Meritas-2023-1-768x513.jpg 768w, https:\/\/artsvisuelsgatineau.com\/wp-content\/uploads\/M\u00e9ritas_2023\/Meritas-2023-1-1536x1025.jpg 1536w, https:\/\/artsvisuelsgatineau.com\/wp-content\/uploads\/M\u00e9ritas_2023\/Meritas-2023-1-18x12.jpg 18w, https:\/\/artsvisuelsgatineau.com\/wp-content\/uploads\/M\u00e9ritas_2023\/Meritas-2023-1.jpg 1600w\" sizes=\"auto, (max-width: 1024px) 100vw, 1024px\" \/><\/a><\/figure>\n<\/figure>\n\n\n\n<p class=\"has-text-align-center\">M\u00e9ritas 2023<\/p>\n\n\n\n<figure class=\"wp-block-image size-large\"><a href=\"\/tour-des-studios-dartistes-2022\"><img loading=\"lazy\" decoding=\"async\" width=\"1024\" height=\"576\" src=\"https:\/\/artsvisuelsgatineau.com\/wp-content\/uploads\/Studio_tour_2022\/image-1-1024x576.jpg\" alt=\"\" class=\"wp-image-411\" style=\"aspect-ratio:4\/3;object-fit:cover\" srcset=\"https:\/\/artsvisuelsgatineau.com\/wp-content\/uploads\/Studio_tour_2022\/image-1-1024x576.jpg 1024w, https:\/\/artsvisuelsgatineau.com\/wp-content\/uploads\/Studio_tour_2022\/image-1-400x225.jpg 400w, https:\/\/artsvisuelsgatineau.com\/wp-content\/uploads\/Studio_tour_2022\/image-1-300x169.jpg 300w, https:\/\/artsvisuelsgatineau.com\/wp-content\/uploads\/Studio_tour_2022\/image-1-768x432.jpg 768w, https:\/\/artsvisuelsgatineau.com\/wp-content\/uploads\/Studio_tour_2022\/image-1-1536x864.jpg 1536w, https:\/\/artsvisuelsgatineau.com\/wp-content\/uploads\/Studio_tour_2022\/image-1-18x10.jpg 18w, https:\/\/artsvisuelsgatineau.com\/wp-content\/uploads\/Studio_tour_2022\/image-1.jpg 1600w\" sizes=\"auto, (max-width: 1024px) 100vw, 1024px\" \/><\/a><\/figure>\n\n\n\n<p class=\"has-text-align-center\">Tour des studios d&#8217;artistes 2022<\/p>\n<\/div>\n<\/div>\n\n\n\n<div class=\"wp-block-columns is-layout-flex wp-container-core-columns-is-layout-9d6595d7 wp-block-columns-is-layout-flex\">\n<div class=\"wp-block-column is-vertically-aligned-center is-layout-flow wp-block-column-is-layout-flow\"><\/div>\n\n\n\n<div class=\"wp-block-column is-layout-flow wp-block-column-is-layout-flow\"><\/div>\n<\/div>\n","protected":false},"excerpt":{"rendered":"<p>Journ\u00e9e de la culture 2024 BBQ 2024 Expo printani\u00e8re 2024 Expo printani\u00e8re 2023 M\u00e9ritas 2023 Tour des studios d&#8217;artistes 2022<\/p>\n","protected":false},"author":1,"featured_media":0,"parent":0,"menu_order":0,"comment_status":"closed","ping_status":"closed","template":"","meta":{"footnotes":""},"class_list":["post-421","page","type-page","status-publish","hentry"],"_links":{"self":[{"href":"https:\/\/artsvisuelsgatineau.com\/fr\/wp-json\/wp\/v2\/pages\/421","targetHints":{"allow":["GET"]}}],"collection":[{"href":"https:\/\/artsvisuelsgatineau.com\/fr\/wp-json\/wp\/v2\/pages"}],"about":[{"href":"https:\/\/artsvisuelsgatineau.com\/fr\/wp-json\/wp\/v2\/types\/page"}],"author":[{"embeddable":true,"href":"https:\/\/artsvisuelsgatineau.com\/fr\/wp-json\/wp\/v2\/users\/1"}],"replies":[{"embeddable":true,"href":"https:\/\/artsvisuelsgatineau.com\/fr\/wp-json\/wp\/v2\/comments?post=421"}],"version-history":[{"count":34,"href":"https:\/\/artsvisuelsgatineau.com\/fr\/wp-json\/wp\/v2\/pages\/421\/revisions"}],"predecessor-version":[{"id":1988,"href":"https:\/\/artsvisuelsgatineau.com\/fr\/wp-json\/wp\/v2\/pages\/421\/revisions\/1988"}],"wp:attachment":[{"href":"https:\/\/artsvisuelsgatineau.com\/fr\/wp-json\/wp\/v2\/media?parent=421"}],"curies":[{"name":"wp","href":"https:\/\/api.w.org\/{rel}","templated":true}]}}