{"id":486,"date":"2023-10-10T19:10:14","date_gmt":"2023-10-10T23:10:14","guid":{"rendered":"https:\/\/artsvisuelsgatineau.com\/?page_id=486"},"modified":"2024-01-31T10:54:30","modified_gmt":"2024-01-31T15:54:30","slug":"portraits-dartistes","status":"publish","type":"page","link":"https:\/\/artsvisuelsgatineau.com\/fr\/portraits-dartistes\/","title":{"rendered":"Portraits d&#8217;artistes"},"content":{"rendered":"<p><span style=\"font-weight: 400;\">Pour c\u00e9l\u00e9brer son 65<\/span><span style=\"font-weight: 400;\">e<\/span><span style=\"font-weight: 400;\"> anniversaire de fondation, Arts visuels de Gatineau a demand\u00e9 \u00e0 l&#8217;historienne de l\u2019art Jessica Ragazzini de tracer les portraits d\u2019artistes qui ont une renomm\u00e9e internationale et illustrer la vie artistique de Gatineau. Elle rappelle tout d&#8217;abord qu&#8217;en 1955 quelques femmes artistes ont fond\u00e9 l&#8217;Association d&#8217;Aylmer pour d\u00e9velopper les arts dans leur ville en organisant cours et expositions. \u00c0 l&#8217;origine, tous les arts avaient leur place dans ce groupe qui prendra le nom de Conseil des arts d&#8217;Aylmer en 1978. L&#8217;association deviendra Arts visuels de Gatineau en 2019 pour mieux s&#8217;adapter aux changements d\u00e9mographiques. Plusieurs cr\u00e9ateurs ont \u00e9t\u00e9 s\u00e9lectionn\u00e9s pour leur r\u00f4le significatif dans la vie artistique de Gatineau et leur rayonnement international.<\/span><\/p>\n\n\n<div id=\"adobe-dc-view\" style=\"height: 900px;\"><\/div>\n\n<script src=\"https:\/\/documentcloud.adobe.com\/view-sdk\/main.js\"><\/script>\n<script type=\"text\/javascript\">\n    document.addEventListener(\"adobe_dc_view_sdk.ready\", function () {\n        var adobeDCView = new AdobeDC.View({\n            clientId: \"95407a71b77a49d7bde13fa20f3c6280\",\n            divId: \"adobe-dc-view\"\n        });\n        adobeDCView.previewFile({\n            content: { location: { url: \"https:\/\/artsvisuelsgatineau.com\/wp-content\/uploads\/2023\/10\/Portraits_dartistes_Gatineau_web.pdf\" } },\n            metaData: { fileName: \"Portraits d'artistes de Gatineau\" }\n        }, {\n            embedMode: \"FULL_WINDOW\",\n            showDownloadPDF: false,\n            showPrintPDF: false,\n            showAnnotationTools: false,\n            showLeftHandPanel: true,\n            showPageControls: true,\n            dockPageControls: false,\n            enableFormFilling: false,\n            defaultViewMode: \"FIT_PAGE\"\n        });\n    });\n<\/script>\n","protected":false},"excerpt":{"rendered":"<p>Pour c\u00e9l\u00e9brer son 65e anniversaire de fondation, Arts visuels de Gatineau a demand\u00e9 \u00e0 l&#8217;historienne de l\u2019art Jessica Ragazzini de tracer les portraits d\u2019artistes&hellip;<\/p>\n","protected":false},"author":1,"featured_media":0,"parent":0,"menu_order":0,"comment_status":"closed","ping_status":"closed","template":"","meta":{"footnotes":""},"class_list":["post-486","page","type-page","status-publish","hentry"],"_links":{"self":[{"href":"https:\/\/artsvisuelsgatineau.com\/fr\/wp-json\/wp\/v2\/pages\/486","targetHints":{"allow":["GET"]}}],"collection":[{"href":"https:\/\/artsvisuelsgatineau.com\/fr\/wp-json\/wp\/v2\/pages"}],"about":[{"href":"https:\/\/artsvisuelsgatineau.com\/fr\/wp-json\/wp\/v2\/types\/page"}],"author":[{"embeddable":true,"href":"https:\/\/artsvisuelsgatineau.com\/fr\/wp-json\/wp\/v2\/users\/1"}],"replies":[{"embeddable":true,"href":"https:\/\/artsvisuelsgatineau.com\/fr\/wp-json\/wp\/v2\/comments?post=486"}],"version-history":[{"count":4,"href":"https:\/\/artsvisuelsgatineau.com\/fr\/wp-json\/wp\/v2\/pages\/486\/revisions"}],"predecessor-version":[{"id":976,"href":"https:\/\/artsvisuelsgatineau.com\/fr\/wp-json\/wp\/v2\/pages\/486\/revisions\/976"}],"wp:attachment":[{"href":"https:\/\/artsvisuelsgatineau.com\/fr\/wp-json\/wp\/v2\/media?parent=486"}],"curies":[{"name":"wp","href":"https:\/\/api.w.org\/{rel}","templated":true}]}}