{"id":52,"date":"2023-10-07T12:30:03","date_gmt":"2023-10-07T16:30:03","guid":{"rendered":"https:\/\/artsvisuelsgatineau.com\/?page_id=52"},"modified":"2023-10-11T15:59:40","modified_gmt":"2023-10-11T19:59:40","slug":"a-propos-davg","status":"publish","type":"page","link":"https:\/\/artsvisuelsgatineau.com\/fr\/a-propos-davg\/","title":{"rendered":"\u00c0 propos d&#8217;AVG"},"content":{"rendered":"\n<div class=\"wp-block-columns is-layout-flex wp-container-core-columns-is-layout-9d6595d7 wp-block-columns-is-layout-flex\">\n<div class=\"wp-block-column is-layout-flow wp-block-column-is-layout-flow\">\n<p>Arts visuels de Gatineau (AVG) est un organisme \u00e0 but non-lucratif incorpor\u00e9 depuis 1978. Son si\u00e8ge social est situ\u00e9 dans le secteur Aylmer de la ville de Gatineau.&nbsp;Il est constitu\u00e9 d\u2019un comit\u00e9 ex\u00e9cutif dont les administrateurs proviennent de divers horizons professionnels et partagent une passion commune pour le d\u00e9veloppement des arts et de la culture.<\/p>\n\n\n\n<p>Suivant le leadership pr\u00e9c\u00e9dent, le nouveau conseil d\u2019administration a pris la rel\u00e8ve le 15 novembre 2018 afin de poursuivre le mandat de AVG. La mission de AVG est de repr\u00e9senter et de servir les artistes de tous genres de la communaut\u00e9 de Gatineau et des environs. Notre organisation est compos\u00e9e de membres artistes de diff\u00e9rents niveau : artistes amateurs, \u00e9mergents, semi- professionnels et professionnels ainsi que des artisans.<\/p>\n\n\n\n<hr class=\"wp-block-separator has-alpha-channel-opacity\"\/>\n\n\n\n<p>AVG s&#8217;engage \u00e0 servir ses membres \u00e0 des fins purement artistiques et sans aucune intention de gains p\u00e9cuniaires. Le mandat de AVG est de d\u00e9velopper les arts et la culture dans la communaut\u00e9 de Gatineau et ses environs tel que d\u00e9crit ci-dessous :<\/p>\n\n\n\n<ul class=\"wp-block-list\">\n<li>Promouvoir les arts et la culture dans la communaut\u00e9 de Gatineau et la r\u00e9gion de l\u2019Outaouais.<\/li>\n\n\n\n<li>Organiser des \u00e9v\u00e8nements culturels tels que des expositions mettant en valeur le travail de ses membres et leurs \u0153uvres originales.<\/li>\n\n\n\n<li>Favoriser le d\u00e9veloppement artistique de ses membres.<\/li>\n\n\n\n<li>Offrir un environnement qui permet de mettre en valeur le talent de ses membres.<\/li>\n\n\n\n<li>Offrir un portfolio d\u2019ateliers et de formations \u00e0 ses membres ainsi qu\u2019\u00e0 la communaut\u00e9.<\/li>\n\n\n\n<li>Favoriser le partenariat avec d\u2019autres organismes culturels de la r\u00e9gion.<\/li>\n<\/ul>\n\n\n\n<p>Pour tout int\u00e9r\u00eat \u00e0 repr\u00e9senter et\/ou vous impliquer dans Arts visuels de Gatineau, veuillez contacter AVG par courriel au&nbsp;<a href=\"mailto:bonjour@artsvisuelsgatineau.com\">bonjour@artsvisuelsgatineau.com<\/a>.<\/p>\n\n\n\n<p><strong>Adh\u00e9sions et cotisations<\/strong><\/p>\n\n\n\n<p>L\u2019adh\u00e9sion a AVG se fait conform\u00e9ment aux modalit\u00e9s fix\u00e9es par AVG qui notamment fixe le montant de la contribution annuelle des membres r\u00e9guliers. <strong>L\u2019adh\u00e9sion et le renouvellement a AVG sont d\u2019une dur\u00e9e de un an et prennent fin le 31 ao\u00fbt de chaque ann\u00e9e.<\/strong><\/p>\n<\/div>\n\n\n\n<div class=\"wp-block-column is-layout-flow wp-block-column-is-layout-flow\"><div class=\"wp-block-image\">\n<figure class=\"aligncenter size-full\"><img loading=\"lazy\" decoding=\"async\" width=\"360\" height=\"240\" src=\"https:\/\/artsvisuelsgatineau.com\/wp-content\/uploads\/Logos_images\/A-propos-dAVG.jpg\" alt=\"\" class=\"wp-image-55\" srcset=\"https:\/\/artsvisuelsgatineau.com\/wp-content\/uploads\/Logos_images\/A-propos-dAVG.jpg 360w, https:\/\/artsvisuelsgatineau.com\/wp-content\/uploads\/Logos_images\/A-propos-dAVG-300x200.jpg 300w, https:\/\/artsvisuelsgatineau.com\/wp-content\/uploads\/Logos_images\/A-propos-dAVG-18x12.jpg 18w\" sizes=\"auto, (max-width: 360px) 100vw, 360px\" \/><\/figure>\n<\/div><\/div>\n<\/div>\n\n\n\n<div class=\"wp-block-columns is-layout-flex wp-container-core-columns-is-layout-9d6595d7 wp-block-columns-is-layout-flex\"><\/div>\n","protected":false},"excerpt":{"rendered":"<p>Arts visuels de Gatineau (AVG) est un organisme \u00e0 but non-lucratif incorpor\u00e9 depuis 1978. Son si\u00e8ge social est situ\u00e9 dans le secteur Aylmer de&hellip;<\/p>\n","protected":false},"author":1,"featured_media":0,"parent":0,"menu_order":0,"comment_status":"closed","ping_status":"closed","template":"","meta":{"footnotes":""},"class_list":["post-52","page","type-page","status-publish","hentry"],"_links":{"self":[{"href":"https:\/\/artsvisuelsgatineau.com\/fr\/wp-json\/wp\/v2\/pages\/52","targetHints":{"allow":["GET"]}}],"collection":[{"href":"https:\/\/artsvisuelsgatineau.com\/fr\/wp-json\/wp\/v2\/pages"}],"about":[{"href":"https:\/\/artsvisuelsgatineau.com\/fr\/wp-json\/wp\/v2\/types\/page"}],"author":[{"embeddable":true,"href":"https:\/\/artsvisuelsgatineau.com\/fr\/wp-json\/wp\/v2\/users\/1"}],"replies":[{"embeddable":true,"href":"https:\/\/artsvisuelsgatineau.com\/fr\/wp-json\/wp\/v2\/comments?post=52"}],"version-history":[{"count":7,"href":"https:\/\/artsvisuelsgatineau.com\/fr\/wp-json\/wp\/v2\/pages\/52\/revisions"}],"predecessor-version":[{"id":538,"href":"https:\/\/artsvisuelsgatineau.com\/fr\/wp-json\/wp\/v2\/pages\/52\/revisions\/538"}],"wp:attachment":[{"href":"https:\/\/artsvisuelsgatineau.com\/fr\/wp-json\/wp\/v2\/media?parent=52"}],"curies":[{"name":"wp","href":"https:\/\/api.w.org\/{rel}","templated":true}]}}