{"id":59,"date":"2023-10-07T12:50:06","date_gmt":"2023-10-07T16:50:06","guid":{"rendered":"https:\/\/artsvisuelsgatineau.com\/?page_id=59"},"modified":"2025-12-23T11:45:44","modified_gmt":"2025-12-23T16:45:44","slug":"notre-mission-et-vision","status":"publish","type":"page","link":"https:\/\/artsvisuelsgatineau.com\/fr\/notre-mission-et-vision\/","title":{"rendered":"Notre mission et vision"},"content":{"rendered":"\n<div class=\"wp-block-columns is-layout-flex wp-container-core-columns-is-layout-9d6595d7 wp-block-columns-is-layout-flex\">\n<div class=\"wp-block-column is-layout-flow wp-block-column-is-layout-flow\">\n<p><strong>Mission<\/strong><\/p>\n\n\n\n<p>Arts visuels de Gatineau (AVG) est un organisme sans but lucratif (OSBL). Sa mission est d\u2019\u00eatre au service de ses membres, de les repr\u00e9senter et de les soutenir en leur offrant des occasions d\u2019exposition, de r\u00e9seautage et de d\u00e9veloppement professionnel.<\/p>\n\n\n\n<p>L\u2019organisme encourage la cr\u00e9ation et la diffusion d\u2019\u0153uvres originales et favorise l\u2019accessibilit\u00e9 des arts visuels aupr\u00e8s de la collectivit\u00e9 gatinoise et de ses environs.<\/p>\n\n\n\n<hr class=\"wp-block-separator has-alpha-channel-opacity\"\/>\n\n\n\n<p><strong>Vision<\/strong><\/p>\n\n\n\n<p>AVG veut devenir un p\u00f4le de r\u00e9f\u00e9rence en arts visuels \u00e0 Gatineau, reconnu pour son excellence, son r\u00f4le rassembleur et son engagement pour l\u2019accessibilit\u00e9 de l\u2019art visuel et le d\u00e9veloppement culturel de la collectivit\u00e9.<\/p>\n\n\n\n<p>Aussi, AVG se veut un lieu vivant et inclusif o\u00f9 chaque membre trouve soutien et reconnaissance, et o\u00f9 la population d\u00e9couvre, partage et s\u2019approprie les arts visuels comme partie int\u00e9grante de son quotidien.<\/p>\n\n\n\n<hr class=\"wp-block-separator has-alpha-channel-opacity\"\/>\n\n\n\n<p><strong>Valeurs<\/strong><\/p>\n\n\n\n<ol start=\"1\" class=\"wp-block-list\">\n<li><strong>Engagement<\/strong> \u2013 Contribuer activement au d\u00e9veloppement culturel et social de la ville de Gatineau.<\/li>\n\n\n\n<li><strong>Collaboration<\/strong> \u2013 Favoriser les partenariats et le partage entre artistes, organismes et citoyens.<\/li>\n\n\n\n<li><strong>Respect<\/strong> \u2013 Favoriser un environnement fond\u00e9 sur le respect mutuel, l&#8217;\u00e9coute et la reconnaissance de la diversit\u00e9 des pratiques artistiques.<\/li>\n<\/ol>\n<\/div>\n\n\n\n<div class=\"wp-block-column is-layout-flow wp-block-column-is-layout-flow\">\n<figure class=\"wp-block-image size-full is-resized\"><img loading=\"lazy\" decoding=\"async\" width=\"361\" height=\"240\" src=\"https:\/\/artsvisuelsgatineau.com\/wp-content\/uploads\/Logos_images\/Notre-mission-et-vision.jpg\" alt=\"\" class=\"wp-image-62\" style=\"width:415px;height:276px\" srcset=\"https:\/\/artsvisuelsgatineau.com\/wp-content\/uploads\/Logos_images\/Notre-mission-et-vision.jpg 361w, https:\/\/artsvisuelsgatineau.com\/wp-content\/uploads\/Logos_images\/Notre-mission-et-vision-300x199.jpg 300w, https:\/\/artsvisuelsgatineau.com\/wp-content\/uploads\/Logos_images\/Notre-mission-et-vision-18x12.jpg 18w\" sizes=\"auto, (max-width: 361px) 100vw, 361px\" \/><\/figure>\n<\/div>\n<\/div>\n","protected":false},"excerpt":{"rendered":"<p>Mission Arts visuels de Gatineau (AVG) est un organisme sans but lucratif (OSBL). Sa mission est d\u2019\u00eatre au service de ses membres, de les&hellip;<\/p>\n","protected":false},"author":1,"featured_media":0,"parent":0,"menu_order":0,"comment_status":"closed","ping_status":"closed","template":"","meta":{"footnotes":""},"class_list":["post-59","page","type-page","status-publish","hentry"],"_links":{"self":[{"href":"https:\/\/artsvisuelsgatineau.com\/fr\/wp-json\/wp\/v2\/pages\/59","targetHints":{"allow":["GET"]}}],"collection":[{"href":"https:\/\/artsvisuelsgatineau.com\/fr\/wp-json\/wp\/v2\/pages"}],"about":[{"href":"https:\/\/artsvisuelsgatineau.com\/fr\/wp-json\/wp\/v2\/types\/page"}],"author":[{"embeddable":true,"href":"https:\/\/artsvisuelsgatineau.com\/fr\/wp-json\/wp\/v2\/users\/1"}],"replies":[{"embeddable":true,"href":"https:\/\/artsvisuelsgatineau.com\/fr\/wp-json\/wp\/v2\/comments?post=59"}],"version-history":[{"count":6,"href":"https:\/\/artsvisuelsgatineau.com\/fr\/wp-json\/wp\/v2\/pages\/59\/revisions"}],"predecessor-version":[{"id":3089,"href":"https:\/\/artsvisuelsgatineau.com\/fr\/wp-json\/wp\/v2\/pages\/59\/revisions\/3089"}],"wp:attachment":[{"href":"https:\/\/artsvisuelsgatineau.com\/fr\/wp-json\/wp\/v2\/media?parent=59"}],"curies":[{"name":"wp","href":"https:\/\/api.w.org\/{rel}","templated":true}]}}