{"id":66,"date":"2023-10-07T13:07:45","date_gmt":"2023-10-07T17:07:45","guid":{"rendered":"https:\/\/artsvisuelsgatineau.com\/?page_id=66"},"modified":"2023-11-12T12:05:49","modified_gmt":"2023-11-12T17:05:49","slug":"reglements-generaux","status":"publish","type":"page","link":"https:\/\/artsvisuelsgatineau.com\/fr\/reglements-generaux\/","title":{"rendered":"R\u00e8glements g\u00e9n\u00e9raux"},"content":{"rendered":"\n<p>Les pr\u00e9sents R\u00e8glements g\u00e9n\u00e9raux remplacent toutes versions ant\u00e9rieures. Ils s\u2019appliquent \u00e0 compter<br>de la date de ratification des membres r\u00e9unis en assembl\u00e9e g\u00e9n\u00e9rale le 16 octobre 2019.<\/p>\n\n\n\n<div data-wp-interactive=\"core\/file\" class=\"wp-block-file\"><object data-wp-bind--hidden=\"!state.hasPdfPreview\" hidden class=\"wp-block-file__embed\" data=\"https:\/\/artsvisuelsgatineau.com\/wp-content\/uploads\/PDF\/REGLEMENTS_GENERAUX_CAA_16_Oct_2019.pdf\" type=\"application\/pdf\" style=\"width:100%;height:600px\" aria-label=\"Contenu incorpor\u00e9 R\u00c8GLEMENTS_G\u00c9N\u00c9RAUX_CA_16_Oct_2019.\"><\/object><a id=\"wp-block-file--media-cea62e72-cf6c-478d-a72d-b4a263dbcc61\" href=\"https:\/\/artsvisuelsgatineau.com\/wp-content\/uploads\/PDF\/REGLEMENTS_GENERAUX_CAA_16_Oct_2019.pdf\">R\u00c8GLEMENTS_G\u00c9N\u00c9RAUX_CA_16_Oct_2019<\/a><\/div>\n\n\n\n<div class=\"wp-block-columns is-layout-flex wp-container-core-columns-is-layout-9d6595d7 wp-block-columns-is-layout-flex\"><\/div>\n","protected":false},"excerpt":{"rendered":"<p>Les pr\u00e9sents R\u00e8glements g\u00e9n\u00e9raux remplacent toutes versions ant\u00e9rieures. Ils s\u2019appliquent \u00e0 compterde la date de ratification des membres r\u00e9unis en assembl\u00e9e g\u00e9n\u00e9rale le 16&hellip;<\/p>\n","protected":false},"author":1,"featured_media":0,"parent":0,"menu_order":0,"comment_status":"closed","ping_status":"closed","template":"","meta":{"footnotes":""},"class_list":["post-66","page","type-page","status-publish","hentry"],"_links":{"self":[{"href":"https:\/\/artsvisuelsgatineau.com\/fr\/wp-json\/wp\/v2\/pages\/66","targetHints":{"allow":["GET"]}}],"collection":[{"href":"https:\/\/artsvisuelsgatineau.com\/fr\/wp-json\/wp\/v2\/pages"}],"about":[{"href":"https:\/\/artsvisuelsgatineau.com\/fr\/wp-json\/wp\/v2\/types\/page"}],"author":[{"embeddable":true,"href":"https:\/\/artsvisuelsgatineau.com\/fr\/wp-json\/wp\/v2\/users\/1"}],"replies":[{"embeddable":true,"href":"https:\/\/artsvisuelsgatineau.com\/fr\/wp-json\/wp\/v2\/comments?post=66"}],"version-history":[{"count":10,"href":"https:\/\/artsvisuelsgatineau.com\/fr\/wp-json\/wp\/v2\/pages\/66\/revisions"}],"predecessor-version":[{"id":850,"href":"https:\/\/artsvisuelsgatineau.com\/fr\/wp-json\/wp\/v2\/pages\/66\/revisions\/850"}],"wp:attachment":[{"href":"https:\/\/artsvisuelsgatineau.com\/fr\/wp-json\/wp\/v2\/media?parent=66"}],"curies":[{"name":"wp","href":"https:\/\/api.w.org\/{rel}","templated":true}]}}