{"id":763,"date":"2023-10-23T11:12:37","date_gmt":"2023-10-23T15:12:37","guid":{"rendered":"https:\/\/artsvisuelsgatineau.com\/?page_id=763"},"modified":"2023-10-23T11:13:17","modified_gmt":"2023-10-23T15:13:17","slug":"benevolat","status":"publish","type":"page","link":"https:\/\/artsvisuelsgatineau.com\/fr\/benevolat\/","title":{"rendered":"Formulaire de b\u00e9n\u00e9volat"},"content":{"rendered":"<div class=\"frm_forms  with_frm_style frm_style_formidable-style\" id=\"frm_form_3_container\" data-token=\"8088bf49e601d37e0b042d8bf39ab14f\">\n<form enctype=\"multipart\/form-data\" method=\"post\" class=\"frm-show-form \" id=\"form_benevolat\" data-token=\"8088bf49e601d37e0b042d8bf39ab14f\">\n<div class=\"frm_form_fields \">\n<fieldset>\n<legend class=\"frm_screen_reader\">B\u00e9n\u00e9volat<\/legend>\r\n\r\n<div class=\"frm_fields_container\">\n<input type=\"hidden\" name=\"frm_action\" value=\"create\" \/>\n<input type=\"hidden\" name=\"form_id\" value=\"3\" \/>\n<input type=\"hidden\" name=\"frm_hide_fields_3\" id=\"frm_hide_fields_3\" value=\"\" \/>\n<input type=\"hidden\" name=\"form_key\" value=\"benevolat\" \/>\n<input type=\"hidden\" name=\"item_meta[0]\" value=\"\" \/>\n<input type=\"hidden\" id=\"frm_submit_entry_3\" name=\"frm_submit_entry_3\" value=\"3c0c5778bf\" \/><input type=\"hidden\" name=\"_wp_http_referer\" value=\"\/fr\/wp-json\/wp\/v2\/pages\/763\" \/><div id=\"frm_field_11_container\" class=\"frm_form_field form-field  frm_required_field frm_top_container\">\r\n    <div  id=\"field_3h7zt_label\" class=\"frm_primary_label\">Nom\r\n        <span class=\"frm_required\" aria-hidden=\"true\">*<\/span>\r\n    <\/div>\r\n    <fieldset aria-labelledby=\"field_3h7zt_label\">\n\t<legend class=\"frm_screen_reader frm_hidden\">\n\t\tNom\t<\/legend>\n\n\t<div  class=\"frm_combo_inputs_container\" id=\"frm_combo_inputs_container_11\" data-name-layout=\"first_last\">\n\t\t\t\t\t<div\n\t\t\t\tid=\"frm_field_11-first_container\"\n\t\t\t\tclass=\"frm_form_field form-field frm_form_subfield-first  frm6\"\n\t\t\t\tdata-sub-field-name=\"first\"\n\t\t\t>\n\t\t\t\t<label for=\"field_3h7zt_first\" class=\"frm_screen_reader frm_hidden\">\n\t\t\t\t\tPr\u00e9nom\t\t\t\t<\/label>\n\n\t\t\t\t<input  type=\"text\" id=\"field_3h7zt_first\" value=\"\" name=\"item_meta[11][first]\" autocomplete=\"given-name\" data-reqmsg=\"Ce champ est obligatoire.\" aria-required=\"true\" data-invmsg=\"Nom is invalid\" aria-invalid=\"false\"  \/><div class=\"frm_description\" id=\"frm_field_11_first_desc\">Pr\u00e9nom<\/div>\t\t\t<\/div>\n\t\t\t\t\t\t<div\n\t\t\t\tid=\"frm_field_11-last_container\"\n\t\t\t\tclass=\"frm_form_field form-field frm_form_subfield-last  frm6\"\n\t\t\t\tdata-sub-field-name=\"last\"\n\t\t\t>\n\t\t\t\t<label for=\"field_3h7zt_last\" class=\"frm_screen_reader frm_hidden\">\n\t\t\t\t\tNom de famille\t\t\t\t<\/label>\n\n\t\t\t\t<input  type=\"text\" id=\"field_3h7zt_last\" value=\"\" name=\"item_meta[11][last]\" autocomplete=\"family-name\" data-reqmsg=\"Ce champ est obligatoire.\" aria-required=\"true\" data-invmsg=\"Nom is invalid\" aria-invalid=\"false\"  \/><div class=\"frm_description\" id=\"frm_field_11_last_desc\">Nom de famille<\/div>\t\t\t<\/div>\n\t\t\t\t<\/div>\n<\/fieldset>\n\r\n    \r\n    \r\n<\/div>\n<div id=\"frm_field_12_container\" class=\"frm_form_field form-field  frm_required_field frm_top_container\">\r\n    <label for=\"field_4mqpe\" id=\"field_4mqpe_label\" class=\"frm_primary_label\">Adresse\r\n        <span class=\"frm_required\" aria-hidden=\"true\">*<\/span>\r\n    <\/label>\r\n    <input type=\"text\" id=\"field_4mqpe\" name=\"item_meta[12]\" value=\"\"  data-reqmsg=\"Ce champ est obligatoire.\" aria-required=\"true\" data-invmsg=\"Text is invalid\" aria-invalid=\"false\"  \/>\r\n    \r\n    \r\n<\/div>\n<div id=\"frm_field_13_container\" class=\"frm_form_field form-field  frm_required_field frm_top_container\">\r\n    <label for=\"field_be6gl\" id=\"field_be6gl_label\" class=\"frm_primary_label\">Courriel\r\n        <span class=\"frm_required\" aria-hidden=\"true\">*<\/span>\r\n    <\/label>\r\n    <input type=\"email\" id=\"field_be6gl\" name=\"item_meta[13]\" value=\"\"  data-reqmsg=\"Ce champ est obligatoire.\" aria-required=\"true\" data-invmsg=\"Ce courriel n&#039;est pas valide.\" aria-invalid=\"false\"  \/>\r\n    \r\n    \r\n<\/div>\n<div id=\"frm_field_25_container\" class=\"frm_form_field form-field  frm_required_field frm_top_container\">\r\n    <label for=\"field_j5175\" id=\"field_j5175_label\" class=\"frm_primary_label\">T\u00e9l\u00e9phone\r\n        <span class=\"frm_required\" aria-hidden=\"true\">*<\/span>\r\n    <\/label>\r\n    <input type=\"tel\" id=\"field_j5175\" name=\"item_meta[25]\" value=\"\"  data-reqmsg=\"Ce champ est obligatoire.\" aria-required=\"true\" data-invmsg=\"Ce num\u00e9ro de t\u00e9l\u00e9phone n&#039;est pas valide.\" aria-invalid=\"false\" pattern=\"((\\+\\d{1,3}(-|.| )?\\(?\\d\\)?(-| |.)?\\d{1,5})|(\\(?\\d{2,6}\\)?))(-|.| )?(\\d{3,4})(-|.| )?(\\d{4})(( x| ext)\\d{1,5}){0,1}$\"  \/>\r\n    \r\n    \r\n<\/div>\n<div id=\"frm_field_14_container\" class=\"frm_form_field form-field  frm_top_container vertical_radio\">\r\n    <div  id=\"field_tctef_label\" class=\"frm_primary_label\">Langues parl\u00e9es :\r\n        <span class=\"frm_required\" aria-hidden=\"true\"><\/span>\r\n    <\/div>\r\n    <div class=\"frm_opt_container\" aria-labelledby=\"field_tctef_label\" role=\"group\">\t\t<div class=\"frm_checkbox\" id=\"frm_checkbox_14-0\">\t\t\t<label  for=\"field_tctef-0\">\n\t\t\t<input type=\"checkbox\" name=\"item_meta[14][]\" id=\"field_tctef-0\" value=\"Fran\u00e7ais\"  data-invmsg=\"Langues parl\u00e9es : is invalid\"   \/> Fran\u00e7ais<\/label><\/div>\n\t\t<div class=\"frm_checkbox\" id=\"frm_checkbox_14-1\">\t\t\t<label  for=\"field_tctef-1\">\n\t\t\t<input type=\"checkbox\" name=\"item_meta[14][]\" id=\"field_tctef-1\" value=\"Anglais\"  data-invmsg=\"Langues parl\u00e9es : is invalid\"   \/> Anglais<\/label><\/div>\n\t\t<div class=\"frm_checkbox\" id=\"frm_checkbox_14-2\">\t\t\t<label  for=\"field_tctef-2\">\n\t\t\t<input type=\"checkbox\" name=\"item_meta[14][]\" id=\"field_tctef-2\" value=\"Autre\"  data-invmsg=\"Langues parl\u00e9es : is invalid\"   \/> Autre<\/label><\/div>\n<\/div>\r\n    \r\n    \r\n<\/div>\n<div id=\"frm_field_15_container\" class=\"frm_form_field form-field  frm_top_container\">\r\n    <label for=\"field_fjakc\" id=\"field_fjakc_label\" class=\"frm_primary_label\">Si vous avez r\u00e9pondu &#8220;Autre&#8221;, veuillez pr\u00e9ciser :\r\n        <span class=\"frm_required\" aria-hidden=\"true\"><\/span>\r\n    <\/label>\r\n    <input type=\"text\" id=\"field_fjakc\" name=\"item_meta[15]\" value=\"\"  data-invmsg=\"Text is invalid\" aria-invalid=\"false\"  \/>\r\n    \r\n    \r\n<\/div>\n<div id=\"frm_field_17_container\" class=\"frm_form_field form-field  frm_top_container vertical_radio\">\r\n    <div  id=\"field_qofjm_label\" class=\"frm_primary_label\">Quel champ d&#8217;activit\u00e9 vous int\u00e9resse d&#8217;avantage? (Cochez toutes les options pertinentes)\r\n        <span class=\"frm_required\" aria-hidden=\"true\"><\/span>\r\n    <\/div>\r\n    <div class=\"frm_opt_container\" aria-labelledby=\"field_qofjm_label\" role=\"group\">\t\t<div class=\"frm_checkbox\" id=\"frm_checkbox_17-0\">\t\t\t<label  for=\"field_qofjm-0\">\n\t\t\t<input type=\"checkbox\" name=\"item_meta[17][]\" id=\"field_qofjm-0\" value=\"Comit\u00e9 organisateur\"  data-invmsg=\"Quel champ d&#039;activit\u00e9 vous int\u00e9resse d&#039;avantage? (Cochez toutes les options pertinentes) is invalid\"   \/> Comit\u00e9 organisateur<\/label><\/div>\n\t\t<div class=\"frm_checkbox\" id=\"frm_checkbox_17-1\">\t\t\t<label  for=\"field_qofjm-1\">\n\t\t\t<input type=\"checkbox\" name=\"item_meta[17][]\" id=\"field_qofjm-1\" value=\"Accueil aux \u00e9v\u00e9nements\"  data-invmsg=\"Quel champ d&#039;activit\u00e9 vous int\u00e9resse d&#039;avantage? (Cochez toutes les options pertinentes) is invalid\"   \/> Accueil aux \u00e9v\u00e9nements<\/label><\/div>\n\t\t<div class=\"frm_checkbox\" id=\"frm_checkbox_17-2\">\t\t\t<label  for=\"field_qofjm-2\">\n\t\t\t<input type=\"checkbox\" name=\"item_meta[17][]\" id=\"field_qofjm-2\" value=\"D\u00e9coration\"  data-invmsg=\"Quel champ d&#039;activit\u00e9 vous int\u00e9resse d&#039;avantage? (Cochez toutes les options pertinentes) is invalid\"   \/> D\u00e9coration<\/label><\/div>\n\t\t<div class=\"frm_checkbox\" id=\"frm_checkbox_17-3\">\t\t\t<label  for=\"field_qofjm-3\">\n\t\t\t<input type=\"checkbox\" name=\"item_meta[17][]\" id=\"field_qofjm-3\" value=\"Travail sur le terrain (logistique)\"  data-invmsg=\"Quel champ d&#039;activit\u00e9 vous int\u00e9resse d&#039;avantage? (Cochez toutes les options pertinentes) is invalid\"   \/> Travail sur le terrain (logistique)<\/label><\/div>\n\t\t<div class=\"frm_checkbox\" id=\"frm_checkbox_17-4\">\t\t\t<label  for=\"field_qofjm-4\">\n\t\t\t<input type=\"checkbox\" name=\"item_meta[17][]\" id=\"field_qofjm-4\" value=\"Animation d&#039;une activit\u00e9\"  data-invmsg=\"Quel champ d&#039;activit\u00e9 vous int\u00e9resse d&#039;avantage? (Cochez toutes les options pertinentes) is invalid\"   \/> Animation d&#8217;une activit\u00e9<\/label><\/div>\n\t\t<div class=\"frm_checkbox\" id=\"frm_checkbox_17-5\">\t\t\t<label  for=\"field_qofjm-5\">\n\t\t\t<input type=\"checkbox\" name=\"item_meta[17][]\" id=\"field_qofjm-5\" value=\"Aller chercher des commanditaires\"  data-invmsg=\"Quel champ d&#039;activit\u00e9 vous int\u00e9resse d&#039;avantage? (Cochez toutes les options pertinentes) is invalid\"   \/> Aller chercher des commanditaires<\/label><\/div>\n\t\t<div class=\"frm_checkbox\" id=\"frm_checkbox_17-6\">\t\t\t<label  for=\"field_qofjm-6\">\n\t\t\t<input type=\"checkbox\" name=\"item_meta[17][]\" id=\"field_qofjm-6\" value=\"Installation d&#039;affiches dans les rues\"  data-invmsg=\"Quel champ d&#039;activit\u00e9 vous int\u00e9resse d&#039;avantage? (Cochez toutes les options pertinentes) is invalid\"   \/> Installation d&#8217;affiches dans les rues<\/label><\/div>\n\t\t<div class=\"frm_checkbox\" id=\"frm_checkbox_17-7\">\t\t\t<label  for=\"field_qofjm-7\">\n\t\t\t<input type=\"checkbox\" name=\"item_meta[17][]\" id=\"field_qofjm-7\" value=\"Traduction (fran\u00e7ais \u00e0 anglais)\"  data-invmsg=\"Quel champ d&#039;activit\u00e9 vous int\u00e9resse d&#039;avantage? (Cochez toutes les options pertinentes) is invalid\"   \/> Traduction (fran\u00e7ais \u00e0 anglais)<\/label><\/div>\n\t\t<div class=\"frm_checkbox\" id=\"frm_checkbox_17-8\">\t\t\t<label  for=\"field_qofjm-8\">\n\t\t\t<input type=\"checkbox\" name=\"item_meta[17][]\" id=\"field_qofjm-8\" value=\"Autres\"  data-invmsg=\"Quel champ d&#039;activit\u00e9 vous int\u00e9resse d&#039;avantage? (Cochez toutes les options pertinentes) is invalid\"   \/> Autres<\/label><\/div>\n<\/div>\r\n    \r\n    \r\n<\/div>\n<div id=\"frm_field_18_container\" class=\"frm_form_field form-field  frm_top_container\">\r\n    <label for=\"field_ncc3v\" id=\"field_ncc3v_label\" class=\"frm_primary_label\">Si vous avez r\u00e9pondu &#8220;Autres&#8221;, veuillez pr\u00e9ciser :\r\n        <span class=\"frm_required\" aria-hidden=\"true\"><\/span>\r\n    <\/label>\r\n    <input type=\"text\" id=\"field_ncc3v\" name=\"item_meta[18]\" value=\"\"  data-invmsg=\"Text is invalid\" aria-invalid=\"false\"  \/>\r\n    \r\n    \r\n<\/div>\n<div id=\"frm_field_19_container\" class=\"frm_form_field form-field  frm_top_container vertical_radio\">\r\n    <div  id=\"field_nn1k8_label\" class=\"frm_primary_label\">Seriez-vous int\u00e9ress\u00e9 \u00e0 faire parti du Conseil d&#8217;administration (CA)?\r\n        <span class=\"frm_required\" aria-hidden=\"true\"><\/span>\r\n    <\/div>\r\n    <div class=\"frm_opt_container\" aria-labelledby=\"field_nn1k8_label\" role=\"group\">\t\t<div class=\"frm_checkbox\" id=\"frm_checkbox_19-0\">\t\t\t<label  for=\"field_nn1k8-0\">\n\t\t\t<input type=\"checkbox\" name=\"item_meta[19][]\" id=\"field_nn1k8-0\" value=\"Oui\"  data-invmsg=\"Seriez-vous int\u00e9ress\u00e9 \u00e0 faire parti du Conseil d&#039;administration (CA)? is invalid\"   \/> Oui<\/label><\/div>\n\t\t<div class=\"frm_checkbox\" id=\"frm_checkbox_19-1\">\t\t\t<label  for=\"field_nn1k8-1\">\n\t\t\t<input type=\"checkbox\" name=\"item_meta[19][]\" id=\"field_nn1k8-1\" value=\"Non\"  data-invmsg=\"Seriez-vous int\u00e9ress\u00e9 \u00e0 faire parti du Conseil d&#039;administration (CA)? is invalid\"   \/> Non<\/label><\/div>\n<\/div>\r\n    \r\n    \r\n<\/div>\n<div id=\"frm_field_20_container\" class=\"frm_form_field form-field  frm_top_container\">\r\n    <label for=\"field_xvtrr\" id=\"field_xvtrr_label\" class=\"frm_primary_label\">Faites-nous part des comp\u00e9tences et des aptitudes particuli\u00e8res que vous poss\u00e9dez et qui, selon vous, pourraient nous \u00eatre utiles :\r\n        <span class=\"frm_required\" aria-hidden=\"true\"><\/span>\r\n    <\/label>\r\n    <textarea name=\"item_meta[20]\" id=\"field_xvtrr\" rows=\"5\"  data-invmsg=\"Faites-nous part des comp\u00e9tences et des aptitudes particuli\u00e8res que vous poss\u00e9dez et qui, selon vous, pourraient nous \u00eatre utiles : is invalid\" aria-invalid=\"false\"  ><\/textarea>\r\n    \r\n    \r\n<\/div>\n<div id=\"frm_field_21_container\" class=\"frm_form_field form-field  frm_top_container vertical_radio\">\r\n    <div  id=\"field_z6tom_label\" class=\"frm_primary_label\">Votre occupation :\r\n        <span class=\"frm_required\" aria-hidden=\"true\"><\/span>\r\n    <\/div>\r\n    <div class=\"frm_opt_container\" aria-labelledby=\"field_z6tom_label\" role=\"group\">\t\t<div class=\"frm_checkbox\" id=\"frm_checkbox_21-0\">\t\t\t<label  for=\"field_z6tom-0\">\n\t\t\t<input type=\"checkbox\" name=\"item_meta[21][]\" id=\"field_z6tom-0\" value=\"Ratrait\u00e9\"  data-invmsg=\"Votre occupation : is invalid\"   \/> Ratrait\u00e9<\/label><\/div>\n\t\t<div class=\"frm_checkbox\" id=\"frm_checkbox_21-1\">\t\t\t<label  for=\"field_z6tom-1\">\n\t\t\t<input type=\"checkbox\" name=\"item_meta[21][]\" id=\"field_z6tom-1\" value=\"\u00c9tudiant(e) 18 ans et plus\"  data-invmsg=\"Votre occupation : is invalid\"   \/> \u00c9tudiant(e) 18 ans et plus<\/label><\/div>\n\t\t<div class=\"frm_checkbox\" id=\"frm_checkbox_21-2\">\t\t\t<label  for=\"field_z6tom-2\">\n\t\t\t<input type=\"checkbox\" name=\"item_meta[21][]\" id=\"field_z6tom-2\" value=\"Travailleur \u00e0 temps plein\"  data-invmsg=\"Votre occupation : is invalid\"   \/> Travailleur \u00e0 temps plein<\/label><\/div>\n\t\t<div class=\"frm_checkbox\" id=\"frm_checkbox_21-3\">\t\t\t<label  for=\"field_z6tom-3\">\n\t\t\t<input type=\"checkbox\" name=\"item_meta[21][]\" id=\"field_z6tom-3\" value=\"Travailleur \u00e0 temps partiel\"  data-invmsg=\"Votre occupation : is invalid\"   \/> Travailleur \u00e0 temps partiel<\/label><\/div>\n<\/div>\r\n    \r\n    \r\n<\/div>\n<div id=\"frm_field_22_container\" class=\"frm_form_field form-field  frm_top_container vertical_radio\">\r\n    <div  id=\"field_l6fll_label\" class=\"frm_primary_label\">Vos disponibilit\u00e9s (cochez toutes les options pertinentes):\r\n        <span class=\"frm_required\" aria-hidden=\"true\"><\/span>\r\n    <\/div>\r\n    <div class=\"frm_opt_container\" aria-labelledby=\"field_l6fll_label\" role=\"group\">\t\t<div class=\"frm_checkbox\" id=\"frm_checkbox_22-0\">\t\t\t<label  for=\"field_l6fll-0\">\n\t\t\t<input type=\"checkbox\" name=\"item_meta[22][]\" id=\"field_l6fll-0\" value=\"Matin\"  data-invmsg=\"Vos disponibilit\u00e9s (cochez toutes les options pertinentes): is invalid\"   \/> Matin<\/label><\/div>\n\t\t<div class=\"frm_checkbox\" id=\"frm_checkbox_22-1\">\t\t\t<label  for=\"field_l6fll-1\">\n\t\t\t<input type=\"checkbox\" name=\"item_meta[22][]\" id=\"field_l6fll-1\" value=\"Apr\u00e8s-midi\"  data-invmsg=\"Vos disponibilit\u00e9s (cochez toutes les options pertinentes): is invalid\"   \/> Apr\u00e8s-midi<\/label><\/div>\n\t\t<div class=\"frm_checkbox\" id=\"frm_checkbox_22-2\">\t\t\t<label  for=\"field_l6fll-2\">\n\t\t\t<input type=\"checkbox\" name=\"item_meta[22][]\" id=\"field_l6fll-2\" value=\"Soir\"  data-invmsg=\"Vos disponibilit\u00e9s (cochez toutes les options pertinentes): is invalid\"   \/> Soir<\/label><\/div>\n\t\t<div class=\"frm_checkbox\" id=\"frm_checkbox_22-3\">\t\t\t<label  for=\"field_l6fll-3\">\n\t\t\t<input type=\"checkbox\" name=\"item_meta[22][]\" id=\"field_l6fll-3\" value=\"Pendant la semaine\"  data-invmsg=\"Vos disponibilit\u00e9s (cochez toutes les options pertinentes): is invalid\"   \/> Pendant la semaine<\/label><\/div>\n\t\t<div class=\"frm_checkbox\" id=\"frm_checkbox_22-4\">\t\t\t<label  for=\"field_l6fll-4\">\n\t\t\t<input type=\"checkbox\" name=\"item_meta[22][]\" id=\"field_l6fll-4\" value=\"Pendant la fin de semaine\"  data-invmsg=\"Vos disponibilit\u00e9s (cochez toutes les options pertinentes): is invalid\"   \/> Pendant la fin de semaine<\/label><\/div>\n<\/div>\r\n    \r\n    \r\n<\/div>\n<div id=\"frm_field_23_container\" class=\"frm_form_field form-field  frm_top_container vertical_radio\">\r\n    <div  id=\"field_byrmn_label\" class=\"frm_primary_label\">Avez-vous des limitations qui vous emp\u00eachent d&#8217;ex\u00e9cuter certaines t\u00e2ches?\r\n        <span class=\"frm_required\" aria-hidden=\"true\"><\/span>\r\n    <\/div>\r\n    <div class=\"frm_opt_container\" aria-labelledby=\"field_byrmn_label\" role=\"group\">\t\t<div class=\"frm_checkbox\" id=\"frm_checkbox_23-0\">\t\t\t<label  for=\"field_byrmn-0\">\n\t\t\t<input type=\"checkbox\" name=\"item_meta[23][]\" id=\"field_byrmn-0\" value=\"Oui\"  data-invmsg=\"Avez-vous des limitations qui vous emp\u00eachent d&#039;ex\u00e9cuter certaines t\u00e2ches? is invalid\"   \/> Oui<\/label><\/div>\n\t\t<div class=\"frm_checkbox\" id=\"frm_checkbox_23-1\">\t\t\t<label  for=\"field_byrmn-1\">\n\t\t\t<input type=\"checkbox\" name=\"item_meta[23][]\" id=\"field_byrmn-1\" value=\"Non\"  data-invmsg=\"Avez-vous des limitations qui vous emp\u00eachent d&#039;ex\u00e9cuter certaines t\u00e2ches? is invalid\"   \/> Non<\/label><\/div>\n<\/div>\r\n    \r\n    \r\n<\/div>\n<div id=\"frm_field_24_container\" class=\"frm_form_field form-field  frm_top_container\">\r\n    <label for=\"field_vv68u\" id=\"field_vv68u_label\" class=\"frm_primary_label\">Si vous avez r\u00e9pondu oui, lesquelles?\r\n        <span class=\"frm_required\" aria-hidden=\"true\"><\/span>\r\n    <\/label>\r\n    <input type=\"text\" id=\"field_vv68u\" name=\"item_meta[24]\" value=\"\"  data-invmsg=\"Text is invalid\" aria-invalid=\"false\"  \/>\r\n    \r\n    \r\n<\/div>\n<div id=\"frm_field_52_container\" class=\"frm_form_field form-field \">\n\t<div class=\"frm_submit\">\r\n\r\n<button class=\"frm_button_submit\" type=\"submit\"  >Envoyez<\/button>\r\n\r\n\r\n<\/div>\n<\/div>\n\t<input type=\"hidden\" name=\"item_key\" value=\"\" \/>\n\t\t\t<div id=\"frm_field_63_container\">\n\t\t\t<label for=\"field_ef7m6\" >\n\t\t\t\tIf you are human, leave this field blank.\t\t\t<\/label>\n\t\t\t<input  id=\"field_ef7m6\" type=\"text\" class=\"frm_form_field form-field frm_verify\" name=\"item_meta[63]\" value=\"\"  \/>\n\t\t<\/div>\n\t\t<input name=\"frm_state\" type=\"hidden\" value=\"+L9Yqru75\/xD7uuWLOqLweapxuuR\/KDbG7Ksyu8C7K8=\" \/><\/div>\n<\/fieldset>\n<\/div>\n\n<\/form>\n<\/div>\n","protected":false},"excerpt":{"rendered":"","protected":false},"author":1,"featured_media":0,"parent":0,"menu_order":0,"comment_status":"closed","ping_status":"closed","template":"","meta":{"footnotes":""},"class_list":["post-763","page","type-page","status-publish","hentry"],"_links":{"self":[{"href":"https:\/\/artsvisuelsgatineau.com\/fr\/wp-json\/wp\/v2\/pages\/763","targetHints":{"allow":["GET"]}}],"collection":[{"href":"https:\/\/artsvisuelsgatineau.com\/fr\/wp-json\/wp\/v2\/pages"}],"about":[{"href":"https:\/\/artsvisuelsgatineau.com\/fr\/wp-json\/wp\/v2\/types\/page"}],"author":[{"embeddable":true,"href":"https:\/\/artsvisuelsgatineau.com\/fr\/wp-json\/wp\/v2\/users\/1"}],"replies":[{"embeddable":true,"href":"https:\/\/artsvisuelsgatineau.com\/fr\/wp-json\/wp\/v2\/comments?post=763"}],"version-history":[{"count":2,"href":"https:\/\/artsvisuelsgatineau.com\/fr\/wp-json\/wp\/v2\/pages\/763\/revisions"}],"predecessor-version":[{"id":767,"href":"https:\/\/artsvisuelsgatineau.com\/fr\/wp-json\/wp\/v2\/pages\/763\/revisions\/767"}],"wp:attachment":[{"href":"https:\/\/artsvisuelsgatineau.com\/fr\/wp-json\/wp\/v2\/media?parent=763"}],"curies":[{"name":"wp","href":"https:\/\/api.w.org\/{rel}","templated":true}]}}