{"id":768,"date":"2023-10-23T11:17:21","date_gmt":"2023-10-23T15:17:21","guid":{"rendered":"https:\/\/artsvisuelsgatineau.com\/?page_id=768"},"modified":"2024-01-31T10:53:14","modified_gmt":"2024-01-31T15:53:14","slug":"benevolat-3","status":"publish","type":"page","link":"https:\/\/artsvisuelsgatineau.com\/fr\/benevolat-3\/","title":{"rendered":"Devenir b\u00e9n\u00e9vole"},"content":{"rendered":"<div class=\"wp-block-image\">\n<figure class=\"aligncenter size-full is-resized\"><img loading=\"lazy\" decoding=\"async\" src=\"https:\/\/artsvisuelsgatineau.com\/wp-content\/uploads\/Logos_images\/Benevolat.jpg\" alt=\"\" class=\"wp-image-691\" style=\"width:406px;height:232px\" width=\"406\" height=\"232\" srcset=\"https:\/\/artsvisuelsgatineau.com\/wp-content\/uploads\/Logos_images\/Benevolat.jpg 626w, https:\/\/artsvisuelsgatineau.com\/wp-content\/uploads\/Logos_images\/Benevolat-400x229.jpg 400w, https:\/\/artsvisuelsgatineau.com\/wp-content\/uploads\/Logos_images\/Benevolat-300x172.jpg 300w, https:\/\/artsvisuelsgatineau.com\/wp-content\/uploads\/Logos_images\/Benevolat-18x10.jpg 18w\" sizes=\"auto, (max-width: 406px) 100vw, 406px\" \/><\/figure>\n<\/div>\n\n\n<h2 class=\"wp-block-heading\">B\u00e9n\u00e9volat \u00c0 Arts Visuels De Gatineau (AVG)<\/h2>\n\n\n\n<p>Les b\u00e9n\u00e9voles sont le c\u0153ur et la force d\u2019Arts visuels de Gatineau (AVG).&nbsp;Le b\u00e9n\u00e9volat est un excellent moyen de demeurer actif, d\u2019utiliser vos talents, de faire de belles rencontres et de rendre service \u00e0 la communaut\u00e9 artistique. Faites une diff\u00e9rence dans la vie des gens, en plus de vivre de nouvelles exp\u00e9riences, et devenez b\u00e9n\u00e9vole.&nbsp;Il n\u2019est pas n\u00e9cessaire d\u2019\u00eatre artiste pour devenir b\u00e9n\u00e9vole \u00e0 AVG.<\/p>\n\n\n\n<p>Venez partager votre enthousiasme et contribuer \u00e0 l\u2019\u00e9dification d\u2019une communaut\u00e9 artistique exceptionnelle. Nous sommes \u00e0 la recherche de b\u00e9n\u00e9voles dynamiques qui nous aideront \u00e0 r\u00e9aliser nos objectifs de d\u00e9velopper les arts visuels et les m\u00e9tiers d\u2019arts \u00e0 Gatineau et de rendre la r\u00e9gion un lieu riche de sens pour les artistes.&nbsp;<\/p>\n\n\n\n<p>Pour vous inscrire, veuillez remplir le formulaire ci-dessous.<\/p>\n\n\n\n<div class=\"wp-block-buttons is-layout-flex wp-block-buttons-is-layout-flex\">\n<div class=\"wp-block-button\"><a class=\"wp-block-button__link wp-element-button\" href=\"\/benevolat\">Formulaire pour b\u00e9n\u00e9volat<\/a><\/div>\n<\/div>\n","protected":false},"excerpt":{"rendered":"<p>B\u00e9n\u00e9volat \u00c0 Arts Visuels De Gatineau (AVG) Les b\u00e9n\u00e9voles sont le c\u0153ur et la force d\u2019Arts visuels de Gatineau (AVG).&nbsp;Le b\u00e9n\u00e9volat est un excellent&hellip;<\/p>\n","protected":false},"author":1,"featured_media":0,"parent":0,"menu_order":0,"comment_status":"closed","ping_status":"closed","template":"","meta":{"footnotes":""},"class_list":["post-768","page","type-page","status-publish","hentry"],"_links":{"self":[{"href":"https:\/\/artsvisuelsgatineau.com\/fr\/wp-json\/wp\/v2\/pages\/768","targetHints":{"allow":["GET"]}}],"collection":[{"href":"https:\/\/artsvisuelsgatineau.com\/fr\/wp-json\/wp\/v2\/pages"}],"about":[{"href":"https:\/\/artsvisuelsgatineau.com\/fr\/wp-json\/wp\/v2\/types\/page"}],"author":[{"embeddable":true,"href":"https:\/\/artsvisuelsgatineau.com\/fr\/wp-json\/wp\/v2\/users\/1"}],"replies":[{"embeddable":true,"href":"https:\/\/artsvisuelsgatineau.com\/fr\/wp-json\/wp\/v2\/comments?post=768"}],"version-history":[{"count":6,"href":"https:\/\/artsvisuelsgatineau.com\/fr\/wp-json\/wp\/v2\/pages\/768\/revisions"}],"predecessor-version":[{"id":1067,"href":"https:\/\/artsvisuelsgatineau.com\/fr\/wp-json\/wp\/v2\/pages\/768\/revisions\/1067"}],"wp:attachment":[{"href":"https:\/\/artsvisuelsgatineau.com\/fr\/wp-json\/wp\/v2\/media?parent=768"}],"curies":[{"name":"wp","href":"https:\/\/api.w.org\/{rel}","templated":true}]}}