{"id":80,"date":"2023-10-07T13:43:46","date_gmt":"2023-10-07T17:43:46","guid":{"rendered":"https:\/\/artsvisuelsgatineau.com\/?page_id=80"},"modified":"2026-02-25T20:11:28","modified_gmt":"2026-02-26T01:11:28","slug":"membres-du-conseil-dadministration","status":"publish","type":"page","link":"https:\/\/artsvisuelsgatineau.com\/fr\/membres-du-conseil-dadministration\/","title":{"rendered":"Membres du conseil d&#8217;administration"},"content":{"rendered":"\n<div class=\"wp-block-columns is-layout-flex wp-container-core-columns-is-layout-9d6595d7 wp-block-columns-is-layout-flex\">\n<div class=\"wp-block-column is-layout-flow wp-block-column-is-layout-flow\">\n<div class=\"wp-block-media-text is-stacked-on-mobile\"><figure class=\"wp-block-media-text__media\"><img loading=\"lazy\" decoding=\"async\" width=\"424\" height=\"640\" src=\"https:\/\/artsvisuelsgatineau.com\/wp-content\/uploads\/Conseil_administration\/Catherine_Garcia-Cournoyer.jpg\" alt=\"\" class=\"wp-image-77 size-full\" srcset=\"https:\/\/artsvisuelsgatineau.com\/wp-content\/uploads\/Conseil_administration\/Catherine_Garcia-Cournoyer.jpg 424w, https:\/\/artsvisuelsgatineau.com\/wp-content\/uploads\/Conseil_administration\/Catherine_Garcia-Cournoyer-400x604.jpg 400w, https:\/\/artsvisuelsgatineau.com\/wp-content\/uploads\/Conseil_administration\/Catherine_Garcia-Cournoyer-199x300.jpg 199w, https:\/\/artsvisuelsgatineau.com\/wp-content\/uploads\/Conseil_administration\/Catherine_Garcia-Cournoyer-8x12.jpg 8w\" sizes=\"auto, (max-width: 424px) 100vw, 424px\" \/><\/figure><div class=\"wp-block-media-text__content\">\n<div class=\"wp-block-group\"><div class=\"wp-block-group__inner-container is-layout-constrained wp-block-group-is-layout-constrained\">\n<p><strong>Pr\u00e9sidente<\/strong><\/p>\n\n\n\n<p>Catherine Garcia Cournoyer<\/p>\n<\/div><\/div>\n<\/div><\/div>\n<\/div>\n\n\n\n<div class=\"wp-block-column is-layout-flow wp-block-column-is-layout-flow\">\n<div class=\"wp-block-media-text is-stacked-on-mobile is-vertically-aligned-top\"><figure class=\"wp-block-media-text__media\"><img loading=\"lazy\" decoding=\"async\" width=\"260\" height=\"320\" src=\"https:\/\/artsvisuelsgatineau.com\/wp-content\/uploads\/Conseil_administration\/Ren-Lyne.jpg\" alt=\"\" class=\"wp-image-82 size-full\" srcset=\"https:\/\/artsvisuelsgatineau.com\/wp-content\/uploads\/Conseil_administration\/Ren-Lyne.jpg 260w, https:\/\/artsvisuelsgatineau.com\/wp-content\/uploads\/Conseil_administration\/Ren-Lyne-244x300.jpg 244w, https:\/\/artsvisuelsgatineau.com\/wp-content\/uploads\/Conseil_administration\/Ren-Lyne-10x12.jpg 10w\" sizes=\"auto, (max-width: 260px) 100vw, 260px\" \/><\/figure><div class=\"wp-block-media-text__content\">\n<p><strong>Vice-pr\u00e9sidente<\/strong><\/p>\n\n\n\n<p>Ren\u00e9-Lyne Charlebois Emery<\/p>\n<\/div><\/div>\n<\/div>\n\n\n\n<div class=\"wp-block-column is-layout-flow wp-block-column-is-layout-flow\">\n<div class=\"wp-block-media-text is-stacked-on-mobile is-vertically-aligned-top\"><figure class=\"wp-block-media-text__media\"><img loading=\"lazy\" decoding=\"async\" width=\"819\" height=\"1024\" src=\"https:\/\/artsvisuelsgatineau.com\/wp-content\/uploads\/Conseil_administration\/Perron_Richard-819x1024.jpg\" alt=\"\" class=\"wp-image-83 size-full\" srcset=\"https:\/\/artsvisuelsgatineau.com\/wp-content\/uploads\/Conseil_administration\/Perron_Richard-819x1024.jpg 819w, https:\/\/artsvisuelsgatineau.com\/wp-content\/uploads\/Conseil_administration\/Perron_Richard-400x500.jpg 400w, https:\/\/artsvisuelsgatineau.com\/wp-content\/uploads\/Conseil_administration\/Perron_Richard-240x300.jpg 240w, https:\/\/artsvisuelsgatineau.com\/wp-content\/uploads\/Conseil_administration\/Perron_Richard-768x960.jpg 768w, https:\/\/artsvisuelsgatineau.com\/wp-content\/uploads\/Conseil_administration\/Perron_Richard-10x12.jpg 10w, https:\/\/artsvisuelsgatineau.com\/wp-content\/uploads\/Conseil_administration\/Perron_Richard.jpg 1218w\" sizes=\"auto, (max-width: 819px) 100vw, 819px\" \/><\/figure><div class=\"wp-block-media-text__content\">\n<p><strong>Tr\u00e9sorier<\/strong><\/p>\n\n\n\n<p>Richard Perron<\/p>\n<\/div><\/div>\n<\/div>\n<\/div>\n\n\n\n<div class=\"wp-block-columns is-layout-flex wp-container-core-columns-is-layout-9d6595d7 wp-block-columns-is-layout-flex\">\n<div class=\"wp-block-column is-layout-flow wp-block-column-is-layout-flow\">\n<div class=\"wp-block-media-text is-stacked-on-mobile is-vertically-aligned-top\"><figure class=\"wp-block-media-text__media\"><img loading=\"lazy\" decoding=\"async\" width=\"240\" height=\"308\" src=\"https:\/\/artsvisuelsgatineau.com\/wp-content\/uploads\/Conseil_administration\/Suzanne_Bonneau.jpg\" alt=\"\" class=\"wp-image-86 size-full\" srcset=\"https:\/\/artsvisuelsgatineau.com\/wp-content\/uploads\/Conseil_administration\/Suzanne_Bonneau.jpg 240w, https:\/\/artsvisuelsgatineau.com\/wp-content\/uploads\/Conseil_administration\/Suzanne_Bonneau-234x300.jpg 234w, https:\/\/artsvisuelsgatineau.com\/wp-content\/uploads\/Conseil_administration\/Suzanne_Bonneau-9x12.jpg 9w\" sizes=\"auto, (max-width: 240px) 100vw, 240px\" \/><\/figure><div class=\"wp-block-media-text__content\">\n<p><strong>Secr\u00e9taire<\/strong><\/p>\n\n\n\n<p>Suzanne Bonneau<\/p>\n<\/div><\/div>\n<\/div>\n\n\n\n<div class=\"wp-block-column is-layout-flow wp-block-column-is-layout-flow\">\n<div class=\"wp-block-media-text is-stacked-on-mobile\" style=\"grid-template-columns:45% auto\"><figure class=\"wp-block-media-text__media\"><img loading=\"lazy\" decoding=\"async\" width=\"498\" height=\"498\" src=\"https:\/\/artsvisuelsgatineau.com\/wp-content\/uploads\/2026\/02\/AVG-Silhouette.png\" alt=\"\" class=\"wp-image-3417 size-full\" srcset=\"https:\/\/artsvisuelsgatineau.com\/wp-content\/uploads\/2026\/02\/AVG-Silhouette.png 498w, https:\/\/artsvisuelsgatineau.com\/wp-content\/uploads\/2026\/02\/AVG-Silhouette-300x300.png 300w, https:\/\/artsvisuelsgatineau.com\/wp-content\/uploads\/2026\/02\/AVG-Silhouette-150x150.png 150w, https:\/\/artsvisuelsgatineau.com\/wp-content\/uploads\/2026\/02\/AVG-Silhouette-12x12.png 12w, https:\/\/artsvisuelsgatineau.com\/wp-content\/uploads\/2026\/02\/AVG-Silhouette-200x200.png 200w, https:\/\/artsvisuelsgatineau.com\/wp-content\/uploads\/2026\/02\/AVG-Silhouette-400x400.png 400w, https:\/\/artsvisuelsgatineau.com\/wp-content\/uploads\/2026\/02\/AVG-Silhouette-100x100.png 100w\" sizes=\"auto, (max-width: 498px) 100vw, 498px\" \/><\/figure><div class=\"wp-block-media-text__content\">\n<p><strong>Administrateur<\/strong><\/p>\n\n\n\n<p>Poste Vacant<\/p>\n<\/div><\/div>\n<\/div>\n\n\n\n<div class=\"wp-block-column is-layout-flow wp-block-column-is-layout-flow\">\n<div class=\"wp-block-media-text is-stacked-on-mobile\" style=\"grid-template-columns:45% auto\"><figure class=\"wp-block-media-text__media\"><img loading=\"lazy\" decoding=\"async\" width=\"449\" height=\"571\" src=\"https:\/\/artsvisuelsgatineau.com\/wp-content\/uploads\/2023\/11\/Raymond-Charette-portrait.jpg\" alt=\"\" class=\"wp-image-827 size-full\" srcset=\"https:\/\/artsvisuelsgatineau.com\/wp-content\/uploads\/2023\/11\/Raymond-Charette-portrait.jpg 449w, https:\/\/artsvisuelsgatineau.com\/wp-content\/uploads\/2023\/11\/Raymond-Charette-portrait-236x300.jpg 236w, https:\/\/artsvisuelsgatineau.com\/wp-content\/uploads\/2023\/11\/Raymond-Charette-portrait-9x12.jpg 9w, https:\/\/artsvisuelsgatineau.com\/wp-content\/uploads\/2023\/11\/Raymond-Charette-portrait-400x509.jpg 400w\" sizes=\"auto, (max-width: 449px) 100vw, 449px\" \/><\/figure><div class=\"wp-block-media-text__content\">\n<p><strong>Administrateur<\/strong><\/p>\n\n\n\n<p>Raymond Charette<\/p>\n<\/div><\/div>\n<\/div>\n<\/div>\n\n\n\n<div class=\"wp-block-columns is-layout-flex wp-container-core-columns-is-layout-9d6595d7 wp-block-columns-is-layout-flex\">\n<div class=\"wp-block-column is-layout-flow wp-block-column-is-layout-flow\">\n<div class=\"wp-block-media-text is-stacked-on-mobile\" style=\"grid-template-columns:46% auto\"><figure class=\"wp-block-media-text__media\"><img loading=\"lazy\" decoding=\"async\" width=\"640\" height=\"624\" src=\"https:\/\/artsvisuelsgatineau.com\/wp-content\/uploads\/Conseil_administration\/claude_belisle.jpg\" alt=\"\" class=\"wp-image-785 size-full\" srcset=\"https:\/\/artsvisuelsgatineau.com\/wp-content\/uploads\/Conseil_administration\/claude_belisle.jpg 640w, https:\/\/artsvisuelsgatineau.com\/wp-content\/uploads\/Conseil_administration\/claude_belisle-400x390.jpg 400w, https:\/\/artsvisuelsgatineau.com\/wp-content\/uploads\/Conseil_administration\/claude_belisle-300x293.jpg 300w, https:\/\/artsvisuelsgatineau.com\/wp-content\/uploads\/Conseil_administration\/claude_belisle-12x12.jpg 12w\" sizes=\"auto, (max-width: 640px) 100vw, 640px\" \/><\/figure><div class=\"wp-block-media-text__content\">\n<p><strong>Administrateur<\/strong><\/p>\n\n\n\n<p>Claude B\u00e9lisle<\/p>\n<\/div><\/div>\n<\/div>\n\n\n\n<div class=\"wp-block-column is-layout-flow wp-block-column-is-layout-flow\">\n<div class=\"wp-block-media-text is-stacked-on-mobile\" style=\"grid-template-columns:45% auto\"><figure class=\"wp-block-media-text__media\"><img loading=\"lazy\" decoding=\"async\" width=\"260\" height=\"318\" src=\"https:\/\/artsvisuelsgatineau.com\/wp-content\/uploads\/2025\/12\/Martin-Champagne-2.jpg\" alt=\"\" class=\"wp-image-3121 size-full\" srcset=\"https:\/\/artsvisuelsgatineau.com\/wp-content\/uploads\/2025\/12\/Martin-Champagne-2.jpg 260w, https:\/\/artsvisuelsgatineau.com\/wp-content\/uploads\/2025\/12\/Martin-Champagne-2-245x300.jpg 245w, https:\/\/artsvisuelsgatineau.com\/wp-content\/uploads\/2025\/12\/Martin-Champagne-2-10x12.jpg 10w\" sizes=\"auto, (max-width: 260px) 100vw, 260px\" \/><\/figure><div class=\"wp-block-media-text__content\">\n<p><strong>Administrateur<\/strong><\/p>\n\n\n\n<p>Martin Champagne<\/p>\n<\/div><\/div>\n<\/div>\n\n\n\n<div class=\"wp-block-column is-layout-flow wp-block-column-is-layout-flow\">\n<div class=\"wp-block-media-text is-stacked-on-mobile\" style=\"grid-template-columns:46% auto\"><figure class=\"wp-block-media-text__media\"><img loading=\"lazy\" decoding=\"async\" width=\"269\" height=\"297\" src=\"https:\/\/artsvisuelsgatineau.com\/wp-content\/uploads\/2024\/11\/Claude-Faucon.jpg\" alt=\"\" class=\"wp-image-2043 size-full\" srcset=\"https:\/\/artsvisuelsgatineau.com\/wp-content\/uploads\/2024\/11\/Claude-Faucon.jpg 269w, https:\/\/artsvisuelsgatineau.com\/wp-content\/uploads\/2024\/11\/Claude-Faucon-11x12.jpg 11w\" sizes=\"auto, (max-width: 269px) 100vw, 269px\" \/><\/figure><div class=\"wp-block-media-text__content\">\n<p><strong>Administrateur<\/strong><\/p>\n\n\n\n<p>Claude Faucon<\/p>\n<\/div><\/div>\n<\/div>\n<\/div>\n\n\n\n<div class=\"wp-block-columns is-layout-flex wp-container-core-columns-is-layout-9d6595d7 wp-block-columns-is-layout-flex\">\n<div class=\"wp-block-column is-layout-flow wp-block-column-is-layout-flow\"><\/div>\n\n\n\n<div class=\"wp-block-column is-layout-flow wp-block-column-is-layout-flow\"><\/div>\n\n\n\n<div class=\"wp-block-column is-layout-flow wp-block-column-is-layout-flow\"><\/div>\n<\/div>\n","protected":false},"excerpt":{"rendered":"<p>Pr\u00e9sidente Catherine Garcia Cournoyer Vice-pr\u00e9sidente Ren\u00e9-Lyne Charlebois Emery Tr\u00e9sorier Richard Perron Secr\u00e9taire Suzanne Bonneau Administrateur Poste Vacant Administrateur Raymond Charette Administrateur Claude B\u00e9lisle Administrateur&hellip;<\/p>\n","protected":false},"author":1,"featured_media":0,"parent":0,"menu_order":0,"comment_status":"closed","ping_status":"closed","template":"","meta":{"footnotes":""},"class_list":["post-80","page","type-page","status-publish","hentry"],"_links":{"self":[{"href":"https:\/\/artsvisuelsgatineau.com\/fr\/wp-json\/wp\/v2\/pages\/80","targetHints":{"allow":["GET"]}}],"collection":[{"href":"https:\/\/artsvisuelsgatineau.com\/fr\/wp-json\/wp\/v2\/pages"}],"about":[{"href":"https:\/\/artsvisuelsgatineau.com\/fr\/wp-json\/wp\/v2\/types\/page"}],"author":[{"embeddable":true,"href":"https:\/\/artsvisuelsgatineau.com\/fr\/wp-json\/wp\/v2\/users\/1"}],"replies":[{"embeddable":true,"href":"https:\/\/artsvisuelsgatineau.com\/fr\/wp-json\/wp\/v2\/comments?post=80"}],"version-history":[{"count":19,"href":"https:\/\/artsvisuelsgatineau.com\/fr\/wp-json\/wp\/v2\/pages\/80\/revisions"}],"predecessor-version":[{"id":3418,"href":"https:\/\/artsvisuelsgatineau.com\/fr\/wp-json\/wp\/v2\/pages\/80\/revisions\/3418"}],"wp:attachment":[{"href":"https:\/\/artsvisuelsgatineau.com\/fr\/wp-json\/wp\/v2\/media?parent=80"}],"curies":[{"name":"wp","href":"https:\/\/api.w.org\/{rel}","templated":true}]}}