{"id":2524,"date":"2026-03-12T10:00:21","date_gmt":"2026-03-12T14:00:21","guid":{"rendered":"https:\/\/artsvisuelsgatineau.com\/?post_type=product&#038;p=2524"},"modified":"2026-04-06T17:41:02","modified_gmt":"2026-04-06T21:41:02","slug":"modele-vivant-avec-instructions-avril-2026","status":"publish","type":"product","link":"https:\/\/artsvisuelsgatineau.com\/fr\/produit\/modele-vivant-avec-instructions-avril-2026\/","title":{"rendered":"Mod\u00e8le vivant (avec instructions) &#8211; Avril 2026"},"content":{"rendered":"\r\n<p>Pour les d\u00e9butants ou pour une remise \u00e0 niveau, Shawn Philip Hunsdale pr\u00e9sente dans cet atelier des d\u00e9fis artistiques bas\u00e9s sur le dessin d&#8217;un mod\u00e8le vivant et l&#8217;exploration du dessin de la forme humaine. Vous apprendrez \u00e0 int\u00e9grer le mod\u00e8le dans son environnement, \u00e0 incorporer des objets et des \u00e9l\u00e9ments de costume, \u00e0 utiliser deux mod\u00e8les en m\u00eame temps et \u00e0 repr\u00e9senter un corps en mouvement.<\/p>\r\n<p>Apportez votre propre mat\u00e9riel de dessin dans le m\u00e9dium de votre choix. Compte tenu de l&#8217;espace limit\u00e9 dans le chalet, veuillez \u00e9viter d&#8217;utiliser des mat\u00e9riaux odorants, tels que la peinture \u00e0 l&#8217;huile et les solvants.<\/p>\r\n<p><strong>Inscription\u00a0: Vous pouvez vous inscrire \u00e0 une ou plusieurs sessions.<\/strong><\/p>\r\n<p><strong>Niveau\u00a0: Il ne s&#8217;agit pas d&#8217;une session d&#8217;apprentissage formelle, mais d&#8217;une session au cours de laquelle chaque participant s&#8217;ex\u00e9cute selon son propre niveau de comp\u00e9tences, de sorte que tous les niveaux sont les bienvenus.<\/strong><\/p>\r\n<p><strong>Lieu\u00a0: Chalet Jean-Ch\u00e9nier, 515, rue Jean-Ch\u00e9nier, (secteur d&#8217;Aylmer)<\/strong><\/p>\r\n<p><strong>Date : Le dimanche, 19 avril 2026<\/strong><\/p>\r\n<p><strong>Heures\u00a0: 13 h \u00e0 15 h 30<\/strong><\/p>\r\n<p><strong>Maximum de 15 participants.<\/strong><\/p>\r\n<p><strong>Co\u00fbt\u00a0pour les membres: 16 $, chaque dimanche (co\u00fbt pour les non-membres 21 $, chaque dimanche)<\/strong><\/p>\r\n<p><strong>\u00c0 propos de l\u2019animateur : <\/strong>Shawn Philip Hunsdale est un artiste en arts visuels et de la sc\u00e8ne, ainsi qu&#8217;organisateur communautaire, qui anime plusieurs activit\u00e9s de dessin hebdomadaire \u00e0 Ottawa.<\/p>\r\n\r\n\r\n\r\n<p><a href=\"https:\/\/us02web.zoom.us\/clips\/share\/rHJMitHKL4zms6-d56CgTxThzmEnNgjIHIH1nrmOUAjj_lqpqqZOozGZGONPAQNyuPAvlA.k4imrexi2I6YKvpA\">Atelier AVG &#8211; Mod\u00e8le avec instruction &#8211; dirig\u00e9 par Shawn Philip <\/a><\/p>\r\n\r\n\r\n\r\n<div class=\"wp-block-columns is-layout-flex wp-container-core-columns-is-layout-9d6595d7 wp-block-columns-is-layout-flex\">\r\n<div class=\"wp-block-column is-layout-flow wp-block-column-is-layout-flow\" style=\"flex-basis: 100%;\">\r\n<div class=\"wp-block-columns is-layout-flex wp-container-core-columns-is-layout-9d6595d7 wp-block-columns-is-layout-flex\">\r\n<div class=\"wp-block-column is-layout-flow wp-block-column-is-layout-flow\">\r\n<figure class=\"wp-block-image size-large\"><a href=\"https:\/\/us02web.zoom.us\/clips\/share\/3WE4z2cxo0LackB2F4rzLqbBuhR0GYhJSjqDiGs5N9aUa93jJXMcuSaMRzNveU_K1WwYTg.cNoGVRsMMQ3klyBW\"><img loading=\"lazy\" decoding=\"async\" width=\"1024\" height=\"578\" class=\"wp-image-2004\" src=\"https:\/\/artsvisuelsgatineau.com\/wp-content\/uploads\/2024\/10\/Video-modele-vivant-1024x578.jpg\" alt=\"\" srcset=\"https:\/\/artsvisuelsgatineau.com\/wp-content\/uploads\/2024\/10\/Video-modele-vivant-1024x578.jpg 1024w, https:\/\/artsvisuelsgatineau.com\/wp-content\/uploads\/2024\/10\/Video-modele-vivant-300x169.jpg 300w, https:\/\/artsvisuelsgatineau.com\/wp-content\/uploads\/2024\/10\/Video-modele-vivant-768x433.jpg 768w, https:\/\/artsvisuelsgatineau.com\/wp-content\/uploads\/2024\/10\/Video-modele-vivant-18x10.jpg 18w, https:\/\/artsvisuelsgatineau.com\/wp-content\/uploads\/2024\/10\/Video-modele-vivant-400x226.jpg 400w, https:\/\/artsvisuelsgatineau.com\/wp-content\/uploads\/2024\/10\/Video-modele-vivant.jpg 1138w\" sizes=\"auto, (max-width: 1024px) 100vw, 1024px\" \/><\/a><\/figure>\r\n<\/div>\r\n\r\n\r\n\r\n<div class=\"wp-block-column is-layout-flow wp-block-column-is-layout-flow\">\u00a0<\/div>\r\n<\/div>\r\n<\/div>\r\n<\/div>\r\n","protected":false},"excerpt":{"rendered":"<p>Pour les d\u00e9butants ou pour une remise \u00e0 niveau, Shawn Philip Hunsdale pr\u00e9sente dans cet atelier des d\u00e9fis artistiques bas\u00e9s sur le dessin d&#8217;un&hellip;<\/p>\n","protected":false},"featured_media":2057,"template":"","meta":[],"product_brand":[],"product_cat":[43,65],"product_tag":[],"class_list":{"0":"post-2524","1":"product","2":"type-product","3":"status-publish","4":"has-post-thumbnail","6":"product_cat-ateliers","7":"product_cat-modele-vivant","9":"first","10":"instock","11":"purchasable","12":"product-type-variable","13":"has-default-attributes"},"_links":{"self":[{"href":"https:\/\/artsvisuelsgatineau.com\/fr\/wp-json\/wp\/v2\/product\/2524","targetHints":{"allow":["GET"]}}],"collection":[{"href":"https:\/\/artsvisuelsgatineau.com\/fr\/wp-json\/wp\/v2\/product"}],"about":[{"href":"https:\/\/artsvisuelsgatineau.com\/fr\/wp-json\/wp\/v2\/types\/product"}],"wp:featuredmedia":[{"embeddable":true,"href":"https:\/\/artsvisuelsgatineau.com\/fr\/wp-json\/wp\/v2\/media\/2057"}],"wp:attachment":[{"href":"https:\/\/artsvisuelsgatineau.com\/fr\/wp-json\/wp\/v2\/media?parent=2524"}],"wp:term":[{"taxonomy":"product_brand","embeddable":true,"href":"https:\/\/artsvisuelsgatineau.com\/fr\/wp-json\/wp\/v2\/product_brand?post=2524"},{"taxonomy":"product_cat","embeddable":true,"href":"https:\/\/artsvisuelsgatineau.com\/fr\/wp-json\/wp\/v2\/product_cat?post=2524"},{"taxonomy":"product_tag","embeddable":true,"href":"https:\/\/artsvisuelsgatineau.com\/fr\/wp-json\/wp\/v2\/product_tag?post=2524"}],"curies":[{"name":"wp","href":"https:\/\/api.w.org\/{rel}","templated":true}]}}