{"id":2534,"date":"2025-12-12T10:00:45","date_gmt":"2025-12-12T15:00:45","guid":{"rendered":"https:\/\/artsvisuelsgatineau.com\/?post_type=product&#038;p=2534"},"modified":"2026-03-13T12:42:43","modified_gmt":"2026-03-13T16:42:43","slug":"cafe-decouverte-richard-robesco","status":"publish","type":"product","link":"https:\/\/artsvisuelsgatineau.com\/fr\/produit\/cafe-decouverte-richard-robesco\/","title":{"rendered":"Caf\u00e9 d\u00e9couverte &#8211; Richard Robesco"},"content":{"rendered":"\r\n<p>Dans le cadre du 70e anniversaire d\u2019Art visuels de Gatineau, nous offrons des rencontres une fois par mois.<\/p>\r\n<p>Richard Robesco est un artiste visuel prolifique qui utilise principalement la photographie et la peinture. Il est un membre de longue date de AVG. Il poursuit une pratique en art photographique depuis une vingtaine d\u2019ann\u00e9es.\u00a0Il nous pr\u00e9sentera un des volets de sa pratique: la photographie de paysages. Format: Une pr\u00e9sentation PowerPoint comment\u00e9e par l\u2019artiste, qui sera pr\u00e9sent en personne.<\/p>\r\n\r\n\r\n\r\n<p><strong>Niveau :<\/strong> Cette pr\u00e9sentation s&#8217;adresse \u00e0 tous les niveaux.<\/p>\r\n\r\n\r\n\r\n<p><strong>Lieu : <\/strong>Chalet Jean-Ch\u00e9nier, 515, rue Jean-Ch\u00e9nier, (secteur d&#8217;Aylmer)<\/p>\r\n\r\n\r\n\r\n<p><strong>Date : \u00a0Mercredi le 11 mars (Report\u00e9 au 3 juin)<\/strong><\/p>\r\n\r\n\r\n\r\n<p><strong>Heures :<\/strong> 19 h \u00e0 21 h<\/p>\r\n\r\n\r\n\r\n<p><strong>Cette pr\u00e9sentation est offerte en fran\u00e7ais, mais l&#8217;instructeur est bilingue.<\/strong><\/p>\r\n\r\n\r\n\r\n<p><strong>Minimum de 11 participants.<\/strong><\/p>\r\n\r\n\r\n\r\n<p><strong>Co\u00fbt pour les membres : 5 $<\/strong> (non membre 6$)<\/p>\r\n\r\n\r\n\r\n<p><strong>\u00c0 propos du pr\u00e9sentateur\u00a0: <\/strong>Richard Robesco a fait des \u00e9tudes en arts plastiques, en communication et en gestion. Il est dipl\u00f4m\u00e9 de la School of Photographic Arts: Ottawa depuis 2015. Il a particip\u00e9 \u00e0 de nombreuses expositions collectives et individuelles et a publi\u00e9 son travail dans des livres et des magazines. Il est \u00e9galement un juge de comp\u00e9tition photographique certifi\u00e9 par l\u2019Association Canadienne d\u2019Art Photographique.<\/p>\r\n\r\n\r\n\r\n<div class=\"wp-block-columns is-layout-flex wp-container-core-columns-is-layout-9d6595d7 wp-block-columns-is-layout-flex\">\r\n<div class=\"wp-block-column is-layout-flow wp-block-column-is-layout-flow\" style=\"flex-basis: 100%;\">\r\n<div class=\"wp-block-columns is-layout-flex wp-container-core-columns-is-layout-9d6595d7 wp-block-columns-is-layout-flex\">\r\n<div class=\"wp-block-column is-layout-flow wp-block-column-is-layout-flow\">\u00a0<\/div>\r\n\r\n\r\n\r\n<div class=\"wp-block-column is-layout-flow wp-block-column-is-layout-flow\">\u00a0<\/div>\r\n<\/div>\r\n<\/div>\r\n<\/div>\r\n","protected":false},"excerpt":{"rendered":"<p>Dans le cadre du 70e anniversaire d\u2019Art visuels de Gatineau, nous offrons des rencontres une fois par mois. Richard Robesco est un artiste visuel&hellip;<\/p>\n","protected":false},"featured_media":2540,"template":"","meta":[],"product_brand":[76],"product_cat":[75],"product_tag":[],"class_list":{"0":"post-2534","1":"product","2":"type-product","3":"status-publish","4":"has-post-thumbnail","6":"product_brand-cafe-decouverte","7":"product_cat-cafe-decouverte","9":"first","10":"instock","11":"purchasable","12":"product-type-variable","13":"has-default-attributes"},"_links":{"self":[{"href":"https:\/\/artsvisuelsgatineau.com\/fr\/wp-json\/wp\/v2\/product\/2534","targetHints":{"allow":["GET"]}}],"collection":[{"href":"https:\/\/artsvisuelsgatineau.com\/fr\/wp-json\/wp\/v2\/product"}],"about":[{"href":"https:\/\/artsvisuelsgatineau.com\/fr\/wp-json\/wp\/v2\/types\/product"}],"wp:featuredmedia":[{"embeddable":true,"href":"https:\/\/artsvisuelsgatineau.com\/fr\/wp-json\/wp\/v2\/media\/2540"}],"wp:attachment":[{"href":"https:\/\/artsvisuelsgatineau.com\/fr\/wp-json\/wp\/v2\/media?parent=2534"}],"wp:term":[{"taxonomy":"product_brand","embeddable":true,"href":"https:\/\/artsvisuelsgatineau.com\/fr\/wp-json\/wp\/v2\/product_brand?post=2534"},{"taxonomy":"product_cat","embeddable":true,"href":"https:\/\/artsvisuelsgatineau.com\/fr\/wp-json\/wp\/v2\/product_cat?post=2534"},{"taxonomy":"product_tag","embeddable":true,"href":"https:\/\/artsvisuelsgatineau.com\/fr\/wp-json\/wp\/v2\/product_tag?post=2534"}],"curies":[{"name":"wp","href":"https:\/\/api.w.org\/{rel}","templated":true}]}}