{"id":2953,"date":"2026-03-13T10:00:24","date_gmt":"2026-03-13T14:00:24","guid":{"rendered":"https:\/\/artsvisuelsgatineau.com\/?post_type=product&#038;p=2953"},"modified":"2026-03-26T12:39:49","modified_gmt":"2026-03-26T16:39:49","slug":"ateliers-de-photographie-de-nuit-printemps-2026","status":"publish","type":"product","link":"https:\/\/artsvisuelsgatineau.com\/fr\/produit\/ateliers-de-photographie-de-nuit-printemps-2026\/","title":{"rendered":"Ateliers de photographie de nuit &#8211; Printemps 2026"},"content":{"rendered":"<p><strong>Description\u00a0: <\/strong>Un des d\u00e9fis photographiques les plus int\u00e9ressants est la photographie de nuit, technique qui consiste \u00e0 prendre des photos lorsque la lumi\u00e8re naturelle est faible ou quasiment absente. Ce genre photographique est appr\u00e9ci\u00e9 pour son ambiance distinctive et son potentiel artistique expressif.<\/p>\n<p>L\u2019enseignant-animateur offrira deux s\u00e9ances intensives de 3 heures destin\u00e9es aux photographes d\u00e9butants et interm\u00e9diaires qui souhaitent ma\u00eetriser la prise de vue nocturne\u00a0: notions techniques (exposition), mat\u00e9riel adapt\u00e9, exercices pratiques sur le terrain pour obtenir des images nettes, bien expos\u00e9es \u2026 et cr\u00e9atives.<\/p>\n<p>Les sujets abord\u00e9s sont diversifi\u00e9s, les paysages nocturnes, la lune &amp; les corps c\u00e9lestes, l\u2019astrophotographie, l\u2019heure bleue, la peinture \u00e0 la lumi\u00e8re ou encore la photographie du mouvement. \u00c0 la fin de la premi\u00e8re rencontre, les participants seront invit\u00e9s \u00e0 faire des essais et \u00e0 les rapporter pour discussion au d\u00e9but de la deuxi\u00e8me rencontre.<\/p>\n<p>Mat\u00e9riel recommand\u00e9 :<br \/>\n&#8211; Appareil photo reflex\/<em>mirrorless<\/em> avec r\u00e9glages manuels.<br \/>\n&#8211; Objectif(s) : grand-angulaire recommand\u00e9, un objectif lumineux (f\/1.8\u2013f\/2.8) si possible.<br \/>\n&#8211; Tr\u00e9pied robuste.<br \/>\n&#8211; T\u00e9l\u00e9commande ou retardateur.<br \/>\n&#8211; Batteries de rechange et cartes m\u00e9moire.<br \/>\n&#8211; Lampe frontale, gants et v\u00eatements chauds.<br \/>\n&#8211; Application mobile pour rep\u00e9rer \u00e9toiles\/voie lact\u00e9e (optionnel).<\/p>\n<p><strong>Niveau\u00a0: photographes d\u00e9butants \/ interm\u00e9diaires <\/strong><\/p>\n<p><strong>Lieu\u00a0: Chalet Jean-Ch\u00e9nier, 515 rue Jean-Ch\u00e9nier (secteur Aylmer)<\/strong><\/p>\n<p><strong>Dates\u00a0:\u00a0<\/strong><strong>les mercredis soirs 6 mai et 20 mai (2 ateliers diff\u00e9rents)<\/strong><\/p>\n<p><strong>Heures : 18 h \u00e0 21 h\u00a0<\/strong><\/p>\n<p><strong>Le cours est offert en fran\u00e7ais<\/strong><strong>, mais l\u2019instructeur est bilingue.<\/strong><\/p>\n<p><strong>Maximum de 6 participants.<\/strong><\/p>\n<p><strong>Co\u00fbt pour les membres: 42 $ (co\u00fbt pour les non-membres: 57 $)<\/strong><\/p>\n<p><strong>\u00c0 propos de l\u2019instructeur\u00a0:<\/strong> Raymond Charette est n\u00e9 au centre-ville de Montr\u00e9al dans une famille modeste. \u00c0 l\u2019universit\u00e9, en suppl\u00e9ment de ses \u00e9tudes litt\u00e9raires, il se procure un appareil photo 35\u00a0mm, s\u2019installe une chambre noire et r\u00e9alise ses premiers tirages argentiques en n\/b. R\u00e9v\u00e9lation! D\u00e8s ce moment, les livres traitant de la technique, de l\u2019histoire ou de l\u2019esth\u00e9tique de la photo prennent le dessus sur tous les autres. Un autodidacte s\u2019il en est.<\/p>\n<p>Apr\u00e8s quarante ans de vie et de travail en audiovisuel, il passe \u00e0 la photo num\u00e9rique puis commence \u00e0 montrer ses images de la nature. Plus que jamais, il se consacre \u00e0 sa passion. Ses sujets r\u00e9cents viennent du r\u00e8gne v\u00e9g\u00e9tal, des fleurs, qu\u2019il \u00e9tale en s\u00e9ries de plans tr\u00e8s rapproch\u00e9s. Depuis plusieurs ann\u00e9es, il explore ces formes organiques en plein air.<\/p>\n<p>Aujourd\u2019hui sa mani\u00e8re se d\u00e9veloppe. En hiver, prises de vue plus contr\u00f4l\u00e9es en studio; \u00e0 la belle saison, \u00e0 l\u2019ext\u00e9rieur avec \u00e9clairage plus marqu\u00e9. Litt\u00e9ralement \u00e0 deux doigts de ses sujets, il se rapproche de l\u2019abstraction et s\u2019\u00e9loigne de la repr\u00e9sentation.<\/p>\n","protected":false},"excerpt":{"rendered":"<p>Description\u00a0: Un des d\u00e9fis photographiques les plus int\u00e9ressants est la photographie de nuit, technique qui consiste \u00e0 prendre des photos lorsque la lumi\u00e8re naturelle&hellip;<\/p>\n","protected":false},"featured_media":2983,"template":"","meta":[],"product_brand":[],"product_cat":[43,67],"product_tag":[],"class_list":{"0":"post-2953","1":"product","2":"type-product","3":"status-publish","4":"has-post-thumbnail","6":"product_cat-ateliers","7":"product_cat-regulier","9":"first","10":"instock","11":"shipping-taxable","12":"purchasable","13":"product-type-variable"},"_links":{"self":[{"href":"https:\/\/artsvisuelsgatineau.com\/fr\/wp-json\/wp\/v2\/product\/2953","targetHints":{"allow":["GET"]}}],"collection":[{"href":"https:\/\/artsvisuelsgatineau.com\/fr\/wp-json\/wp\/v2\/product"}],"about":[{"href":"https:\/\/artsvisuelsgatineau.com\/fr\/wp-json\/wp\/v2\/types\/product"}],"wp:featuredmedia":[{"embeddable":true,"href":"https:\/\/artsvisuelsgatineau.com\/fr\/wp-json\/wp\/v2\/media\/2983"}],"wp:attachment":[{"href":"https:\/\/artsvisuelsgatineau.com\/fr\/wp-json\/wp\/v2\/media?parent=2953"}],"wp:term":[{"taxonomy":"product_brand","embeddable":true,"href":"https:\/\/artsvisuelsgatineau.com\/fr\/wp-json\/wp\/v2\/product_brand?post=2953"},{"taxonomy":"product_cat","embeddable":true,"href":"https:\/\/artsvisuelsgatineau.com\/fr\/wp-json\/wp\/v2\/product_cat?post=2953"},{"taxonomy":"product_tag","embeddable":true,"href":"https:\/\/artsvisuelsgatineau.com\/fr\/wp-json\/wp\/v2\/product_tag?post=2953"}],"curies":[{"name":"wp","href":"https:\/\/api.w.org\/{rel}","templated":true}]}}