{"id":3456,"date":"2026-03-13T10:00:36","date_gmt":"2026-03-13T14:00:36","guid":{"rendered":"https:\/\/artsvisuelsgatineau.com\/?post_type=product&#038;p=3456"},"modified":"2026-04-01T10:45:12","modified_gmt":"2026-04-01T14:45:12","slug":"atelier-libre-du-lundi-printemps-2026","status":"publish","type":"product","link":"https:\/\/artsvisuelsgatineau.com\/fr\/produit\/atelier-libre-du-lundi-printemps-2026\/","title":{"rendered":"Atelier libre du lundi &#8211; Printemps 2026"},"content":{"rendered":"\r\n<p>Dix ateliers non dirig\u00e9s. Apportez votre propre projet et votre mat\u00e9riel et venez peindre en compagnie de d&#8217;autres artistes. Ce local vous est offert pour favoriser les \u00e9changes et l&#8217;entraide entre les artistes. (10 participants maximum).<\/p>\r\n\r\n\r\n\r\n<p><strong>Lieu<\/strong>\u00a0: Chalet Jean-Ch\u00e9nier, 515, rue Jean-Ch\u00e9nier, Gatineau (secteur d&#8217;Aylmer)<\/p>\r\n\r\n\r\n\r\n<p><strong>Dates : Tous les lundis, du 13 avril au 15 juin<\/strong><\/p>\r\n\r\n\r\n\r\n<p><strong>Heures<\/strong>\u00a0: 10 h \u00e0 15 h<\/p>\r\n\r\n\r\n\r\n<p><strong>Co\u00fbt membres<\/strong>\u00a0: 30 $<\/p>\r\n\r\n\r\n\r\n<p><strong>Cet atelier est r\u00e9serv\u00e9 \u00e0 nos membres. Pour devenir membre veillez s\u00e9lectionner le lien suivant :<\/strong><a href=\"https:\/\/artsvisuelsgatineau.com\/fr\/devenir-membre\/\">Devenir membre<\/a><\/p>\r\n","protected":false},"excerpt":{"rendered":"<p>Dix ateliers non dirig\u00e9s. Apportez votre propre projet et votre mat\u00e9riel et venez peindre en compagnie de d&#8217;autres artistes. Ce local vous est offert&hellip;<\/p>\n","protected":false},"featured_media":883,"template":"","meta":[],"product_brand":[],"product_cat":[43,73],"product_tag":[],"class_list":{"0":"post-3456","1":"product","2":"type-product","3":"status-publish","4":"has-post-thumbnail","6":"product_cat-ateliers","7":"product_cat-libre","9":"first","10":"instock","11":"purchasable","12":"product-type-simple"},"_links":{"self":[{"href":"https:\/\/artsvisuelsgatineau.com\/fr\/wp-json\/wp\/v2\/product\/3456","targetHints":{"allow":["GET"]}}],"collection":[{"href":"https:\/\/artsvisuelsgatineau.com\/fr\/wp-json\/wp\/v2\/product"}],"about":[{"href":"https:\/\/artsvisuelsgatineau.com\/fr\/wp-json\/wp\/v2\/types\/product"}],"wp:featuredmedia":[{"embeddable":true,"href":"https:\/\/artsvisuelsgatineau.com\/fr\/wp-json\/wp\/v2\/media\/883"}],"wp:attachment":[{"href":"https:\/\/artsvisuelsgatineau.com\/fr\/wp-json\/wp\/v2\/media?parent=3456"}],"wp:term":[{"taxonomy":"product_brand","embeddable":true,"href":"https:\/\/artsvisuelsgatineau.com\/fr\/wp-json\/wp\/v2\/product_brand?post=3456"},{"taxonomy":"product_cat","embeddable":true,"href":"https:\/\/artsvisuelsgatineau.com\/fr\/wp-json\/wp\/v2\/product_cat?post=3456"},{"taxonomy":"product_tag","embeddable":true,"href":"https:\/\/artsvisuelsgatineau.com\/fr\/wp-json\/wp\/v2\/product_tag?post=3456"}],"curies":[{"name":"wp","href":"https:\/\/api.w.org\/{rel}","templated":true}]}}