{"id":3457,"date":"2026-03-13T09:59:29","date_gmt":"2026-03-13T13:59:29","guid":{"rendered":"https:\/\/artsvisuelsgatineau.com\/?post_type=product&#038;p=3457"},"modified":"2026-03-30T21:00:49","modified_gmt":"2026-03-31T01:00:49","slug":"atelier-libre-du-lundi-soir-printemps-2026","status":"publish","type":"product","link":"https:\/\/artsvisuelsgatineau.com\/fr\/produit\/atelier-libre-du-lundi-soir-printemps-2026\/","title":{"rendered":"Atelier libre du lundi soir &#8211; Printemps 2026"},"content":{"rendered":"\r\n<p>Atelier non dirig\u00e9. Apportez votre propre projet et votre mat\u00e9riel et venez peindre en compagnie de d&#8217;autres artistes. Ce local vous est offert pour favoriser les \u00e9changes et l&#8217;entraide entre les artistes. (6 participants minimum et 8 participants maximum).<\/p>\r\n\r\n\r\n\r\n<p><strong>Niveau\u00a0: Ces ateliers non dirig\u00e9s s&#8217;adressent \u00e0 tous les niveaux<\/strong><\/p>\r\n\r\n\r\n\r\n<p><strong>Lieu<\/strong>\u00a0: Chalet Jean-Ch\u00e9nier, 515, rue Jean-Ch\u00e9nier, Gatineau (secteur d&#8217;Aylmer)<\/p>\r\n\r\n\r\n\r\n<p><strong>Dates : Tous les lundis soir, du 13 avril au 15 juin<\/strong><\/p>\r\n\r\n\r\n\r\n<p><strong>Heures<\/strong>\u00a0: 18 h \u00e0 21 h<\/p>\r\n\r\n\r\n\r\n<p><strong>Co\u00fbt membres<\/strong>\u00a0: 15 $<\/p>\r\n\r\n\r\n\r\n<p><strong>Cet atelier est r\u00e9serv\u00e9 \u00e0 nos membres. Pour devenir membre veillez s\u00e9lectionner le lien suivant :<\/strong><a href=\"\/devenir-membre-2\">Devenir membre<\/a><\/p>\r\n","protected":false},"excerpt":{"rendered":"<p>Atelier non dirig\u00e9. Apportez votre propre projet et votre mat\u00e9riel et venez peindre en compagnie de d&#8217;autres artistes. Ce local vous est offert pour&hellip;<\/p>\n","protected":false},"featured_media":883,"template":"","meta":[],"product_brand":[],"product_cat":[43,73],"product_tag":[],"class_list":{"0":"post-3457","1":"product","2":"type-product","3":"status-publish","4":"has-post-thumbnail","6":"product_cat-ateliers","7":"product_cat-libre","9":"first","10":"outofstock","11":"purchasable","12":"product-type-simple"},"_links":{"self":[{"href":"https:\/\/artsvisuelsgatineau.com\/fr\/wp-json\/wp\/v2\/product\/3457","targetHints":{"allow":["GET"]}}],"collection":[{"href":"https:\/\/artsvisuelsgatineau.com\/fr\/wp-json\/wp\/v2\/product"}],"about":[{"href":"https:\/\/artsvisuelsgatineau.com\/fr\/wp-json\/wp\/v2\/types\/product"}],"wp:featuredmedia":[{"embeddable":true,"href":"https:\/\/artsvisuelsgatineau.com\/fr\/wp-json\/wp\/v2\/media\/883"}],"wp:attachment":[{"href":"https:\/\/artsvisuelsgatineau.com\/fr\/wp-json\/wp\/v2\/media?parent=3457"}],"wp:term":[{"taxonomy":"product_brand","embeddable":true,"href":"https:\/\/artsvisuelsgatineau.com\/fr\/wp-json\/wp\/v2\/product_brand?post=3457"},{"taxonomy":"product_cat","embeddable":true,"href":"https:\/\/artsvisuelsgatineau.com\/fr\/wp-json\/wp\/v2\/product_cat?post=3457"},{"taxonomy":"product_tag","embeddable":true,"href":"https:\/\/artsvisuelsgatineau.com\/fr\/wp-json\/wp\/v2\/product_tag?post=3457"}],"curies":[{"name":"wp","href":"https:\/\/api.w.org\/{rel}","templated":true}]}}