{"id":3460,"date":"2026-03-13T10:00:49","date_gmt":"2026-03-13T14:00:49","guid":{"rendered":"https:\/\/artsvisuelsgatineau.com\/?post_type=product&#038;p=3460"},"modified":"2026-03-13T16:49:44","modified_gmt":"2026-03-13T20:49:44","slug":"plaisir-de-peindre-printemps-2026","status":"publish","type":"product","link":"https:\/\/artsvisuelsgatineau.com\/fr\/produit\/plaisir-de-peindre-printemps-2026\/","title":{"rendered":"Plaisir de peindre &#8211; Printemps 2026"},"content":{"rendered":"\r\n<p>L\u2019atelier est orient\u00e9 pour les participants de niveau interm\u00e9diaire et avanc\u00e9. Vous apprendrez \u00e0 mieux ma\u00eetriser la peinture \u00e0 l\u2019huile (sans aucune utilisation de solvant) et la peinture acrylique. Chaque participant choisit un projet de d\u00e9part. Des techniques et notions de base seront int\u00e9gr\u00e9es tout au long des 10 ateliers: pr\u00e9paration de la toile, maniement des pinceaux et spatules, couleurs, volumes, perspectives, composition, etc. Les participants recevront \u00e0 chacun des cours des conseils et suggestions selon leurs besoins.<\/p>\r\n\r\n\r\n\r\n<p><strong>Niveau :<\/strong> Ce cours s&#8217;adresse aux niveaux interm\u00e9diaire et avanc\u00e9<\/p>\r\n\r\n\r\n\r\n<p><strong>Lieu : <\/strong>Chalet Jean-Ch\u00e9nier, 515 rue Jean-Ch\u00e9nier (secteur Aylmer)<\/p>\r\n\r\n\r\n\r\n<p><strong>Dates\u00a0: <\/strong><strong>Tous les mercredis, du 15 avril au 17 juin<\/strong><\/p>\r\n<p><strong>Heures : 9h \u00e0 12 h\u00a0<\/strong><\/p>\r\n\r\n\r\n\r\n<p>Le cours est offert en fran\u00e7ais, mais l\u2019instructeur est bilingue.<\/p>\r\n\r\n\r\n\r\n<p>Maximum de 10 participants.<\/p>\r\n\r\n\r\n\r\n<p><strong>Co\u00fbt: 180 $<\/strong> (non membre 195$)<\/p>\r\n\r\n\r\n\r\n<p><strong>\u00c0 propos de l\u2019instructrice :<\/strong> Ren\u00e9-Lyne Charlebois poss\u00e8de une ma\u00eetrise en arts (Universit\u00e9 Laval), 15 ans comme enseignante d\u2019art plastique au secondaire, 5 ans comme professeur de cours priv\u00e9 en peinture \u00e0 l\u2019huile, artiste peintre \u00e0 temps plein depuis 10 ans.<\/p>\r\n","protected":false},"excerpt":{"rendered":"<p>L\u2019atelier est orient\u00e9 pour les participants de niveau interm\u00e9diaire et avanc\u00e9. Vous apprendrez \u00e0 mieux ma\u00eetriser la peinture \u00e0 l\u2019huile (sans aucune utilisation de&hellip;<\/p>\n","protected":false},"featured_media":171,"template":"","meta":[],"product_brand":[],"product_cat":[43,67],"product_tag":[],"class_list":{"0":"post-3460","1":"product","2":"type-product","3":"status-publish","4":"has-post-thumbnail","6":"product_cat-ateliers","7":"product_cat-regulier","9":"first","10":"instock","11":"purchasable","12":"product-type-variable","13":"has-default-attributes"},"_links":{"self":[{"href":"https:\/\/artsvisuelsgatineau.com\/fr\/wp-json\/wp\/v2\/product\/3460","targetHints":{"allow":["GET"]}}],"collection":[{"href":"https:\/\/artsvisuelsgatineau.com\/fr\/wp-json\/wp\/v2\/product"}],"about":[{"href":"https:\/\/artsvisuelsgatineau.com\/fr\/wp-json\/wp\/v2\/types\/product"}],"wp:featuredmedia":[{"embeddable":true,"href":"https:\/\/artsvisuelsgatineau.com\/fr\/wp-json\/wp\/v2\/media\/171"}],"wp:attachment":[{"href":"https:\/\/artsvisuelsgatineau.com\/fr\/wp-json\/wp\/v2\/media?parent=3460"}],"wp:term":[{"taxonomy":"product_brand","embeddable":true,"href":"https:\/\/artsvisuelsgatineau.com\/fr\/wp-json\/wp\/v2\/product_brand?post=3460"},{"taxonomy":"product_cat","embeddable":true,"href":"https:\/\/artsvisuelsgatineau.com\/fr\/wp-json\/wp\/v2\/product_cat?post=3460"},{"taxonomy":"product_tag","embeddable":true,"href":"https:\/\/artsvisuelsgatineau.com\/fr\/wp-json\/wp\/v2\/product_tag?post=3460"}],"curies":[{"name":"wp","href":"https:\/\/api.w.org\/{rel}","templated":true}]}}