{"id":3465,"date":"2026-03-13T10:00:23","date_gmt":"2026-03-13T14:00:23","guid":{"rendered":"https:\/\/artsvisuelsgatineau.com\/?post_type=product&#038;p=3465"},"modified":"2026-03-24T18:52:38","modified_gmt":"2026-03-24T22:52:38","slug":"laquarelle-pour-niveaux-debutant-intermediaire-et-avances-printemps-2026","status":"publish","type":"product","link":"https:\/\/artsvisuelsgatineau.com\/fr\/produit\/laquarelle-pour-niveaux-debutant-intermediaire-et-avances-printemps-2026\/","title":{"rendered":"L&#8217;aquarelle pour niveaux d\u00e9butant, interm\u00e9diaire et avanc\u00e9s- Printemps 2026"},"content":{"rendered":"\r\n<p><strong>Description: <\/strong>L&#8217;instructeur pr\u00e9sentera les techniques de l&#8217;aquarelle au groupe principal (les d\u00e9butants) tout en accompagnant les participants avanc\u00e9s dans leur projets personnels. Ce cours permet de s&#8217;exercer sur des personnes, des lieux et objets en utilisant diverses techniques plus avanc\u00e9es. Il offrira \u00e9galement aux participiaux l&#8217;occasion d&#8217;explorer l&#8217;interpr\u00e9tation de leurs propres images gr\u00e2ce \u00e0 ces techniques. Une palette de couleurs \u00e9tendue sera \u00e9galement propos\u00e9e, ainsi que des instructions compl\u00e9mentaires sur les pinceaux et les papiers.<\/p>\r\n\r\n\r\n\r\n<p><strong>\u00c0 propos de l\u2019instructrice\u00a0: <\/strong>Linda Girard est une \u00e9ducatrice en art, aquarelliste et artisane qui a enseign\u00e9 aux personnes de 8 \u00e0 80 ans. Elle utilise un style impressionniste avec un fort accent sur la texture et une utilisation minimaliste du coup de pinceau. Elle favorise les petits croquis pour d\u00e9velopper les comp\u00e9tences en aquarelle afin d&#8217;augmenter la facilit\u00e9 dans le m\u00e9dium.<\/p>\r\n\r\n\r\n\r\n<p><strong>Niveau\u00a0: Ce cours s&#8217;adresse aux participants de niveaux d\u00e9butant, interm\u00e9diaire<\/strong> <strong>et avanc\u00e9<\/strong><\/p>\r\n\r\n\r\n\r\n\r\n\r\n<p><strong>Lieu\u00a0: Chalet Jean-Ch\u00e9nier, 515 rue Jean-Ch\u00e9nier (secteur Aylmer)<\/strong><\/p>\r\n\r\n\r\n\r\n<p><strong>Dates\u00a0: <\/strong><strong>Tous les mercredis, du 15 avril au 17 juin<\/strong><\/p>\r\n\r\n\r\n\r\n<p><strong>Heures\u00a0: 13 h \u00e0 16 h<\/strong><\/p>\r\n\r\n\r\n\r\n<p><strong>L\u2019atelier est offert en fran\u00e7ais<\/strong><strong>, mais l\u2019instructeur est bilingue.<\/strong><\/p>\r\n\r\n\r\n\r\n<p><strong>Maximum de 10 participants.<\/strong><\/p>\r\n\r\n\r\n\r\n<p><strong>Co\u00fbt: 180 $\u00a0<\/strong>(Non-membres 195$)<\/p>\r\n\r\n\r\n\r\n<p><strong>Mat\u00e9riel:<\/strong><\/p>\r\n\r\n\r\n\r\n<p><strong>Chaque participant(e) doit avoir en sa possession:<\/strong><\/p>\r\n\r\n\r\n\r\n<p>Papier essuie-tout ou un linge en coton.<\/p>\r\n\r\n\r\n\r\n<p>R\u00e9servoir pour l&#8217;eau.<\/p>\r\n\r\n\r\n\r\n<p>Crayon graphite 2H, efface et r\u00e8gle.<\/p>\r\n\r\n\r\n\r\n<p>S\u00e9choir \u00e0 cheveux (optionnel).<\/p>\r\n\r\n\r\n\r\n<p><strong>Tout le reste du mat\u00e9riel didactique sera fourni et payable \u00e0 l&#8217;enseignant (60 $) lors de la premi\u00e8re s\u00e9ance pour les participants d\u00e9butant en aquarelle. Si vous souhaitez un kit, veuillez en informer l&#8217;enseignant une semaine avant la date du premier cours par courriel \u00e0 girardportfolio@gmail.com.<\/strong><\/p>\r\n\r\n\r\n\r\n<p>&nbsp;<\/p>\r\n","protected":false},"excerpt":{"rendered":"<p>Description: L&#8217;instructeur pr\u00e9sentera les techniques de l&#8217;aquarelle au groupe principal (les d\u00e9butants) tout en accompagnant les participants avanc\u00e9s dans leur projets personnels. Ce cours&hellip;<\/p>\n","protected":false},"featured_media":1154,"template":"","meta":[],"product_brand":[],"product_cat":[43,67],"product_tag":[],"class_list":{"0":"post-3465","1":"product","2":"type-product","3":"status-publish","4":"has-post-thumbnail","6":"product_cat-ateliers","7":"product_cat-regulier","9":"first","10":"instock","11":"purchasable","12":"product-type-variable","13":"has-default-attributes"},"_links":{"self":[{"href":"https:\/\/artsvisuelsgatineau.com\/fr\/wp-json\/wp\/v2\/product\/3465","targetHints":{"allow":["GET"]}}],"collection":[{"href":"https:\/\/artsvisuelsgatineau.com\/fr\/wp-json\/wp\/v2\/product"}],"about":[{"href":"https:\/\/artsvisuelsgatineau.com\/fr\/wp-json\/wp\/v2\/types\/product"}],"wp:featuredmedia":[{"embeddable":true,"href":"https:\/\/artsvisuelsgatineau.com\/fr\/wp-json\/wp\/v2\/media\/1154"}],"wp:attachment":[{"href":"https:\/\/artsvisuelsgatineau.com\/fr\/wp-json\/wp\/v2\/media?parent=3465"}],"wp:term":[{"taxonomy":"product_brand","embeddable":true,"href":"https:\/\/artsvisuelsgatineau.com\/fr\/wp-json\/wp\/v2\/product_brand?post=3465"},{"taxonomy":"product_cat","embeddable":true,"href":"https:\/\/artsvisuelsgatineau.com\/fr\/wp-json\/wp\/v2\/product_cat?post=3465"},{"taxonomy":"product_tag","embeddable":true,"href":"https:\/\/artsvisuelsgatineau.com\/fr\/wp-json\/wp\/v2\/product_tag?post=3465"}],"curies":[{"name":"wp","href":"https:\/\/api.w.org\/{rel}","templated":true}]}}