{"id":3493,"date":"2026-03-13T10:00:09","date_gmt":"2026-03-13T14:00:09","guid":{"rendered":"https:\/\/artsvisuelsgatineau.com\/?post_type=product&#038;p=3493"},"modified":"2026-03-24T15:10:44","modified_gmt":"2026-03-24T19:10:44","slug":"initiation-a-la-macrophotographie","status":"publish","type":"product","link":"https:\/\/artsvisuelsgatineau.com\/fr\/produit\/initiation-a-la-macrophotographie\/","title":{"rendered":"Initiation \u00e0 la macrophotographie"},"content":{"rendered":"<p>Pour les d\u00e9butants en photographie souhaitant d\u00e9couvrir la prise de vue rapproch\u00e9e (fleurs, insectes, objets, textures, d\u00e9tails du quotidien), avec ou sans mat\u00e9riel sp\u00e9cialis\u00e9.<\/p>\n<p>\u00c0 l\u2019issue des 6 heures, les participants seront capables de :<\/p>\n<ul>\n<li>Comprendre ce qu\u2019est la macrophotographie et les notions de rapport de reproduction.<\/li>\n<li>Configurer leur appareil pour la prise de vue rapproch\u00e9e (mise au point, ouverture, vitesse, ISO).<\/li>\n<li>G\u00e9rer la profondeur de champ tr\u00e8s r\u00e9duite et la nettet\u00e9.<\/li>\n<li>Utiliser la lumi\u00e8re naturelle et quelques solutions simples d\u2019\u00e9clairage.<\/li>\n<li>R\u00e9aliser leurs premi\u00e8res images macro coh\u00e9rentes et les analyser de fa\u00e7on critique.<\/li>\n<\/ul>\n<p>Pr\u00e9-requis\u00a0:<\/p>\n<ul>\n<li>Conna\u00eetre les bases de la photo (mode A\/Av, S\/Tv, M, notion d\u2019exposition) est un plus, mais pas obligatoire.<\/li>\n<li>Apporter son propre mat\u00e9riel : reflex, hybride ou compact avanc\u00e9. Un objectif macro est bienvenu, mais non obligatoire (on peut travailler avec objectif standard + bonnettes ou bagues de rallonge ou mode macro, etc.)<\/li>\n<\/ul>\n<p>Modalit\u00e9s pratiques<\/p>\n<ul>\n<li>Dur\u00e9e : 6 heures<\/li>\n<li>Nombre de participants id\u00e9al : 6 personnes pour un bon accompagnement individuel.<\/li>\n<\/ul>\n<p>Mat\u00e9riel conseill\u00e9 :<\/p>\n<ul>\n<li>Appareil photo + batterie charg\u00e9e + carte m\u00e9moire vide<\/li>\n<li>Si possible : tr\u00e9pied, objectif macro ou accessoires de photographie rapproch\u00e9e (bagues-rallonge, bonettes)<\/li>\n<li>V\u00eatements adapt\u00e9s si prise de vue en ext\u00e9rieur (Chapeau, manches longues, cr\u00e8me solaire, etc.)<\/li>\n<\/ul>\n<p><strong>Niveau\u00a0: l\u2019atelier s&#8217;adresse \u00e0 tous les niveaux<\/strong><\/p>\n<p><strong>Lieu\u00a0: Chalet Jean-Ch\u00e9nier, 515 rue Jean-Ch\u00e9nier (secteur Aylmer)<\/strong><\/p>\n<p><strong>Dates\u00a0: <\/strong><strong>Jeudi le 14 et 21 mai 2026<\/strong><\/p>\n<p><strong>Heures : 9 h \u00e0 12 h <\/strong><\/p>\n<p><strong>Cet atelier est offert en fran\u00e7ais<\/strong><strong>, mais l\u2019instructeur est bilingue.<\/strong><\/p>\n<p><strong>Minimum de 5 participants.<\/strong><\/p>\n<p><strong>Co\u00fbt pour les membres: 42 $ (co\u00fbt pour les non-membres: 47 $)<\/strong><\/p>\n<p><strong>\u00c0 propos de l\u2019instructeur\u00a0:<\/strong> Raymond Charette est n\u00e9 au centre-ville de Montr\u00e9al dans une famille modeste. \u00c0 l\u2019universit\u00e9, en suppl\u00e9ment de ses \u00e9tudes litt\u00e9raires, il se procure un appareil photo 35\u00a0mm, s\u2019installe une chambre noire et r\u00e9alise ses premiers tirages argentiques en n\/b. R\u00e9v\u00e9lation! D\u00e8s ce moment, les livres traitant de la technique, de l\u2019histoire ou de l\u2019esth\u00e9tique de la photo prennent le dessus sur tous les autres. Un autodidacte s\u2019il en est.<\/p>\n<p>Apr\u00e8s quarante ans de vie et de travail en audiovisuel, il passe \u00e0 la photo num\u00e9rique puis commence \u00e0 montrer ses images de la nature. Plus que jamais, il se consacre \u00e0 sa passion. Ses sujets r\u00e9cents viennent du r\u00e8gne v\u00e9g\u00e9tal, des fleurs, qu\u2019il \u00e9tale en s\u00e9ries de plans tr\u00e8s rapproch\u00e9s. Depuis plusieurs ann\u00e9es, il explore ces formes organiques en plein air.<\/p>\n<p>Aujourd\u2019hui sa mani\u00e8re se d\u00e9veloppe. En hiver, prises de vue plus contr\u00f4l\u00e9es en studio; \u00e0 la belle saison, \u00e0 l\u2019ext\u00e9rieur avec \u00e9clairage plus marqu\u00e9. Litt\u00e9ralement \u00e0 deux doigts de ses sujets, il se rapproche de l\u2019abstraction et s\u2019\u00e9loigne de la repr\u00e9sentation.<\/p>\n","protected":false},"excerpt":{"rendered":"<p>Pour les d\u00e9butants en photographie souhaitant d\u00e9couvrir la prise de vue rapproch\u00e9e (fleurs, insectes, objets, textures, d\u00e9tails du quotidien), avec ou sans mat\u00e9riel sp\u00e9cialis\u00e9.&hellip;<\/p>\n","protected":false},"featured_media":3496,"template":"","meta":[],"product_brand":[],"product_cat":[43,66],"product_tag":[],"class_list":{"0":"post-3493","1":"product","2":"type-product","3":"status-publish","4":"has-post-thumbnail","6":"product_cat-ateliers","7":"product_cat-nouveau","9":"first","10":"instock","11":"shipping-taxable","12":"purchasable","13":"product-type-variable","14":"has-default-attributes"},"_links":{"self":[{"href":"https:\/\/artsvisuelsgatineau.com\/fr\/wp-json\/wp\/v2\/product\/3493","targetHints":{"allow":["GET"]}}],"collection":[{"href":"https:\/\/artsvisuelsgatineau.com\/fr\/wp-json\/wp\/v2\/product"}],"about":[{"href":"https:\/\/artsvisuelsgatineau.com\/fr\/wp-json\/wp\/v2\/types\/product"}],"wp:featuredmedia":[{"embeddable":true,"href":"https:\/\/artsvisuelsgatineau.com\/fr\/wp-json\/wp\/v2\/media\/3496"}],"wp:attachment":[{"href":"https:\/\/artsvisuelsgatineau.com\/fr\/wp-json\/wp\/v2\/media?parent=3493"}],"wp:term":[{"taxonomy":"product_brand","embeddable":true,"href":"https:\/\/artsvisuelsgatineau.com\/fr\/wp-json\/wp\/v2\/product_brand?post=3493"},{"taxonomy":"product_cat","embeddable":true,"href":"https:\/\/artsvisuelsgatineau.com\/fr\/wp-json\/wp\/v2\/product_cat?post=3493"},{"taxonomy":"product_tag","embeddable":true,"href":"https:\/\/artsvisuelsgatineau.com\/fr\/wp-json\/wp\/v2\/product_tag?post=3493"}],"curies":[{"name":"wp","href":"https:\/\/api.w.org\/{rel}","templated":true}]}}