{"id":3501,"date":"2026-03-13T10:00:35","date_gmt":"2026-03-13T14:00:35","guid":{"rendered":"https:\/\/artsvisuelsgatineau.com\/?post_type=product&#038;p=3501"},"modified":"2026-04-03T19:42:34","modified_gmt":"2026-04-03T23:42:34","slug":"atelier-urban-sketching","status":"publish","type":"product","link":"https:\/\/artsvisuelsgatineau.com\/fr\/produit\/atelier-urban-sketching\/","title":{"rendered":"Atelier \u00ab Urban Sketching \u00bb : Dessiner la ville, un croquis \u00e0 la fois"},"content":{"rendered":"<p>L\u2019<em>Urban Sketching<\/em> (rando-croquis ou croquis urbain) est d\u2019abord une pratique de dessin ancr\u00e9e dans le r\u00e9el, r\u00e9alis\u00e9e sur le vif, au c\u0153ur des lieux que nous habitons. Il rassemble des dessinateurs de tous les niveaux en un mouvement inclusif structur\u00e9 autour de l\u2019organisation internationale des <em>Urban Sketchers<\/em>, qui d\u00e9fend une id\u00e9e simple : dessiner d\u2019apr\u00e8s observation directe, raconter le monde un croquis \u00e0 la fois, et partager son regard. Il se pratique souvent en groupe.<\/p>\n<p><strong>Contenu et approche<\/strong><\/p>\n<p>Dans ce cours, nous explorerons la posture du croquiste urbain, le mat\u00e9riel et les outils de base du dessin pour se lancer, et envisagerons les situations courantes : le choix d\u2019un sujet, la simplification d\u2019une sc\u00e8ne et la construction de la narration.<\/p>\n<p><strong>Cette formation, d\u2019une dur\u00e9e totale de six heures, est ouverte \u00e0 tous les niveaux et comprend une pr\u00e9sentation et un volet pratique, r\u00e9partis en deux blocs de trois heures. Le mat\u00e9riel n\u2019\u00e9tant pas fourni, les personnes inscrites recevront \u00e0 l\u2019avance une liste afin de faciliter leur pr\u00e9paration \u00e0 la premi\u00e8re s\u00e9ance.<\/strong><\/p>\n<p><strong>\u00a0<\/strong><strong>Bloc 1<\/strong>: jeudi 30 avril 2026<\/p>\n<p>1,5 h Le mouvement <em>Urban Sketching<\/em>; mat\u00e9riel et consid\u00e9rations techniques, en classe<\/p>\n<p>(chalet du parc Ch\u00e9nier).<\/p>\n<p>1,5 h Pratique au parc Ch\u00e9nier \u00e0 l\u2019ext\u00e9rieur, avec r\u00e9troaction individuelle.<\/p>\n<p><strong>Bloc 2<\/strong> : jeudi 7 mai 2026<\/p>\n<p>1,0 h R\u00e9ponses aux questions re\u00e7ues \u00e0 l\u2019avance, en classe (chalet du parc Ch\u00e9nier).<\/p>\n<p>2,0 h Pratique au Parc comm\u00e9moratif, vieux Aylmer* (incluant d\u00e9placement sur le terrain), avec r\u00e9troaction individuelle. *<em>Le lieu peut changer selon la m\u00e9t\u00e9o.<\/em><\/p>\n<p><strong>Lieu\u00a0: Chalet Jean-Ch\u00e9nier, 515 rue Jean-Ch\u00e9nier (secteur Aylmer)<\/strong><\/p>\n<p><strong>Dates\u00a0: Jeudi<\/strong><strong> le 30 avril et 7 mai 2026<\/strong><\/p>\n<p><strong>Heures : 9 h \u00e0 12 h <\/strong><\/p>\n<p><strong>Cet atelier est offert en fran\u00e7ais<\/strong><strong>, mais l\u2019instructeur est bilingue.<\/strong><\/p>\n<p><strong>Minimum de 5 participants.<\/strong><\/p>\n<p><strong>Co\u00fbt pour les membres: 42 $ (co\u00fbt pour les non-membres: 47 $)<\/strong><\/p>\n<p><strong>\u00c0 propos de la formatrice<\/strong><\/p>\n<p>Principalement autodidacte, Marcelle Chabot pratique activement le croquis urbain dans la r\u00e9gion comme dans ses d\u00e9placements. Aujourd\u2019hui retrait\u00e9e apr\u00e8s une riche carri\u00e8re dans la recherche et les politiques publiques, elle aborde l\u2019espace avec le m\u00eame regard analytique, d\u00e9sormais d\u00e9plac\u00e9 vers la lumi\u00e8re, les lignes et les rythmes de la rue. Elle se forme notamment en dessin acad\u00e9mique et en aquarelle. Elle est membre du comit\u00e9 d\u2019administration du chapitre r\u00e9gional Ottawa Urban Sketchers.<\/p>\n","protected":false},"excerpt":{"rendered":"<p>L\u2019Urban Sketching (rando-croquis ou croquis urbain) est d\u2019abord une pratique de dessin ancr\u00e9e dans le r\u00e9el, r\u00e9alis\u00e9e sur le vif, au c\u0153ur des lieux&hellip;<\/p>\n","protected":false},"featured_media":3507,"template":"","meta":[],"product_brand":[],"product_cat":[43,66],"product_tag":[],"class_list":{"0":"post-3501","1":"product","2":"type-product","3":"status-publish","4":"has-post-thumbnail","6":"product_cat-ateliers","7":"product_cat-nouveau","9":"first","10":"outofstock","11":"shipping-taxable","12":"purchasable","13":"product-type-variable"},"_links":{"self":[{"href":"https:\/\/artsvisuelsgatineau.com\/fr\/wp-json\/wp\/v2\/product\/3501","targetHints":{"allow":["GET"]}}],"collection":[{"href":"https:\/\/artsvisuelsgatineau.com\/fr\/wp-json\/wp\/v2\/product"}],"about":[{"href":"https:\/\/artsvisuelsgatineau.com\/fr\/wp-json\/wp\/v2\/types\/product"}],"wp:featuredmedia":[{"embeddable":true,"href":"https:\/\/artsvisuelsgatineau.com\/fr\/wp-json\/wp\/v2\/media\/3507"}],"wp:attachment":[{"href":"https:\/\/artsvisuelsgatineau.com\/fr\/wp-json\/wp\/v2\/media?parent=3501"}],"wp:term":[{"taxonomy":"product_brand","embeddable":true,"href":"https:\/\/artsvisuelsgatineau.com\/fr\/wp-json\/wp\/v2\/product_brand?post=3501"},{"taxonomy":"product_cat","embeddable":true,"href":"https:\/\/artsvisuelsgatineau.com\/fr\/wp-json\/wp\/v2\/product_cat?post=3501"},{"taxonomy":"product_tag","embeddable":true,"href":"https:\/\/artsvisuelsgatineau.com\/fr\/wp-json\/wp\/v2\/product_tag?post=3501"}],"curies":[{"name":"wp","href":"https:\/\/api.w.org\/{rel}","templated":true}]}}