{"id":3510,"date":"2026-03-13T10:00:37","date_gmt":"2026-03-13T14:00:37","guid":{"rendered":"https:\/\/artsvisuelsgatineau.com\/?post_type=product&#038;p=3510"},"modified":"2026-03-14T11:32:46","modified_gmt":"2026-03-14T15:32:46","slug":"cafe-decouverte-marcelle-chabot","status":"publish","type":"product","link":"https:\/\/artsvisuelsgatineau.com\/fr\/produit\/cafe-decouverte-marcelle-chabot\/","title":{"rendered":"Caf\u00e9 d\u00e9couverte &#8211; Marcelle Chabot"},"content":{"rendered":"<h1>\u00ab Urban Sketching \u00bb : Croquer la ville, saisir la vie<\/h1>\n<p>Les jours de beau temps, n\u2019avez-vous jamais crois\u00e9 un petit groupe de personnes dans une place publique ou au coin d\u2019une rue, carnet et crayon \u00e0 la main, occup\u00e9es \u00e0 saisir les sc\u00e8nes et les lieux qui les entourent ? Vous avez peut-\u00eatre alors assist\u00e9 \u00e0 une s\u00e9ance d\u2019<em>urban sketching<\/em>.<\/p>\n<p>L\u2019<em>urban sketching <\/em>(en fran\u00e7ais rando-croquis ou croquis urbain) n\u2019est pas seulement une pratique de dessin r\u00e9alis\u00e9e sur le vif, c\u2019est aussi un v\u00e9ritable mouvement artistique qui rassemble des artistes d\u00e9butants comme exp\u00e9riment\u00e9s autour d\u2019un m\u00eame geste d\u2019observation. Ce mouvement s\u2019est structur\u00e9 autour de l\u2019organisation internationale Urban Sketchers, qui d\u00e9fend une id\u00e9e simple: dessiner d\u2019apr\u00e8s observation directe et raconter le monde un croquis \u00e0 la fois, transformant ainsi l\u2019espace public en atelier temporaire.<\/p>\n<p>Dans cette pr\u00e9sentation, enrichie par de nombreuses illustrations, nous aborderons les origines de ce mouvement, son d\u00e9veloppement r\u00e9cent et la place qu\u2019il occupe aujourd\u2019hui dans l\u2019univers des arts graphiques.<\/p>\n<p><strong>Public :<\/strong>\u00a0ouvert \u00e0 tous les niveaux<\/p>\n<p><strong>Lieu :\u00a0<\/strong>Chalet Jean-Ch\u00e9nier, 515, rue Jean-Ch\u00e9nier, (secteur d\u2019Aylmer)<\/p>\n<p><strong>Date : \u00a0Le mercredi 15 avril 2026<\/strong><\/p>\n<p><strong>Heures :<\/strong>\u00a019 h \u00e0 21 h<\/p>\n<p><strong>Cette pr\u00e9sentation est offerte en fran\u00e7ais, mais la pr\u00e9sentatrice est bilingue.<\/strong><\/p>\n<p><strong>Minimum de 11 participants.<\/strong><\/p>\n<p><strong>Co\u00fbt pour les membres : 5$ pour les membres (6$ pour les non-membres<\/strong><\/p>\n<h1>\u00c0 propos de la pr\u00e9sentatrice\u00a0:<\/h1>\n<p>Principalement autodidacte, Marcelle Chabot pratique activement le croquis urbain dans la r\u00e9gion comme dans ses d\u00e9placements. Aujourd\u2019hui retrait\u00e9e apr\u00e8s une riche carri\u00e8re dans la recherche et les politiques publiques, elle aborde l\u2019espace avec le m\u00eame regard analytique, d\u00e9sormais d\u00e9plac\u00e9 vers la lumi\u00e8re, les lignes et les rythmes de la rue. Elle se forme notamment en dessin acad\u00e9mique et en aquarelle. Elle est membre du comit\u00e9 d\u2019administration du chapitre r\u00e9gional Ottawa Urban Sketchers.<\/p>\n","protected":false},"excerpt":{"rendered":"<p>\u00ab Urban Sketching \u00bb : Croquer la ville, saisir la vie Les jours de beau temps, n\u2019avez-vous jamais crois\u00e9 un petit groupe de personnes&hellip;<\/p>\n","protected":false},"featured_media":2540,"template":"","meta":[],"product_brand":[],"product_cat":[43,75],"product_tag":[],"class_list":{"0":"post-3510","1":"product","2":"type-product","3":"status-publish","4":"has-post-thumbnail","6":"product_cat-ateliers","7":"product_cat-cafe-decouverte","9":"first","10":"instock","11":"purchasable","12":"product-type-variable","13":"has-default-attributes"},"_links":{"self":[{"href":"https:\/\/artsvisuelsgatineau.com\/fr\/wp-json\/wp\/v2\/product\/3510","targetHints":{"allow":["GET"]}}],"collection":[{"href":"https:\/\/artsvisuelsgatineau.com\/fr\/wp-json\/wp\/v2\/product"}],"about":[{"href":"https:\/\/artsvisuelsgatineau.com\/fr\/wp-json\/wp\/v2\/types\/product"}],"wp:featuredmedia":[{"embeddable":true,"href":"https:\/\/artsvisuelsgatineau.com\/fr\/wp-json\/wp\/v2\/media\/2540"}],"wp:attachment":[{"href":"https:\/\/artsvisuelsgatineau.com\/fr\/wp-json\/wp\/v2\/media?parent=3510"}],"wp:term":[{"taxonomy":"product_brand","embeddable":true,"href":"https:\/\/artsvisuelsgatineau.com\/fr\/wp-json\/wp\/v2\/product_brand?post=3510"},{"taxonomy":"product_cat","embeddable":true,"href":"https:\/\/artsvisuelsgatineau.com\/fr\/wp-json\/wp\/v2\/product_cat?post=3510"},{"taxonomy":"product_tag","embeddable":true,"href":"https:\/\/artsvisuelsgatineau.com\/fr\/wp-json\/wp\/v2\/product_tag?post=3510"}],"curies":[{"name":"wp","href":"https:\/\/api.w.org\/{rel}","templated":true}]}}