{"id":3521,"date":"2026-03-13T09:57:13","date_gmt":"2026-03-13T13:57:13","guid":{"rendered":"https:\/\/artsvisuelsgatineau.com\/?post_type=product&#038;p=3521"},"modified":"2026-03-23T11:38:22","modified_gmt":"2026-03-23T15:38:22","slug":"cafe-decouverte-claire-morissette","status":"publish","type":"product","link":"https:\/\/artsvisuelsgatineau.com\/fr\/produit\/cafe-decouverte-claire-morissette\/","title":{"rendered":"Caf\u00e9 d\u00e9couverte &#8211; Claire Morissette"},"content":{"rendered":"<p>Claire Morissette nous pr\u00e9sentera <strong>Caroline Monnet, artiste international, native de chez nous<\/strong>.<\/p>\n<p>D\u2019origine autochtone par sa m\u00e8re et fran\u00e7aise par son p\u00e8re, Caroline Monnet est une artiste contemporaine, native de l\u2019Outaouais. Ayant\u00a0\u00e0 son actif plus\u00a0de 50\u00a0expositions individuelles et 60\u00a0expositions collectives, elle fait l\u2019objet d\u2019une belle visibilit\u00e9 tant au Canada qu\u2019\u00e0 l\u2019international.\u00a0\u00c0 travers ses films et sa pratique en arts visuels, elle porte un regard sur des sujets de soci\u00e9t\u00e9 comme l\u2019assimilation, l\u2019identit\u00e9 autochtone, la crise du logement et l\u2019environnement, mais elle met aussi de l\u2019avant des messages d\u2019espoir et de fiert\u00e9.<\/p>\n<p><strong>Niveau\u00a0: Cette pr\u00e9sentation s&#8217;adresse \u00e0 tous les niveaux<\/strong><\/p>\n<p><strong>Lieu\u00a0: Chalet Jean-Ch\u00e9nier, 515 rue Jean-Ch\u00e9nier (secteur Aylmer)<\/strong><\/p>\n<p><strong>Dates\u00a0: <\/strong><strong>Mercredi le 6 mai 2026<\/strong><\/p>\n<p><strong>Heures : 19 h \u00e0 21 h <\/strong><\/p>\n<p><strong>Cette pr\u00e9sentation est offerte en fran\u00e7ais<\/strong><strong>, mais notre pr\u00e9sentatrice est bilingue.<\/strong><\/p>\n<p><strong>Minimum de 11 participants.<\/strong><\/p>\n<p><strong>Co\u00fbt pour les membres: 5 $ (co\u00fbt pour les non-membres: 6 $)<\/strong><\/p>\n<p><strong>\u00c0 propos de la pr\u00e9sentatrice\u00a0: <\/strong>Claire Morissette is passionate about art. Elle est activement impliqu\u00e9e dans l\u2019organisation des conf\u00e9rences du Groupe d\u2019appr\u00e9ciation de l\u2019art de la Corporation des ain\u00e9es de la cabane en bois rond. Claire y a livr\u00e9 plusieurs conf\u00e9rences qui portent \u00e0 la d\u00e9couverte du monde artistique, dans un cadre de rigueur et de dynamisme.<\/p>\n","protected":false},"excerpt":{"rendered":"<p>Claire Morissette nous pr\u00e9sentera Caroline Monnet, artiste international, native de chez nous. D\u2019origine autochtone par sa m\u00e8re et fran\u00e7aise par son p\u00e8re, Caroline Monnet&hellip;<\/p>\n","protected":false},"featured_media":2540,"template":"","meta":[],"product_brand":[],"product_cat":[43,75],"product_tag":[],"class_list":{"0":"post-3521","1":"product","2":"type-product","3":"status-publish","4":"has-post-thumbnail","6":"product_cat-ateliers","7":"product_cat-cafe-decouverte","9":"first","10":"instock","11":"purchasable","12":"product-type-variable","13":"has-default-attributes"},"_links":{"self":[{"href":"https:\/\/artsvisuelsgatineau.com\/fr\/wp-json\/wp\/v2\/product\/3521","targetHints":{"allow":["GET"]}}],"collection":[{"href":"https:\/\/artsvisuelsgatineau.com\/fr\/wp-json\/wp\/v2\/product"}],"about":[{"href":"https:\/\/artsvisuelsgatineau.com\/fr\/wp-json\/wp\/v2\/types\/product"}],"wp:featuredmedia":[{"embeddable":true,"href":"https:\/\/artsvisuelsgatineau.com\/fr\/wp-json\/wp\/v2\/media\/2540"}],"wp:attachment":[{"href":"https:\/\/artsvisuelsgatineau.com\/fr\/wp-json\/wp\/v2\/media?parent=3521"}],"wp:term":[{"taxonomy":"product_brand","embeddable":true,"href":"https:\/\/artsvisuelsgatineau.com\/fr\/wp-json\/wp\/v2\/product_brand?post=3521"},{"taxonomy":"product_cat","embeddable":true,"href":"https:\/\/artsvisuelsgatineau.com\/fr\/wp-json\/wp\/v2\/product_cat?post=3521"},{"taxonomy":"product_tag","embeddable":true,"href":"https:\/\/artsvisuelsgatineau.com\/fr\/wp-json\/wp\/v2\/product_tag?post=3521"}],"curies":[{"name":"wp","href":"https:\/\/api.w.org\/{rel}","templated":true}]}}